{"id":1654,"date":"2025-08-15T12:41:50","date_gmt":"2025-08-15T12:41:50","guid":{"rendered":"https:\/\/copernicus.gis.is\/homepage\/?page_id=1654"},"modified":"2026-02-20T14:18:39","modified_gmt":"2026-02-20T14:18:39","slug":"blue-north","status":"publish","type":"page","link":"https:\/\/copernicus.gis.is\/homepage\/index.php\/copernicus-in-iceland\/copernicus-marine-en\/blue-north\/","title":{"rendered":"Blue North Project"},"content":{"rendered":"\n<figure class=\"wp-block-image aligncenter size-full is-style-default wp-duotone-unset-1\"><img loading=\"lazy\" decoding=\"async\" width=\"1024\" height=\"1024\" src=\"https:\/\/copernicus.gis.is\/homepage\/wp-content\/uploads\/2025\/08\/BlueNorthLogo.png\" alt=\"Credit: Marco Pizzolato\" class=\"wp-image-1664\" srcset=\"https:\/\/copernicus.gis.is\/homepage\/wp-content\/uploads\/2025\/08\/BlueNorthLogo.png 1024w, https:\/\/copernicus.gis.is\/homepage\/wp-content\/uploads\/2025\/08\/BlueNorthLogo-300x300.png 300w, https:\/\/copernicus.gis.is\/homepage\/wp-content\/uploads\/2025\/08\/BlueNorthLogo-150x150.png 150w, https:\/\/copernicus.gis.is\/homepage\/wp-content\/uploads\/2025\/08\/BlueNorthLogo-768x768.png 768w\" sizes=\"auto, (max-width: 1024px) 100vw, 1024px\" \/><\/figure>\n\n\n\n<h2 class=\"wp-block-heading has-text-align-center\">About<\/h2>\n\n\n\n<p class=\"has-text-align-center\">Launched in June 2025, <em>Blue North<\/em> is Iceland\u2019s first project under the Copernicus Marine National Collaboration Programme (Lot 3) implemented by Mercator Ocean International. Lead by the University of Iceland in collaboration with the Natural Science Institute of Iceland and the Icelandic Ocean Cluster.<\/p>\n\n\n\n<p class=\"has-text-align-center\">It aims to boost marine data literacy and user engagement, supporting national implementation of EU policies.  Activities include:<\/p>\n\n\n\n<div class=\"wp-block-group alignfull is-content-justification-center is-nowrap is-layout-flex wp-container-core-group-is-layout-23441af8 wp-block-group-is-layout-flex\">\n<div class=\"wp-block-group alignwide is-content-justification-center is-layout-flex wp-container-core-group-is-layout-b02886af wp-block-group-is-layout-flex\">\n<div class=\"wp-block-group is-layout-constrained wp-block-group-is-layout-constrained\">\n<figure class=\"wp-block-image aligncenter size-full is-resized has-custom-border is-style-rounded wp-duotone-unset-2\"><img loading=\"lazy\" decoding=\"async\" width=\"1948\" height=\"1980\" src=\"https:\/\/copernicus.gis.is\/homepage\/wp-content\/uploads\/2025\/08\/Logo.png\" alt=\"Credit: Marco Pizzolato\" class=\"wp-image-1570\" style=\"border-radius:200px;object-fit:cover;width:250px;height:250px\" srcset=\"https:\/\/copernicus.gis.is\/homepage\/wp-content\/uploads\/2025\/08\/Logo.png 1948w, https:\/\/copernicus.gis.is\/homepage\/wp-content\/uploads\/2025\/08\/Logo-295x300.png 295w, https:\/\/copernicus.gis.is\/homepage\/wp-content\/uploads\/2025\/08\/Logo-1007x1024.png 1007w, https:\/\/copernicus.gis.is\/homepage\/wp-content\/uploads\/2025\/08\/Logo-768x781.png 768w, https:\/\/copernicus.gis.is\/homepage\/wp-content\/uploads\/2025\/08\/Logo-1511x1536.png 1511w\" sizes=\"auto, (max-width: 1948px) 100vw, 1948px\" \/><\/figure>\n\n\n\n<p class=\"has-text-align-center has-large-font-size\"><strong>User Forum<\/strong><\/p>\n<\/div>\n\n\n\n<div class=\"wp-block-group is-layout-constrained wp-block-group-is-layout-constrained\">\n<figure class=\"wp-block-image aligncenter size-full is-resized is-style-rounded wp-duotone-unset-3\"><img loading=\"lazy\" decoding=\"async\" width=\"1025\" height=\"1024\" src=\"https:\/\/copernicus.gis.is\/homepage\/wp-content\/uploads\/2025\/08\/InternationalSeminarExample-credit-edited.png\" alt=\"Credit: ChatGPT\" class=\"wp-image-1808\" style=\"object-fit:cover;width:250px;height:250px\" srcset=\"https:\/\/copernicus.gis.is\/homepage\/wp-content\/uploads\/2025\/08\/InternationalSeminarExample-credit-edited.png 1025w, https:\/\/copernicus.gis.is\/homepage\/wp-content\/uploads\/2025\/08\/InternationalSeminarExample-credit-edited-300x300.png 300w, https:\/\/copernicus.gis.is\/homepage\/wp-content\/uploads\/2025\/08\/InternationalSeminarExample-credit-edited-150x150.png 150w, https:\/\/copernicus.gis.is\/homepage\/wp-content\/uploads\/2025\/08\/InternationalSeminarExample-credit-edited-768x767.png 768w\" sizes=\"auto, (max-width: 1025px) 100vw, 1025px\" \/><\/figure>\n\n\n\n<p class=\"has-text-align-center has-large-font-size\"><strong>International Seminar<\/strong><\/p>\n<\/div>\n\n\n\n<div class=\"wp-block-group is-layout-constrained wp-block-group-is-layout-constrained\">\n<figure class=\"wp-block-image aligncenter size-large is-resized is-style-rounded wp-duotone-unset-4\"><img loading=\"lazy\" decoding=\"async\" width=\"1024\" height=\"1024\" src=\"https:\/\/copernicus.gis.is\/homepage\/wp-content\/uploads\/2025\/08\/20241003_103515-edited-1024x1024.jpg\" alt=\"Credit: Lilja Laufey Dav\u00ed\u00f0sd\u00f3ttir\" class=\"wp-image-1687\" style=\"object-fit:cover;width:250px;height:250px\" srcset=\"https:\/\/copernicus.gis.is\/homepage\/wp-content\/uploads\/2025\/08\/20241003_103515-edited-1024x1024.jpg 1024w, https:\/\/copernicus.gis.is\/homepage\/wp-content\/uploads\/2025\/08\/20241003_103515-edited-300x300.jpg 300w, https:\/\/copernicus.gis.is\/homepage\/wp-content\/uploads\/2025\/08\/20241003_103515-edited-150x150.jpg 150w, https:\/\/copernicus.gis.is\/homepage\/wp-content\/uploads\/2025\/08\/20241003_103515-edited-768x768.jpg 768w, https:\/\/copernicus.gis.is\/homepage\/wp-content\/uploads\/2025\/08\/20241003_103515-edited-1536x1536.jpg 1536w, https:\/\/copernicus.gis.is\/homepage\/wp-content\/uploads\/2025\/08\/20241003_103515-edited-2048x2048.jpg 2048w\" sizes=\"auto, (max-width: 1024px) 100vw, 1024px\" \/><\/figure>\n\n\n\n<p class=\"has-text-align-center has-large-font-size\"><strong>Training Workshop<\/strong><\/p>\n<\/div>\n\n\n\n<div class=\"wp-block-group is-layout-constrained wp-block-group-is-layout-constrained\">\n<figure class=\"wp-block-image size-large is-resized has-custom-border is-style-default wp-duotone-unset-5\"><img loading=\"lazy\" decoding=\"async\" width=\"1024\" height=\"1024\" src=\"https:\/\/copernicus.gis.is\/homepage\/wp-content\/uploads\/2025\/08\/Winners-edited-1-1024x1024.jpg\" alt=\"Credit: Benedek Regoczi\" class=\"wp-image-1810\" style=\"border-radius:200px;object-fit:cover;width:250px;height:250px\" srcset=\"https:\/\/copernicus.gis.is\/homepage\/wp-content\/uploads\/2025\/08\/Winners-edited-1-1024x1024.jpg 1024w, https:\/\/copernicus.gis.is\/homepage\/wp-content\/uploads\/2025\/08\/Winners-edited-1-300x300.jpg 300w, https:\/\/copernicus.gis.is\/homepage\/wp-content\/uploads\/2025\/08\/Winners-edited-1-150x150.jpg 150w, https:\/\/copernicus.gis.is\/homepage\/wp-content\/uploads\/2025\/08\/Winners-edited-1-768x768.jpg 768w, https:\/\/copernicus.gis.is\/homepage\/wp-content\/uploads\/2025\/08\/Winners-edited-1-1536x1536.jpg 1536w, https:\/\/copernicus.gis.is\/homepage\/wp-content\/uploads\/2025\/08\/Winners-edited-1-2048x2048.jpg 2048w\" sizes=\"auto, (max-width: 1024px) 100vw, 1024px\" \/><\/figure>\n\n\n\n<p class=\"has-text-align-center has-large-font-size\"><strong>Ocean Hackathon<\/strong><\/p>\n<\/div>\n<\/div>\n<\/div>\n\n\n\n<p class=\"has-text-align-center\">These initiatives build capacity, foster innovation, and promote access to marine data for sustainable fisheries, coastal monitoring, and ocean governance. Blue North Project strengthens Iceland\u2019s position within the Copernicus community and enhances the national material with Icelandic-language resources and real-world marine applications.<\/p>\n\n\n\n<div class=\"wp-block-buttons is-content-justification-center is-layout-flex wp-container-core-buttons-is-layout-a89b3969 wp-block-buttons-is-layout-flex\">\n<div class=\"wp-block-button\"><a class=\"wp-block-button__link has-foreground-color has-text-color has-link-color wp-element-button\" href=\"https:\/\/marine.copernicus.eu\/services\/user-engagement?area=All&amp;country=All&amp;period=All&amp;text=iceland\" style=\"border-radius:100px\" target=\"_blank\" rel=\"noreferrer noopener\"><strong>Find out more<\/strong><\/a><\/div>\n<\/div>\n\n\n\n<hr class=\"wp-block-separator has-alpha-channel-opacity is-style-dots\"\/>\n\n\n\n<h2 class=\"wp-block-heading has-text-align-center\">Upcoming Events<\/h2>\n\n\n\n<div class=\"wp-block-media-text alignwide is-stacked-on-mobile is-vertically-aligned-center\" style=\"grid-template-columns:26% auto\"><figure class=\"wp-block-media-text__media\"><img loading=\"lazy\" decoding=\"async\" width=\"1024\" height=\"1024\" src=\"https:\/\/copernicus.gis.is\/homepage\/wp-content\/uploads\/2025\/08\/20241003_103515-edited-1024x1024.jpg\" alt=\"Credit: Lilja Laufey Dav\u00ed\u00f0sd\u00f3ttir\" class=\"wp-image-1687 size-full\" srcset=\"https:\/\/copernicus.gis.is\/homepage\/wp-content\/uploads\/2025\/08\/20241003_103515-edited-1024x1024.jpg 1024w, https:\/\/copernicus.gis.is\/homepage\/wp-content\/uploads\/2025\/08\/20241003_103515-edited-300x300.jpg 300w, https:\/\/copernicus.gis.is\/homepage\/wp-content\/uploads\/2025\/08\/20241003_103515-edited-150x150.jpg 150w, https:\/\/copernicus.gis.is\/homepage\/wp-content\/uploads\/2025\/08\/20241003_103515-edited-768x768.jpg 768w, https:\/\/copernicus.gis.is\/homepage\/wp-content\/uploads\/2025\/08\/20241003_103515-edited-1536x1536.jpg 1536w, https:\/\/copernicus.gis.is\/homepage\/wp-content\/uploads\/2025\/08\/20241003_103515-edited-2048x2048.jpg 2048w\" sizes=\"auto, (max-width: 1024px) 100vw, 1024px\" \/><\/figure><div class=\"wp-block-media-text__content\">\n<h5 class=\"wp-block-heading\"><strong>National Training Workshop<\/strong><\/h5>\n\n\n\n<p><strong>Description<\/strong>: Coming soon<\/p>\n\n\n\n<p class=\"has-medium-font-size\"><strong>Date &amp; Time:<\/strong> Coming soon<\/p>\n\n\n\n<p><strong>Location<\/strong>: Coming soon<\/p>\n\n\n\n<div class=\"wp-block-buttons is-content-justification-left is-layout-flex wp-container-core-buttons-is-layout-fc4fd283 wp-block-buttons-is-layout-flex\">\n<div class=\"wp-block-button\"><a class=\"wp-block-button__link has-foreground-color has-text-color has-link-color wp-element-button\" style=\"border-radius:100px\"><strong>Register<\/strong><\/a><\/div>\n\n\n\n<div class=\"wp-block-button\"><a class=\"wp-block-button__link has-foreground-color has-text-color has-link-color wp-element-button\" style=\"border-radius:100px\"><strong>Add to Calendar<\/strong><\/a><\/div>\n<\/div>\n<\/div><\/div>\n\n\n\n<div style=\"height:30px\" aria-hidden=\"true\" class=\"wp-block-spacer\"><\/div>\n\n\n\n<div class=\"wp-block-media-text alignwide is-stacked-on-mobile is-vertically-aligned-center\" style=\"grid-template-columns:26% auto\"><figure class=\"wp-block-media-text__media\"><img loading=\"lazy\" decoding=\"async\" width=\"1024\" height=\"1024\" src=\"https:\/\/copernicus.gis.is\/homepage\/wp-content\/uploads\/2025\/08\/Winners-edited-1-1024x1024.jpg\" alt=\"Credit: Benedek Regoczi\" class=\"wp-image-1810 size-full\" srcset=\"https:\/\/copernicus.gis.is\/homepage\/wp-content\/uploads\/2025\/08\/Winners-edited-1-1024x1024.jpg 1024w, https:\/\/copernicus.gis.is\/homepage\/wp-content\/uploads\/2025\/08\/Winners-edited-1-300x300.jpg 300w, https:\/\/copernicus.gis.is\/homepage\/wp-content\/uploads\/2025\/08\/Winners-edited-1-150x150.jpg 150w, https:\/\/copernicus.gis.is\/homepage\/wp-content\/uploads\/2025\/08\/Winners-edited-1-768x768.jpg 768w, https:\/\/copernicus.gis.is\/homepage\/wp-content\/uploads\/2025\/08\/Winners-edited-1-1536x1536.jpg 1536w, https:\/\/copernicus.gis.is\/homepage\/wp-content\/uploads\/2025\/08\/Winners-edited-1-2048x2048.jpg 2048w\" sizes=\"auto, (max-width: 1024px) 100vw, 1024px\" \/><\/figure><div class=\"wp-block-media-text__content\">\n<h5 class=\"wp-block-heading\"><strong>Copernicus Ocean Hackathon<\/strong><\/h5>\n\n\n\n<p class=\"has-medium-font-size\"><strong>Description<\/strong>: Coming soon<\/p>\n\n\n\n<p class=\"has-medium-font-size\"><strong>Date &amp; Time:<\/strong> Coming soon<\/p>\n\n\n\n<p class=\"has-medium-font-size\"><strong>Location<\/strong>: Coming soon<\/p>\n\n\n\n<div class=\"wp-block-buttons is-content-justification-left is-layout-flex wp-container-core-buttons-is-layout-fc4fd283 wp-block-buttons-is-layout-flex\">\n<div class=\"wp-block-button\"><a class=\"wp-block-button__link has-foreground-color has-text-color has-link-color wp-element-button\" style=\"border-radius:100px\"><strong>Register<\/strong><\/a><\/div>\n\n\n\n<div class=\"wp-block-button\"><a class=\"wp-block-button__link has-foreground-color has-text-color has-link-color wp-element-button\" style=\"border-radius:100px\"><strong>Add to Calendar<\/strong><\/a><\/div>\n<\/div>\n<\/div><\/div>\n\n\n\n<div style=\"height:50px\" aria-hidden=\"true\" class=\"wp-block-spacer\"><\/div>\n\n\n\n<hr class=\"wp-block-separator has-alpha-channel-opacity is-style-dots\"\/>\n\n\n\n<h2 class=\"wp-block-heading has-text-align-center\">Past Events<\/h2>\n\n\n\n<div class=\"wp-block-media-text alignwide is-stacked-on-mobile is-vertically-aligned-center\" style=\"grid-template-columns:26% auto\"><figure class=\"wp-block-media-text__media\"><a href=\"https:\/\/copernicus.gis.is\/homepage\/index.php\/copernicus-in-iceland\/copernicus-marine-en\/copernicus-marine-user-forum-iceland\/\"><img loading=\"lazy\" decoding=\"async\" width=\"1007\" height=\"1024\" src=\"https:\/\/copernicus.gis.is\/homepage\/wp-content\/uploads\/2025\/08\/Logo-1007x1024.png\" alt=\"Credit: Marco Pizzolato\" class=\"wp-image-1570 size-full\" srcset=\"https:\/\/copernicus.gis.is\/homepage\/wp-content\/uploads\/2025\/08\/Logo-1007x1024.png 1007w, https:\/\/copernicus.gis.is\/homepage\/wp-content\/uploads\/2025\/08\/Logo-295x300.png 295w, https:\/\/copernicus.gis.is\/homepage\/wp-content\/uploads\/2025\/08\/Logo-768x781.png 768w, https:\/\/copernicus.gis.is\/homepage\/wp-content\/uploads\/2025\/08\/Logo-1511x1536.png 1511w, https:\/\/copernicus.gis.is\/homepage\/wp-content\/uploads\/2025\/08\/Logo.png 1948w\" sizes=\"auto, (max-width: 1007px) 100vw, 1007px\" \/><\/a><\/figure><div class=\"wp-block-media-text__content\">\n<h5 class=\"wp-block-heading\"><strong>Copernicus Marine User Forum<\/strong><\/h5>\n\n\n\n<p><strong>Description<\/strong>: Event to discuss, learn and exchange about Copernicus Marine, marine data, applications and future trends. <\/p>\n\n\n\n<p class=\"has-medium-font-size\"><strong>Date &amp; Time:<\/strong> 19th February 2026 from 12:15 &#8211; 16:30<\/p>\n\n\n\n<p><strong>Location<\/strong>: Grandagar\u00f0ur 16, 101 Reykjav\u00edk, Iceland<\/p>\n\n\n\n<div class=\"wp-block-buttons is-layout-flex wp-block-buttons-is-layout-flex\">\n<div class=\"wp-block-button\"><a class=\"wp-block-button__link has-foreground-color has-cyan-bluish-gray-background-color has-text-color has-background has-link-color wp-element-button\" style=\"border-top-left-radius:100px;border-top-right-radius:100px;border-bottom-left-radius:100px;border-bottom-right-radius:100px\"><strong>Registration closed<\/strong><\/a><\/div>\n\n\n\n<div class=\"wp-block-button\"><a class=\"wp-block-button__link has-foreground-color has-primary-background-color has-text-color has-background has-link-color wp-element-button\" href=\"https:\/\/copernicus.gis.is\/homepage\/index.php\/2026\/02\/20\/copernicus-marine-user-forum-iceland-held-at-the-iceland-ocean-cluster\/\" style=\"border-top-left-radius:100px;border-top-right-radius:100px;border-bottom-left-radius:100px;border-bottom-right-radius:100px\"><strong>News about the event<\/strong><\/a><\/div>\n<\/div>\n\n\n\n<p>No worries if you missed the event, it was recorded.<\/p>\n\n\n\n<div class=\"wp-block-buttons is-layout-flex wp-block-buttons-is-layout-flex\">\n<div class=\"wp-block-button\"><a class=\"wp-block-button__link has-foreground-color has-text-color has-link-color wp-element-button\" href=\"https:\/\/www.youtube.com\/watch?v=evcK-Jg_74w\" style=\"border-top-left-radius:100px;border-top-right-radius:100px;border-bottom-left-radius:100px;border-bottom-right-radius:100px\"><strong>Recording of the event<\/strong><\/a><\/div>\n<\/div>\n<\/div><\/div>\n\n\n\n<div style=\"height:30px\" aria-hidden=\"true\" class=\"wp-block-spacer\"><\/div>\n\n\n\n<hr class=\"wp-block-separator has-alpha-channel-opacity is-style-dots\"\/>\n\n\n\n<h2 class=\"wp-block-heading has-text-align-center\">Partners<\/h2>\n\n\n\n<div class=\"wp-block-group alignwide is-content-justification-center is-nowrap is-layout-flex wp-container-core-group-is-layout-23441af8 wp-block-group-is-layout-flex\">\n<figure class=\"wp-block-image size-large wp-duotone-unset-6\"><img loading=\"lazy\" decoding=\"async\" width=\"1024\" height=\"293\" src=\"https:\/\/copernicus.gis.is\/homepage\/wp-content\/uploads\/2025\/01\/NATT_Main_Logo_EN_Color_RGB_5443x1200px-1024x293.png\" alt=\"\" class=\"wp-image-839\" srcset=\"https:\/\/copernicus.gis.is\/homepage\/wp-content\/uploads\/2025\/01\/NATT_Main_Logo_EN_Color_RGB_5443x1200px-1024x293.png 1024w, https:\/\/copernicus.gis.is\/homepage\/wp-content\/uploads\/2025\/01\/NATT_Main_Logo_EN_Color_RGB_5443x1200px-300x86.png 300w, https:\/\/copernicus.gis.is\/homepage\/wp-content\/uploads\/2025\/01\/NATT_Main_Logo_EN_Color_RGB_5443x1200px-768x220.png 768w, https:\/\/copernicus.gis.is\/homepage\/wp-content\/uploads\/2025\/01\/NATT_Main_Logo_EN_Color_RGB_5443x1200px-1536x440.png 1536w, https:\/\/copernicus.gis.is\/homepage\/wp-content\/uploads\/2025\/01\/NATT_Main_Logo_EN_Color_RGB_5443x1200px-2048x586.png 2048w\" sizes=\"auto, (max-width: 1024px) 100vw, 1024px\" \/><\/figure>\n\n\n\n<figure class=\"wp-block-image size-large wp-duotone-unset-7\"><img loading=\"lazy\" decoding=\"async\" width=\"1024\" height=\"406\" src=\"https:\/\/copernicus.gis.is\/homepage\/wp-content\/uploads\/2025\/08\/University-of-Iceland-HVITT-1024x406.png\" alt=\"University of Iceland Logo\" class=\"wp-image-1556\" srcset=\"https:\/\/copernicus.gis.is\/homepage\/wp-content\/uploads\/2025\/08\/University-of-Iceland-HVITT-1024x406.png 1024w, https:\/\/copernicus.gis.is\/homepage\/wp-content\/uploads\/2025\/08\/University-of-Iceland-HVITT-300x119.png 300w, https:\/\/copernicus.gis.is\/homepage\/wp-content\/uploads\/2025\/08\/University-of-Iceland-HVITT-768x304.png 768w, https:\/\/copernicus.gis.is\/homepage\/wp-content\/uploads\/2025\/08\/University-of-Iceland-HVITT-1536x609.png 1536w, https:\/\/copernicus.gis.is\/homepage\/wp-content\/uploads\/2025\/08\/University-of-Iceland-HVITT.png 1736w\" sizes=\"auto, (max-width: 1024px) 100vw, 1024px\" \/><\/figure>\n\n\n\n<figure class=\"wp-block-image size-full is-resized wp-duotone-unset-8\"><img loading=\"lazy\" decoding=\"async\" width=\"98\" height=\"97\" src=\"https:\/\/copernicus.gis.is\/homepage\/wp-content\/uploads\/2025\/01\/OceanCluster.png\" alt=\"Icelandic Ocean Cluster Logo\" class=\"wp-image-828\" style=\"width:123px;height:auto\"\/><\/figure>\n<\/div>\n\n\n\n<hr class=\"wp-block-separator has-alpha-channel-opacity is-style-dots\"\/>\n\n\n\n<h2 class=\"wp-block-heading has-text-align-center\">Sponsors<\/h2>\n\n\n\n<div class=\"wp-block-group alignfull is-nowrap is-layout-flex wp-container-core-group-is-layout-6c531013 wp-block-group-is-layout-flex\">\n<div style=\"height:100px;width:0px\" aria-hidden=\"true\" class=\"wp-block-spacer wp-container-content-6388d5dc\"><\/div>\n\n\n\n<figure class=\"wp-block-image size-full wp-duotone-unset-9\"><img loading=\"lazy\" decoding=\"async\" width=\"2560\" height=\"255\" src=\"https:\/\/copernicus.gis.is\/homepage\/wp-content\/uploads\/2026\/01\/CMEMS-Logo-scaled.png\" alt=\"\" class=\"wp-image-2380\" srcset=\"https:\/\/copernicus.gis.is\/homepage\/wp-content\/uploads\/2026\/01\/CMEMS-Logo-scaled.png 2560w, https:\/\/copernicus.gis.is\/homepage\/wp-content\/uploads\/2026\/01\/CMEMS-Logo-300x30.png 300w, https:\/\/copernicus.gis.is\/homepage\/wp-content\/uploads\/2026\/01\/CMEMS-Logo-1024x102.png 1024w, https:\/\/copernicus.gis.is\/homepage\/wp-content\/uploads\/2026\/01\/CMEMS-Logo-768x77.png 768w, https:\/\/copernicus.gis.is\/homepage\/wp-content\/uploads\/2026\/01\/CMEMS-Logo-1536x153.png 1536w, https:\/\/copernicus.gis.is\/homepage\/wp-content\/uploads\/2026\/01\/CMEMS-Logo-2048x204.png 2048w\" sizes=\"auto, (max-width: 2560px) 100vw, 2560px\" \/><\/figure>\n<\/div>\n\n\n\n<p><\/p>\n","protected":false},"excerpt":{"rendered":"<p>About Launched in June 2025, Blue North is Iceland\u2019s first project under the Copernicus Marine National Collaboration Programme (Lot 3) implemented by Mercator Ocean International. Lead by the University of Iceland in collaboration with the Natural Science Institute of Iceland and the Icelandic Ocean Cluster. It aims to boost marine data literacy and user engagement, [&hellip;]<\/p>\n","protected":false},"author":4,"featured_media":0,"parent":1447,"menu_order":0,"comment_status":"closed","ping_status":"closed","template":"","meta":{"footnotes":""},"class_list":["post-1654","page","type-page","status-publish","hentry"],"_links":{"self":[{"href":"https:\/\/copernicus.gis.is\/homepage\/index.php\/wp-json\/wp\/v2\/pages\/1654","targetHints":{"allow":["GET"]}}],"collection":[{"href":"https:\/\/copernicus.gis.is\/homepage\/index.php\/wp-json\/wp\/v2\/pages"}],"about":[{"href":"https:\/\/copernicus.gis.is\/homepage\/index.php\/wp-json\/wp\/v2\/types\/page"}],"author":[{"embeddable":true,"href":"https:\/\/copernicus.gis.is\/homepage\/index.php\/wp-json\/wp\/v2\/users\/4"}],"replies":[{"embeddable":true,"href":"https:\/\/copernicus.gis.is\/homepage\/index.php\/wp-json\/wp\/v2\/comments?post=1654"}],"version-history":[{"count":26,"href":"https:\/\/copernicus.gis.is\/homepage\/index.php\/wp-json\/wp\/v2\/pages\/1654\/revisions"}],"predecessor-version":[{"id":2563,"href":"https:\/\/copernicus.gis.is\/homepage\/index.php\/wp-json\/wp\/v2\/pages\/1654\/revisions\/2563"}],"up":[{"embeddable":true,"href":"https:\/\/copernicus.gis.is\/homepage\/index.php\/wp-json\/wp\/v2\/pages\/1447"}],"wp:attachment":[{"href":"https:\/\/copernicus.gis.is\/homepage\/index.php\/wp-json\/wp\/v2\/media?parent=1654"}],"curies":[{"name":"wp","href":"https:\/\/api.w.org\/{rel}","templated":true}]}}