{"id":2052,"date":"2025-09-23T10:57:33","date_gmt":"2025-09-23T10:57:33","guid":{"rendered":"https:\/\/copernicus.gis.is\/homepage\/?page_id=2052"},"modified":"2026-02-20T13:56:52","modified_gmt":"2026-02-20T13:56:52","slug":"blue-north-verkefnid","status":"publish","type":"page","link":"https:\/\/copernicus.gis.is\/homepage\/index.php\/home\/hafthjonusta-copernicus\/blue-north-verkefnid\/","title":{"rendered":"Blue North verkefni\u00f0"},"content":{"rendered":"\n<figure class=\"wp-block-image aligncenter size-full is-style-default wp-duotone-unset-1\"><img loading=\"lazy\" decoding=\"async\" width=\"1024\" height=\"1024\" src=\"https:\/\/copernicus.gis.is\/homepage\/wp-content\/uploads\/2025\/08\/BlueNorthLogo.png\" alt=\"Credit: Marco Pizzolato\" class=\"wp-image-1664\" srcset=\"https:\/\/copernicus.gis.is\/homepage\/wp-content\/uploads\/2025\/08\/BlueNorthLogo.png 1024w, https:\/\/copernicus.gis.is\/homepage\/wp-content\/uploads\/2025\/08\/BlueNorthLogo-300x300.png 300w, https:\/\/copernicus.gis.is\/homepage\/wp-content\/uploads\/2025\/08\/BlueNorthLogo-150x150.png 150w, https:\/\/copernicus.gis.is\/homepage\/wp-content\/uploads\/2025\/08\/BlueNorthLogo-768x768.png 768w\" sizes=\"auto, (max-width: 1024px) 100vw, 1024px\" \/><\/figure>\n\n\n\n<h2 class=\"wp-block-heading has-text-align-center\">Um<\/h2>\n\n\n\n<p class=\"has-text-align-center\">Blue North er fyrsta \u00edslenska verkefni\u00f0 innan Copernicus Marine National Collaboration Programme (Lot 3) og h\u00f3fst \u00ed j\u00fan\u00ed 2025. \u00dea\u00f0 er unni\u00f0 af Mercator Ocean International en H\u00e1sk\u00f3li \u00cdslands lei\u00f0ir verkefni\u00f0 \u00ed samstarfi vi\u00f0 N\u00e1tt\u00farufr\u00e6\u00f0istofnun og \u00cdslenska sj\u00e1varklasann.<\/p>\n\n\n\n<p class=\"has-text-align-center\">Markmi\u00f0 verkefnisins er a\u00f0 efla innlenda \u00feekkingu \u00e1 sj\u00e1varg\u00f6gnum, virkja notendur og sty\u00f0ja vi\u00f0 innlei\u00f0ingu stefnu Evr\u00f3pusambandsins h\u00e9r \u00e1 landi. Helstu vi\u00f0bur\u00f0ir og verkefni eru me\u00f0al annars:&nbsp;<\/p>\n\n\n\n<div class=\"wp-block-group alignfull is-content-justification-center is-nowrap is-layout-flex wp-container-core-group-is-layout-23441af8 wp-block-group-is-layout-flex\">\n<div class=\"wp-block-group alignwide is-content-justification-center is-layout-flex wp-container-core-group-is-layout-b02886af wp-block-group-is-layout-flex\">\n<div class=\"wp-block-group is-layout-constrained wp-block-group-is-layout-constrained\">\n<figure class=\"wp-block-image aligncenter size-full is-resized has-custom-border is-style-rounded wp-duotone-unset-2\"><img loading=\"lazy\" decoding=\"async\" width=\"1948\" height=\"1980\" src=\"https:\/\/copernicus.gis.is\/homepage\/wp-content\/uploads\/2025\/08\/Logo.png\" alt=\"Credit: Marco Pizzolato\" class=\"wp-image-1570\" style=\"border-radius:200px;object-fit:cover;width:250px;height:250px\" srcset=\"https:\/\/copernicus.gis.is\/homepage\/wp-content\/uploads\/2025\/08\/Logo.png 1948w, https:\/\/copernicus.gis.is\/homepage\/wp-content\/uploads\/2025\/08\/Logo-295x300.png 295w, https:\/\/copernicus.gis.is\/homepage\/wp-content\/uploads\/2025\/08\/Logo-1007x1024.png 1007w, https:\/\/copernicus.gis.is\/homepage\/wp-content\/uploads\/2025\/08\/Logo-768x781.png 768w, https:\/\/copernicus.gis.is\/homepage\/wp-content\/uploads\/2025\/08\/Logo-1511x1536.png 1511w\" sizes=\"auto, (max-width: 1948px) 100vw, 1948px\" \/><\/figure>\n\n\n\n<p class=\"has-text-align-center has-large-font-size\"><strong>Samr\u00e1\u00f0sfundur<\/strong><\/p>\n<\/div>\n\n\n\n<div class=\"wp-block-group is-layout-constrained wp-block-group-is-layout-constrained\">\n<figure class=\"wp-block-image aligncenter size-full is-resized is-style-rounded wp-duotone-unset-3\"><img loading=\"lazy\" decoding=\"async\" width=\"1025\" height=\"1024\" src=\"https:\/\/copernicus.gis.is\/homepage\/wp-content\/uploads\/2025\/08\/InternationalSeminarExample-credit-edited.png\" alt=\"Credit: ChatGPT\" class=\"wp-image-1808\" style=\"object-fit:cover;width:250px;height:250px\" srcset=\"https:\/\/copernicus.gis.is\/homepage\/wp-content\/uploads\/2025\/08\/InternationalSeminarExample-credit-edited.png 1025w, https:\/\/copernicus.gis.is\/homepage\/wp-content\/uploads\/2025\/08\/InternationalSeminarExample-credit-edited-300x300.png 300w, https:\/\/copernicus.gis.is\/homepage\/wp-content\/uploads\/2025\/08\/InternationalSeminarExample-credit-edited-150x150.png 150w, https:\/\/copernicus.gis.is\/homepage\/wp-content\/uploads\/2025\/08\/InternationalSeminarExample-credit-edited-768x767.png 768w\" sizes=\"auto, (max-width: 1025px) 100vw, 1025px\" \/><\/figure>\n\n\n\n<p class=\"has-text-align-center has-large-font-size\"><strong>Al\u00fej\u00f3\u00f0legt m\u00e1l\u00feing<\/strong><\/p>\n<\/div>\n\n\n\n<div class=\"wp-block-group is-layout-constrained wp-block-group-is-layout-constrained\">\n<figure class=\"wp-block-image aligncenter size-large is-resized is-style-rounded wp-duotone-unset-4\"><img loading=\"lazy\" decoding=\"async\" width=\"1024\" height=\"1024\" src=\"https:\/\/copernicus.gis.is\/homepage\/wp-content\/uploads\/2025\/08\/20241003_103515-edited-1024x1024.jpg\" alt=\"Credit: Lilja Laufey Dav\u00ed\u00f0sd\u00f3ttir\" class=\"wp-image-1687\" style=\"object-fit:cover;width:250px;height:250px\" srcset=\"https:\/\/copernicus.gis.is\/homepage\/wp-content\/uploads\/2025\/08\/20241003_103515-edited-1024x1024.jpg 1024w, https:\/\/copernicus.gis.is\/homepage\/wp-content\/uploads\/2025\/08\/20241003_103515-edited-300x300.jpg 300w, https:\/\/copernicus.gis.is\/homepage\/wp-content\/uploads\/2025\/08\/20241003_103515-edited-150x150.jpg 150w, https:\/\/copernicus.gis.is\/homepage\/wp-content\/uploads\/2025\/08\/20241003_103515-edited-768x768.jpg 768w, https:\/\/copernicus.gis.is\/homepage\/wp-content\/uploads\/2025\/08\/20241003_103515-edited-1536x1536.jpg 1536w, https:\/\/copernicus.gis.is\/homepage\/wp-content\/uploads\/2025\/08\/20241003_103515-edited-2048x2048.jpg 2048w\" sizes=\"auto, (max-width: 1024px) 100vw, 1024px\" \/><\/figure>\n\n\n\n<p class=\"has-text-align-center has-large-font-size\"><strong>\u00dej\u00e1lfunarn\u00e1mskei\u00f0<\/strong><\/p>\n<\/div>\n\n\n\n<div class=\"wp-block-group is-layout-constrained wp-block-group-is-layout-constrained\">\n<figure class=\"wp-block-image size-large is-resized has-custom-border is-style-default wp-duotone-unset-5\"><img loading=\"lazy\" decoding=\"async\" width=\"1024\" height=\"1024\" src=\"https:\/\/copernicus.gis.is\/homepage\/wp-content\/uploads\/2025\/08\/Winners-edited-1-1024x1024.jpg\" alt=\"Credit: Benedek Regoczi\" class=\"wp-image-1810\" style=\"border-radius:200px;object-fit:cover;width:250px;height:250px\" srcset=\"https:\/\/copernicus.gis.is\/homepage\/wp-content\/uploads\/2025\/08\/Winners-edited-1-1024x1024.jpg 1024w, https:\/\/copernicus.gis.is\/homepage\/wp-content\/uploads\/2025\/08\/Winners-edited-1-300x300.jpg 300w, https:\/\/copernicus.gis.is\/homepage\/wp-content\/uploads\/2025\/08\/Winners-edited-1-150x150.jpg 150w, https:\/\/copernicus.gis.is\/homepage\/wp-content\/uploads\/2025\/08\/Winners-edited-1-768x768.jpg 768w, https:\/\/copernicus.gis.is\/homepage\/wp-content\/uploads\/2025\/08\/Winners-edited-1-1536x1536.jpg 1536w, https:\/\/copernicus.gis.is\/homepage\/wp-content\/uploads\/2025\/08\/Winners-edited-1-2048x2048.jpg 2048w\" sizes=\"auto, (max-width: 1024px) 100vw, 1024px\" \/><\/figure>\n\n\n\n<p class=\"has-text-align-center has-large-font-size\"><strong>Sj\u00e1varhakka\u00feon&nbsp;<\/strong><\/p>\n<\/div>\n<\/div>\n<\/div>\n\n\n\n<p class=\"has-text-align-center\">Me\u00f0 \u00feessum a\u00f0ger\u00f0um ver\u00f0ur bygg\u00f0 upp f\u00e6rni, n\u00fdsk\u00f6pun efld og a\u00f0gangur a\u00f0 sj\u00e1varg\u00f6gnum aukinn \u2013 til hagsb\u00f3ta fyrir sj\u00e1lfb\u00e6ra n\u00fdtingu fiskistofna, eftirlit me\u00f0 strandsv\u00e6\u00f0um og stj\u00f3rn hafsins.&nbsp;Blue North styrkir st\u00f6\u00f0u \u00cdslands innan Copernicus-samstarfsins og styrkir \u00fea\u00f0 me\u00f0 \u00edslensku fr\u00e6\u00f0sluefni og d\u00e6mum \u00far raunveruleikanum um notkun sj\u00e1vargagna.<\/p>\n\n\n\n<div class=\"wp-block-buttons is-content-justification-center is-layout-flex wp-container-core-buttons-is-layout-a89b3969 wp-block-buttons-is-layout-flex\">\n<div class=\"wp-block-button\"><a class=\"wp-block-button__link has-foreground-color has-text-color has-link-color wp-element-button\" href=\"https:\/\/marine.copernicus.eu\/services\/user-engagement?area=All&amp;country=All&amp;period=All&amp;text=iceland\" style=\"border-radius:100px\" target=\"_blank\" rel=\"noreferrer noopener\"><strong>N\u00e1nari uppl\u00fdsingar<\/strong><\/a><\/div>\n<\/div>\n\n\n\n<hr class=\"wp-block-separator has-alpha-channel-opacity is-style-dots\"\/>\n\n\n\n<h2 class=\"wp-block-heading has-text-align-center\">Vi\u00f0bur\u00f0ir framundan<\/h2>\n\n\n\n<div class=\"wp-block-media-text alignwide is-stacked-on-mobile is-vertically-aligned-center\" style=\"grid-template-columns:26% auto\"><figure class=\"wp-block-media-text__media\"><img loading=\"lazy\" decoding=\"async\" width=\"1024\" height=\"1024\" src=\"https:\/\/copernicus.gis.is\/homepage\/wp-content\/uploads\/2025\/08\/20241003_103515-edited-1024x1024.jpg\" alt=\"Credit: Lilja Laufey Dav\u00ed\u00f0sd\u00f3ttir\" class=\"wp-image-1687 size-full\" srcset=\"https:\/\/copernicus.gis.is\/homepage\/wp-content\/uploads\/2025\/08\/20241003_103515-edited-1024x1024.jpg 1024w, https:\/\/copernicus.gis.is\/homepage\/wp-content\/uploads\/2025\/08\/20241003_103515-edited-300x300.jpg 300w, https:\/\/copernicus.gis.is\/homepage\/wp-content\/uploads\/2025\/08\/20241003_103515-edited-150x150.jpg 150w, https:\/\/copernicus.gis.is\/homepage\/wp-content\/uploads\/2025\/08\/20241003_103515-edited-768x768.jpg 768w, https:\/\/copernicus.gis.is\/homepage\/wp-content\/uploads\/2025\/08\/20241003_103515-edited-1536x1536.jpg 1536w, https:\/\/copernicus.gis.is\/homepage\/wp-content\/uploads\/2025\/08\/20241003_103515-edited-2048x2048.jpg 2048w\" sizes=\"auto, (max-width: 1024px) 100vw, 1024px\" \/><\/figure><div class=\"wp-block-media-text__content\">\n<h5 class=\"wp-block-heading\"><strong>\u00deJ\u00c1LFUNARN\u00c1MSKI\u00d0<\/strong><\/h5>\n\n\n\n<p><strong>L\u00fdsing:<\/strong> Kynnt s\u00ed\u00f0ar<\/p>\n\n\n\n<p class=\"has-medium-font-size\"><strong>T\u00edmasetning:<\/strong> Kynnt s\u00ed\u00f0ar<\/p>\n\n\n\n<p><strong>Sta\u00f0setning:<\/strong> Kynnt s\u00ed\u00f0ar<\/p>\n\n\n\n<div class=\"wp-block-buttons is-content-justification-left is-layout-flex wp-container-core-buttons-is-layout-fc4fd283 wp-block-buttons-is-layout-flex\">\n<div class=\"wp-block-button\"><a class=\"wp-block-button__link has-foreground-color has-text-color has-link-color wp-element-button\" style=\"border-radius:100px\"><strong>Skr\u00e1ning<\/strong><\/a><\/div>\n\n\n\n<div class=\"wp-block-button\"><a class=\"wp-block-button__link has-foreground-color has-text-color has-link-color wp-element-button\" style=\"border-radius:100px\"><strong>B\u00e6ta vi\u00f0 \u00ed dagatal<\/strong><\/a><\/div>\n<\/div>\n<\/div><\/div>\n\n\n\n<div style=\"height:30px\" aria-hidden=\"true\" class=\"wp-block-spacer\"><\/div>\n\n\n\n<div class=\"wp-block-media-text alignwide is-stacked-on-mobile is-vertically-aligned-center\" style=\"grid-template-columns:26% auto\"><figure class=\"wp-block-media-text__media\"><img loading=\"lazy\" decoding=\"async\" width=\"1024\" height=\"1024\" src=\"https:\/\/copernicus.gis.is\/homepage\/wp-content\/uploads\/2025\/08\/Winners-edited-1-1024x1024.jpg\" alt=\"Credit: Benedek Regoczi\" class=\"wp-image-1810 size-full\" srcset=\"https:\/\/copernicus.gis.is\/homepage\/wp-content\/uploads\/2025\/08\/Winners-edited-1-1024x1024.jpg 1024w, https:\/\/copernicus.gis.is\/homepage\/wp-content\/uploads\/2025\/08\/Winners-edited-1-300x300.jpg 300w, https:\/\/copernicus.gis.is\/homepage\/wp-content\/uploads\/2025\/08\/Winners-edited-1-150x150.jpg 150w, https:\/\/copernicus.gis.is\/homepage\/wp-content\/uploads\/2025\/08\/Winners-edited-1-768x768.jpg 768w, https:\/\/copernicus.gis.is\/homepage\/wp-content\/uploads\/2025\/08\/Winners-edited-1-1536x1536.jpg 1536w, https:\/\/copernicus.gis.is\/homepage\/wp-content\/uploads\/2025\/08\/Winners-edited-1-2048x2048.jpg 2048w\" sizes=\"auto, (max-width: 1024px) 100vw, 1024px\" \/><\/figure><div class=\"wp-block-media-text__content\">\n<h5 class=\"wp-block-heading\"><strong>SJ\u00c1VARGAGNA-HAKKA\u00deON<\/strong><\/h5>\n\n\n\n<p class=\"has-medium-font-size\"><strong>L\u00fdsing:<\/strong> Kynnt s\u00ed\u00f0ar&nbsp;<\/p>\n\n\n\n<p><strong>T\u00edmasetning:<\/strong> Kynnt s\u00ed\u00f0ar&nbsp;<\/p>\n\n\n\n<p class=\"has-medium-font-size\"><strong>Sta\u00f0setning:<\/strong> Kynnt s\u00ed\u00f0ar&nbsp;<\/p>\n\n\n\n<div class=\"wp-block-buttons is-content-justification-left is-layout-flex wp-container-core-buttons-is-layout-fc4fd283 wp-block-buttons-is-layout-flex\">\n<div class=\"wp-block-button\"><a class=\"wp-block-button__link has-foreground-color has-text-color has-link-color wp-element-button\" style=\"border-radius:100px\"><strong>Skr\u00e1ning<\/strong><\/a><\/div>\n\n\n\n<div class=\"wp-block-button\"><a class=\"wp-block-button__link has-foreground-color has-text-color has-link-color wp-element-button\" style=\"border-radius:100px\"><strong>B\u00e6ta vi\u00f0 \u00ed dagatal<\/strong><\/a><\/div>\n<\/div>\n<\/div><\/div>\n\n\n\n<div style=\"height:50px\" aria-hidden=\"true\" class=\"wp-block-spacer\"><\/div>\n\n\n\n<hr class=\"wp-block-separator has-alpha-channel-opacity is-style-dots\"\/>\n\n\n\n<h2 class=\"wp-block-heading has-text-align-center\">Eldri vi\u00f0bur\u00f0ur<\/h2>\n\n\n\n<div class=\"wp-block-media-text alignwide is-stacked-on-mobile is-vertically-aligned-center\" style=\"grid-template-columns:26% auto\"><figure class=\"wp-block-media-text__media\"><a href=\"https:\/\/copernicus.gis.is\/homepage\/index.php\/home\/hafthjonusta-copernicus\/notendathing-hafthjonustu-copernicus-a-islandi\/\"><img loading=\"lazy\" decoding=\"async\" width=\"1007\" height=\"1024\" src=\"https:\/\/copernicus.gis.is\/homepage\/wp-content\/uploads\/2025\/08\/Logo-1007x1024.png\" alt=\"Credit: Marco Pizzolato\" class=\"wp-image-1570 size-full\" srcset=\"https:\/\/copernicus.gis.is\/homepage\/wp-content\/uploads\/2025\/08\/Logo-1007x1024.png 1007w, https:\/\/copernicus.gis.is\/homepage\/wp-content\/uploads\/2025\/08\/Logo-295x300.png 295w, https:\/\/copernicus.gis.is\/homepage\/wp-content\/uploads\/2025\/08\/Logo-768x781.png 768w, https:\/\/copernicus.gis.is\/homepage\/wp-content\/uploads\/2025\/08\/Logo-1511x1536.png 1511w, https:\/\/copernicus.gis.is\/homepage\/wp-content\/uploads\/2025\/08\/Logo.png 1948w\" sizes=\"auto, (max-width: 1007px) 100vw, 1007px\" \/><\/a><\/figure><div class=\"wp-block-media-text__content\">\n<h5 class=\"wp-block-heading\"><strong>Umr\u00e6\u00f0ufundur um notkun Haf\u00fej\u00f3nustu Copernicus<\/strong><\/h5>\n\n\n\n<p><strong>L\u00fdsing: <\/strong>Fundur \u00fear sem r\u00e6tt ver\u00f0ur um haf\u00fej\u00f3nustu Copernicus, sj\u00e1varg\u00f6gn, notkun \u00feeirra og stefnu til framt\u00ed\u00f0ar saman.&nbsp;<\/p>\n\n\n\n<p class=\"has-medium-font-size\"><strong>T\u00edmasetning:<\/strong> 19. Febr\u00faar 2026 &#8211; kl 12:15 &#8211; 16:30<\/p>\n\n\n\n<p><strong>Sta\u00f0setning: <\/strong>Grandagar\u00f0ur 16, 101 Reykjav\u00edk, \u00cdsland&nbsp;<\/p>\n\n\n\n<div class=\"wp-block-buttons is-content-justification-left is-layout-flex wp-container-core-buttons-is-layout-fc4fd283 wp-block-buttons-is-layout-flex\">\n<div class=\"wp-block-button\"><a class=\"wp-block-button__link has-foreground-color has-cyan-bluish-gray-background-color has-text-color has-background has-link-color wp-element-button\" style=\"border-radius:100px\"><strong>Skr\u00e1ning<\/strong> <strong>loki\u00f0<\/strong><\/a><\/div>\n\n\n\n<div class=\"wp-block-button\"><a class=\"wp-block-button__link has-foreground-color has-text-color has-link-color wp-element-button\" href=\"https:\/\/copernicus.gis.is\/homepage\/index.php\/2026\/02\/20\/copernicus-marine-user-forum-iceland-held-at-the-iceland-ocean-cluster\/\" style=\"border-radius:100px\"><strong>Fr\u00e9ttir<\/strong><\/a><\/div>\n<\/div>\n\n\n\n<p>Engar \u00e1hyggjur \u00fe\u00f3tt \u00fe\u00fa hafir misst af vi\u00f0bur\u00f0inum, hann var tekinn upp.<\/p>\n\n\n\n<div class=\"wp-block-buttons is-layout-flex wp-block-buttons-is-layout-flex\">\n<div class=\"wp-block-button\"><a class=\"wp-block-button__link has-foreground-color has-text-color has-link-color wp-element-button\" href=\"https:\/\/www.youtube.com\/watch?v=evcK-Jg_74w\" style=\"border-top-left-radius:100px;border-top-right-radius:100px;border-bottom-left-radius:100px;border-bottom-right-radius:100px\"><strong><strong>Upptaka af vi\u00f0bur\u00f0inum<\/strong><\/strong><\/a><\/div>\n<\/div>\n<\/div><\/div>\n\n\n\n<div style=\"height:30px\" aria-hidden=\"true\" class=\"wp-block-spacer\"><\/div>\n\n\n\n<hr class=\"wp-block-separator has-alpha-channel-opacity is-style-dots\"\/>\n\n\n\n<h2 class=\"wp-block-heading has-text-align-center\">Samstarfsa\u00f0ilar<\/h2>\n\n\n\n<div class=\"wp-block-group alignwide is-content-justification-center is-nowrap is-layout-flex wp-container-core-group-is-layout-23441af8 wp-block-group-is-layout-flex\">\n<figure class=\"wp-block-image size-large wp-duotone-unset-6\"><img loading=\"lazy\" decoding=\"async\" width=\"1024\" height=\"226\" src=\"https:\/\/copernicus.gis.is\/homepage\/wp-content\/uploads\/2025\/01\/NATT_Main_Logo_IS_Color_RGB_5443x1200px-1024x226.png\" alt=\"\" class=\"wp-image-835\" srcset=\"https:\/\/copernicus.gis.is\/homepage\/wp-content\/uploads\/2025\/01\/NATT_Main_Logo_IS_Color_RGB_5443x1200px-1024x226.png 1024w, https:\/\/copernicus.gis.is\/homepage\/wp-content\/uploads\/2025\/01\/NATT_Main_Logo_IS_Color_RGB_5443x1200px-300x66.png 300w, https:\/\/copernicus.gis.is\/homepage\/wp-content\/uploads\/2025\/01\/NATT_Main_Logo_IS_Color_RGB_5443x1200px-768x169.png 768w, https:\/\/copernicus.gis.is\/homepage\/wp-content\/uploads\/2025\/01\/NATT_Main_Logo_IS_Color_RGB_5443x1200px-1536x339.png 1536w, https:\/\/copernicus.gis.is\/homepage\/wp-content\/uploads\/2025\/01\/NATT_Main_Logo_IS_Color_RGB_5443x1200px-2048x452.png 2048w\" sizes=\"auto, (max-width: 1024px) 100vw, 1024px\" \/><\/figure>\n\n\n\n<figure class=\"wp-block-image size-large wp-duotone-unset-7\"><img loading=\"lazy\" decoding=\"async\" width=\"1024\" height=\"380\" src=\"https:\/\/copernicus.gis.is\/homepage\/wp-content\/uploads\/2026\/01\/haskoli_isl_hvitt_wide-1024x380.png\" alt=\"\" class=\"wp-image-2395\" srcset=\"https:\/\/copernicus.gis.is\/homepage\/wp-content\/uploads\/2026\/01\/haskoli_isl_hvitt_wide-1024x380.png 1024w, https:\/\/copernicus.gis.is\/homepage\/wp-content\/uploads\/2026\/01\/haskoli_isl_hvitt_wide-300x111.png 300w, https:\/\/copernicus.gis.is\/homepage\/wp-content\/uploads\/2026\/01\/haskoli_isl_hvitt_wide-768x285.png 768w, https:\/\/copernicus.gis.is\/homepage\/wp-content\/uploads\/2026\/01\/haskoli_isl_hvitt_wide.png 1401w\" sizes=\"auto, (max-width: 1024px) 100vw, 1024px\" \/><\/figure>\n\n\n\n<figure class=\"wp-block-image size-full is-resized wp-duotone-unset-8\"><img loading=\"lazy\" decoding=\"async\" width=\"98\" height=\"97\" src=\"https:\/\/copernicus.gis.is\/homepage\/wp-content\/uploads\/2025\/01\/OceanCluster.png\" alt=\"Icelandic Ocean Cluster Logo\" class=\"wp-image-828\" style=\"width:123px;height:auto\"\/><\/figure>\n<\/div>\n\n\n\n<hr class=\"wp-block-separator has-alpha-channel-opacity is-style-dots\"\/>\n\n\n\n<h2 class=\"wp-block-heading has-text-align-center\">Styrktara\u00f0ilar<\/h2>\n\n\n\n<div class=\"wp-block-group alignwide is-nowrap is-layout-flex wp-container-core-group-is-layout-6c531013 wp-block-group-is-layout-flex\">\n<div style=\"height:100px;width:0px\" aria-hidden=\"true\" class=\"wp-block-spacer wp-container-content-6388d5dc\"><\/div>\n\n\n\n<figure class=\"wp-block-image size-full wp-duotone-unset-9\"><img loading=\"lazy\" decoding=\"async\" width=\"2560\" height=\"255\" src=\"https:\/\/copernicus.gis.is\/homepage\/wp-content\/uploads\/2026\/01\/CMEMS-Logo-scaled.png\" alt=\"\" class=\"wp-image-2380\" srcset=\"https:\/\/copernicus.gis.is\/homepage\/wp-content\/uploads\/2026\/01\/CMEMS-Logo-scaled.png 2560w, https:\/\/copernicus.gis.is\/homepage\/wp-content\/uploads\/2026\/01\/CMEMS-Logo-300x30.png 300w, https:\/\/copernicus.gis.is\/homepage\/wp-content\/uploads\/2026\/01\/CMEMS-Logo-1024x102.png 1024w, https:\/\/copernicus.gis.is\/homepage\/wp-content\/uploads\/2026\/01\/CMEMS-Logo-768x77.png 768w, https:\/\/copernicus.gis.is\/homepage\/wp-content\/uploads\/2026\/01\/CMEMS-Logo-1536x153.png 1536w, https:\/\/copernicus.gis.is\/homepage\/wp-content\/uploads\/2026\/01\/CMEMS-Logo-2048x204.png 2048w\" sizes=\"auto, (max-width: 2560px) 100vw, 2560px\" \/><\/figure>\n<\/div>\n\n\n\n<p><\/p>\n","protected":false},"excerpt":{"rendered":"<p>Um Blue North er fyrsta \u00edslenska verkefni\u00f0 innan Copernicus Marine National Collaboration Programme (Lot 3) og h\u00f3fst \u00ed j\u00fan\u00ed 2025. \u00dea\u00f0 er unni\u00f0 af Mercator Ocean International en H\u00e1sk\u00f3li \u00cdslands lei\u00f0ir verkefni\u00f0 \u00ed samstarfi vi\u00f0 N\u00e1tt\u00farufr\u00e6\u00f0istofnun og \u00cdslenska sj\u00e1varklasann. Markmi\u00f0 verkefnisins er a\u00f0 efla innlenda \u00feekkingu \u00e1 sj\u00e1varg\u00f6gnum, virkja notendur og sty\u00f0ja vi\u00f0 innlei\u00f0ingu stefnu [&hellip;]<\/p>\n","protected":false},"author":4,"featured_media":0,"parent":2050,"menu_order":0,"comment_status":"closed","ping_status":"closed","template":"page-large-header","meta":{"footnotes":""},"class_list":["post-2052","page","type-page","status-publish","hentry"],"_links":{"self":[{"href":"https:\/\/copernicus.gis.is\/homepage\/index.php\/wp-json\/wp\/v2\/pages\/2052","targetHints":{"allow":["GET"]}}],"collection":[{"href":"https:\/\/copernicus.gis.is\/homepage\/index.php\/wp-json\/wp\/v2\/pages"}],"about":[{"href":"https:\/\/copernicus.gis.is\/homepage\/index.php\/wp-json\/wp\/v2\/types\/page"}],"author":[{"embeddable":true,"href":"https:\/\/copernicus.gis.is\/homepage\/index.php\/wp-json\/wp\/v2\/users\/4"}],"replies":[{"embeddable":true,"href":"https:\/\/copernicus.gis.is\/homepage\/index.php\/wp-json\/wp\/v2\/comments?post=2052"}],"version-history":[{"count":9,"href":"https:\/\/copernicus.gis.is\/homepage\/index.php\/wp-json\/wp\/v2\/pages\/2052\/revisions"}],"predecessor-version":[{"id":2558,"href":"https:\/\/copernicus.gis.is\/homepage\/index.php\/wp-json\/wp\/v2\/pages\/2052\/revisions\/2558"}],"up":[{"embeddable":true,"href":"https:\/\/copernicus.gis.is\/homepage\/index.php\/wp-json\/wp\/v2\/pages\/2050"}],"wp:attachment":[{"href":"https:\/\/copernicus.gis.is\/homepage\/index.php\/wp-json\/wp\/v2\/media?parent=2052"}],"curies":[{"name":"wp","href":"https:\/\/api.w.org\/{rel}","templated":true}]}}