{"id":2054,"date":"2025-09-23T11:31:16","date_gmt":"2025-09-23T11:31:16","guid":{"rendered":"https:\/\/copernicus.gis.is\/homepage\/?page_id=2054"},"modified":"2026-02-23T12:52:31","modified_gmt":"2026-02-23T12:52:31","slug":"fraedsla-copernicus-hafthjonusta","status":"publish","type":"page","link":"https:\/\/copernicus.gis.is\/homepage\/index.php\/home\/hafthjonusta-copernicus\/fraedsla-copernicus-hafthjonusta\/","title":{"rendered":"Fr\u00e6\u00f0sla Copernicus\u00a0Haf\u00fej\u00f3nusta"},"content":{"rendered":"\n<div class=\"wp-block-cover alignfull wp-duotone-midnight\" style=\"min-height:502px;aspect-ratio:unset;\"><img loading=\"lazy\" decoding=\"async\" width=\"1024\" height=\"1024\" class=\"wp-block-cover__image-background wp-image-1129 size-full\" alt=\"Credit: DallE\" src=\"https:\/\/copernicus.gis.is\/homepage\/wp-content\/uploads\/2025\/03\/DallE-New-horizons.png\" data-object-fit=\"cover\" srcset=\"https:\/\/copernicus.gis.is\/homepage\/wp-content\/uploads\/2025\/03\/DallE-New-horizons.png 1024w, https:\/\/copernicus.gis.is\/homepage\/wp-content\/uploads\/2025\/03\/DallE-New-horizons-300x300.png 300w, https:\/\/copernicus.gis.is\/homepage\/wp-content\/uploads\/2025\/03\/DallE-New-horizons-150x150.png 150w, https:\/\/copernicus.gis.is\/homepage\/wp-content\/uploads\/2025\/03\/DallE-New-horizons-768x768.png 768w\" sizes=\"auto, (max-width: 1024px) 100vw, 1024px\" \/><span aria-hidden=\"true\" class=\"wp-block-cover__background has-foreground-background-color has-background-dim-0 has-background-dim\"><\/span><div class=\"wp-block-cover__inner-container is-layout-constrained wp-block-cover-is-layout-constrained\">\n<div class=\"wp-block-group alignwide is-layout-flow wp-block-group-is-layout-flow\">\n<p class=\"has-text-align-center has-foreground-color has-text-color has-link-color has-large-font-size wp-elements-e8e7fd8dd4c540c11bccf634d83bc15c\"><mark style=\"background-color:rgba(0, 0, 0, 0)\" class=\"has-inline-color has-foreground-color\"><strong>\u00dea\u00f0 eru margar lei\u00f0ir til a\u00f0 sko\u00f0a og n\u00e1lgast g\u00f6gn og \u00fej\u00f3nustu fr\u00e1 haf\u00fej\u00f3nustu Copernicus.<\/strong><\/mark><\/p>\n\n\n\n<p class=\"has-text-align-center has-foreground-color has-text-color has-link-color has-large-font-size wp-elements-16c4c8ec783061db90764d97f60c9c6c\"><strong>Verkf\u00e6rin sem eru \u00ed bo\u00f0i eru h\u00f6nnu\u00f0 fyrir \u00f3l\u00edka kunn\u00e1ttu \u2013 allt fr\u00e1 einf\u00f6ldum kortasj\u00e1m fyrir byrjendur til \u00f6flugra kerfa fyrir gagnagreiningu og \u00farvinnslu.<\/strong><\/p>\n\n\n\n<p class=\"has-text-align-center has-foreground-color has-text-color has-link-color has-large-font-size wp-elements-1485fc7a4da4550b28dd414081669352\"><strong>H\u00e9r fyrir ne\u00f0an eru helstu a\u00f0komulei\u00f0ir a\u00f0 kerfinu og er \u00feeim ra\u00f0a\u00f0 eftir erfi\u00f0leikastigi \u2013 fr\u00e1 notendav\u00e6num kortasj\u00e1m til s\u00e9rh\u00e6f\u00f0s vinnuumhverfis fyrir gagnainnsetningu og \u00farvinnslu.<\/strong><\/p>\n\n\n\n<p class=\"has-text-align-center has-foreground-color has-text-color has-link-color has-large-font-size wp-elements-4979d0ff1aab3b3b733d9e8ddce94457\"><strong>Veri\u00f0 forvitin og skemmti\u00f0 ykkur!<\/strong><\/p>\n<\/div>\n<\/div><\/div>\n\n\n\n<div style=\"height:30px\" aria-hidden=\"true\" class=\"wp-block-spacer\"><\/div>\n\n\n\n<h2 class=\"wp-block-heading has-text-align-center\">\u00datsk\u00fdringar um hafi\u00f0<\/h2>\n\n\n\n<p class=\"has-text-align-center\">\u00c1 vegum haf\u00fej\u00f3nustu Copernicus hafa veri\u00f0 \u00fatb\u00fanar einfaldar og skemmtilegar \u00fatsk\u00fdringar um hafi\u00f0. \u00dear er h\u00e6gt a\u00f0 kynnast vistkerfinu, samspili innan \u00feess, s\u00f6gulegum breytingum og \u00fdmsum fyrirb\u00e6rum hafsins me\u00f0 gagnvirkum og sk\u00fdrum h\u00e6tti.<\/p>\n\n\n\n<figure class=\"wp-block-image alignwide size-large wp-duotone-unset-1\"><img loading=\"lazy\" decoding=\"async\" width=\"1024\" height=\"546\" src=\"https:\/\/copernicus.gis.is\/homepage\/wp-content\/uploads\/2025\/08\/image-3-1024x546.png\" alt=\"Credit: Marco Pizzolato and Copernicus Marine\" class=\"wp-image-1886\" srcset=\"https:\/\/copernicus.gis.is\/homepage\/wp-content\/uploads\/2025\/08\/image-3-1024x546.png 1024w, https:\/\/copernicus.gis.is\/homepage\/wp-content\/uploads\/2025\/08\/image-3-300x160.png 300w, https:\/\/copernicus.gis.is\/homepage\/wp-content\/uploads\/2025\/08\/image-3-768x409.png 768w, https:\/\/copernicus.gis.is\/homepage\/wp-content\/uploads\/2025\/08\/image-3.png 1345w\" sizes=\"auto, (max-width: 1024px) 100vw, 1024px\" \/><\/figure>\n\n\n\n<div class=\"wp-block-buttons is-content-justification-center is-layout-flex wp-container-core-buttons-is-layout-a89b3969 wp-block-buttons-is-layout-flex\">\n<div class=\"wp-block-button\"><a class=\"wp-block-button__link has-foreground-color has-text-color has-link-color has-medium-font-size has-custom-font-size wp-element-button\" href=\"https:\/\/marine.copernicus.eu\/explainers\" style=\"border-radius:100px\" target=\"_blank\" rel=\"noreferrer noopener\"><strong>\u00datsk\u00fdringar um hafi\u00f0<\/strong><\/a><\/div>\n<\/div>\n\n\n\n<hr class=\"wp-block-separator has-alpha-channel-opacity is-style-dots\"\/>\n\n\n\n<div style=\"height:30px\" aria-hidden=\"true\" class=\"wp-block-spacer\"><\/div>\n\n\n\n<h2 class=\"wp-block-heading has-text-align-center\">Byrjendur<\/h2>\n\n\n\n<p>H\u00e6gt er a\u00f0 sko\u00f0a g\u00f6gn um hafi\u00f0 \u00e1 myndr\u00e6nan h\u00e1tt me\u00f0 <a href=\"https:\/\/myoceanlearn.marine.copernicus.eu\/\" target=\"_blank\" rel=\"noreferrer noopener\">MyOceanLearn<\/a>.&nbsp;<\/p>\n\n\n\n<p class=\"has-text-align-center\">Til a\u00f0 f\u00e1 sem besta upplifun er m\u00e6lt me\u00f0 \u00fev\u00ed a\u00f0 nota einn af eftirfarandi v\u00f6frum og ganga \u00far skugga um a\u00f0 n\u00fdjasta \u00fatg\u00e1fa s\u00e9 uppsett: Chrome, Edge e\u00f0a Safari.&nbsp;<\/p>\n\n\n\n<div class=\"wp-block-group alignfull is-content-justification-center is-nowrap is-layout-flex wp-container-core-group-is-layout-23441af8 wp-block-group-is-layout-flex\">\n<iframe loading=\"lazy\"\n    src=\"https:\/\/myoceanlearn.marine.copernicus.eu\/\"\n    width=\"100%\"\n    height=\"800\"\n    style=\"border:none;\">\n<\/iframe>\n<\/div>\n\n\n\n<p class=\"has-text-align-center has-small-font-size\"><em><a href=\"https:\/\/myoceanlearn.marine.copernicus.eu\/\" target=\"_blank\" rel=\"noreferrer noopener\">https:\/\/myoceanlearn.marine.copernicus.eu\/<\/a><\/em><\/p>\n\n\n\n<hr class=\"wp-block-separator has-alpha-channel-opacity is-style-dots\"\/>\n\n\n\n<div style=\"height:29px\" aria-hidden=\"true\" class=\"wp-block-spacer\"><\/div>\n\n\n\n<h2 class=\"wp-block-heading has-text-align-center\"><strong>Millist<\/strong>i<strong>g<\/strong><\/h2>\n\n\n\n<p class=\"has-text-align-center\">H\u00e6gt er a\u00f0 <a href=\"https:\/\/data.marine.copernicus.eu\/viewer\" target=\"_blank\" rel=\"noreferrer noopener\">vinna beint me\u00f0 g\u00f6gnin<\/a> og sko\u00f0a helstu gagnasett.<\/p>\n\n\n\n<div class=\"wp-block-group alignfull is-content-justification-center is-nowrap is-layout-flex wp-container-core-group-is-layout-23441af8 wp-block-group-is-layout-flex\">\n<iframe loading=\"lazy\"\n    src=\"https:\/\/data.marine.copernicus.eu\/viewer\"\n    width=\"100%\"\n    height=\"800\"\n    style=\"border:none;\">\n<\/iframe>\n<\/div>\n\n\n\n<p class=\"has-text-align-center has-small-font-size\"><em><a href=\"https:\/\/data.marine.copernicus.eu\/viewer\" target=\"_blank\" rel=\"noreferrer noopener\">https:\/\/data.marine.copernicus.eu\/viewer<\/a><\/em><\/p>\n\n\n\n<hr class=\"wp-block-separator has-alpha-channel-opacity is-style-dots\"\/>\n\n\n\n<div style=\"height:30px\" aria-hidden=\"true\" class=\"wp-block-spacer\"><\/div>\n\n\n\n<h2 class=\"wp-block-heading has-text-align-center\">Lengra komnir<\/h2>\n\n\n\n<p class=\"has-text-align-center\">Fullur a\u00f0gangur a\u00f0 g\u00f6gnunum \u00ed <a href=\"https:\/\/data.marine.copernicus.eu\/viewer\/expert\" target=\"_blank\" rel=\"noreferrer noopener\">\u00edtarlegri kortasj\u00e1<\/a>, me\u00f0 vi\u00f0b\u00f3tarverkf\u00e6rum til v\u00f6ktunar og sp\u00e1ger\u00f0ar.<\/p>\n\n\n\n<div class=\"wp-block-group alignfull is-content-justification-center is-nowrap is-layout-flex wp-container-core-group-is-layout-23441af8 wp-block-group-is-layout-flex\">\n<iframe loading=\"lazy\"\n    src=\"https:\/\/data.marine.copernicus.eu\/viewer\/expert\"\n    width=\"100%\"\n    height=\"800\"\n    style=\"border:none;\">\n<\/iframe>\n<\/div>\n\n\n\n<p class=\"has-text-align-center has-small-font-size\"><em><a href=\"https:\/\/data.marine.copernicus.eu\/viewer\/expert\" target=\"_blank\" rel=\"noreferrer noopener\">https:\/\/data.marine.copernicus.eu\/viewer\/expert<\/a><\/em><\/p>\n\n\n\n<hr class=\"wp-block-separator has-alpha-channel-opacity is-style-dots\"\/>\n\n\n\n<div style=\"height:30px\" aria-hidden=\"true\" class=\"wp-block-spacer\"><\/div>\n\n\n\n<h2 class=\"wp-block-heading has-text-align-center\">S\u00e9rfr\u00e6\u00f0ingar<\/h2>\n\n\n\n<p class=\"has-text-align-center\">H\u00e6gt er a\u00f0 nota GitHub og Jupyter Notebooks til a\u00f0 vinna me\u00f0 g\u00f6gnin, hla\u00f0a \u00feeim ni\u00f0ur og vinna \u00far \u00feeim.<\/p>\n\n\n\n<p class=\"has-text-align-center\">H\u00e9r er d\u00e6mi um hvernig h\u00e6gt er a\u00f0 n\u00e1lgast g\u00f6gnin. H\u00e6gt er a\u00f0 keyra hverja r\u00f6\u00f0 fyrir sig \u00ed Google Colab me\u00f0 \u00fev\u00ed a\u00f0 smella \u00e1 spilunarhnappana \u00ed r\u00e9ttri r\u00f6\u00f0.<\/p>\n\n\n\n<div class=\"wp-block-buttons is-content-justification-center is-layout-flex wp-container-core-buttons-is-layout-a89b3969 wp-block-buttons-is-layout-flex\">\n<div class=\"wp-block-button is-style-fill\"><a class=\"wp-block-button__link has-foreground-color has-text-color has-link-color wp-element-button\" href=\"https:\/\/colab.research.google.com\/github\/lmi\/Copernicus\/blob\/master\/Marine\/Overview\/ConnectMarine_IS.ipynb\" style=\"border-style:none;border-width:0px;border-radius:100px\" target=\"_blank\" rel=\"noreferrer noopener\"><strong>Pr\u00f3fa\u00f0u<\/strong><\/a><\/div>\n<\/div>\n\n\n\n<div style=\"height:20px\" aria-hidden=\"true\" class=\"wp-block-spacer\"><\/div>\n\n\n\n<figure class=\"wp-block-image size-full has-custom-border wp-duotone-unset-2\" style=\"margin-top:0;margin-right:0;margin-bottom:0;margin-left:0\"><a href=\"https:\/\/colab.research.google.com\/github\/lmi\/Copernicus\/blob\/master\/Marine\/Overview\/ConnectMarine_IS.ipynb\" target=\"_blank\" rel=\" noreferrer noopener\"><img loading=\"lazy\" decoding=\"async\" width=\"807\" height=\"707\" src=\"https:\/\/copernicus.gis.is\/homepage\/wp-content\/uploads\/2025\/09\/JN_Marine.png\" alt=\"\" class=\"wp-image-2059\" style=\"border-style:none;border-width:0px;border-radius:18px\" srcset=\"https:\/\/copernicus.gis.is\/homepage\/wp-content\/uploads\/2025\/09\/JN_Marine.png 807w, https:\/\/copernicus.gis.is\/homepage\/wp-content\/uploads\/2025\/09\/JN_Marine-300x263.png 300w, https:\/\/copernicus.gis.is\/homepage\/wp-content\/uploads\/2025\/09\/JN_Marine-768x673.png 768w\" sizes=\"auto, (max-width: 807px) 100vw, 807px\" \/><\/a><\/figure>\n\n\n\n<p class=\"has-text-align-center\">\u00de\u00fa \u00fearft a\u00f0gang a\u00f0 haf\u00fej\u00f3nustu Copernicus. Stofna\u00f0u a\u00f0gang:<\/p>\n\n\n\n<div class=\"wp-block-buttons is-content-justification-center is-layout-flex wp-container-core-buttons-is-layout-a89b3969 wp-block-buttons-is-layout-flex\">\n<div class=\"wp-block-button is-style-fill\"><a class=\"wp-block-button__link has-foreground-color has-text-color has-link-color wp-element-button\" style=\"border-radius:100px\"><strong>Skr\u00e1ningu<\/strong><\/a><\/div>\n<\/div>\n\n\n\n<div style=\"height:20px\" aria-hidden=\"true\" class=\"wp-block-spacer\"><\/div>\n\n\n\n<div class=\"wp-block-group alignwide is-content-justification-center is-nowrap is-layout-flex wp-container-core-group-is-layout-23441af8 wp-block-group-is-layout-flex\">\n<iframe loading=\"lazy\" width=\"560\" height=\"315\" src=\"https:\/\/www.youtube-nocookie.com\/embed\/vUpwIKZiRxg?si=4tDZQTp4gGzeETul\" title=\"YouTube video player\" frameborder=\"0\" allow=\"accelerometer; autoplay; clipboard-write; encrypted-media; gyroscope; picture-in-picture; web-share\" referrerpolicy=\"strict-origin-when-cross-origin\" allowfullscreen><\/iframe>\n<\/div>\n\n\n\n<p class=\"has-text-align-center\">Finndu fleiri gagna Notebooks \u00e1 GitHub-s\u00ed\u00f0unni okkar:<\/p>\n\n\n\n<div class=\"wp-block-buttons is-content-justification-center is-layout-flex wp-container-core-buttons-is-layout-a89b3969 wp-block-buttons-is-layout-flex\">\n<div class=\"wp-block-button\"><a class=\"wp-block-button__link has-foreground-color has-text-color has-link-color has-medium-font-size has-custom-font-size wp-element-button\" href=\"https:\/\/github.com\/lmi\/Copernicus\/\" style=\"border-radius:100px\" target=\"_blank\" rel=\"noreferrer noopener\"><strong>Github<\/strong><\/a><\/div>\n<\/div>\n\n\n\n<p class=\"has-text-align-center\">A\u00f0gangur a\u00f0 fleiri Jupyter Notebooks fr\u00e1 Haf\u00fej\u00f3nustu Copernicus:<\/p>\n\n\n\n<figure class=\"wp-block-image aligncenter size-full is-style-default wp-duotone-unset-3\"><img loading=\"lazy\" decoding=\"async\" width=\"1002\" height=\"448\" src=\"https:\/\/copernicus.gis.is\/homepage\/wp-content\/uploads\/2025\/08\/MarineE-Learning.png\" alt=\"Credit: Marco Pizzolato and Copernicus Marine\" class=\"wp-image-1701\" srcset=\"https:\/\/copernicus.gis.is\/homepage\/wp-content\/uploads\/2025\/08\/MarineE-Learning.png 1002w, https:\/\/copernicus.gis.is\/homepage\/wp-content\/uploads\/2025\/08\/MarineE-Learning-300x134.png 300w, https:\/\/copernicus.gis.is\/homepage\/wp-content\/uploads\/2025\/08\/MarineE-Learning-768x343.png 768w\" sizes=\"auto, (max-width: 1002px) 100vw, 1002px\" \/><\/figure>\n\n\n\n<h4 class=\"wp-block-heading has-text-align-center\">Netn\u00e1mskei\u00f0<\/h4>\n\n\n\n<p class=\"has-text-align-center\">\u00cd bo\u00f0i eru netn\u00e1mskei\u00f0 og vi\u00f0bur\u00f0ir \u00fear sem \u00fe\u00e1tttakendur geta veri\u00f0 \u00ed beinu sambandi vi\u00f0 s\u00e9rfr\u00e6\u00f0inga og tengst samf\u00e9lagi fagf\u00f3lks.<\/p>\n\n\n\n<div class=\"wp-block-group is-content-justification-center is-nowrap is-layout-flex wp-container-core-group-is-layout-23441af8 wp-block-group-is-layout-flex\">\n<a href=\"https:\/\/events.marine.copernicus.eu\/\" \n   target=\"_blank\" \n   rel=\"noopener noreferrer\"\n   style=\"display:inline-block;padding:1rem 1.5rem;\n          background:linear-gradient(90deg, #005f73, #0a9396, #94d2bd);\n          color:white;font-weight:bold;font-size:1.1rem;\n          border-radius:12px;text-decoration:none;\n          transition:0.3s ease;\">\n  \ud83c\udf0a Copernicus Marine Events\n<\/a>\n<\/div>\n\n\n\n<h4 class=\"wp-block-heading has-text-align-center\">A\u00f0gangur a\u00f0 rafr\u00e6nu n\u00e1mefni<\/h4>\n\n\n\n<p class=\"has-text-align-center\">H\u00e9r m\u00e1 finna efni sem s\u00fdnir hvernig n\u00fdta m\u00e1 g\u00f6gn og \u00fej\u00f3nustu Copernicus Marine \u00ed \u00f3l\u00edkum verkefnum, til d\u00e6mis me\u00f0 Jupyter, R-Studio og QGIS.<\/p>\n\n\n\n<div class=\"wp-block-group is-content-justification-center is-nowrap is-layout-flex wp-container-core-group-is-layout-23441af8 wp-block-group-is-layout-flex\">\n<a href=\"https:\/\/marine.copernicus.eu\/services\/user-learning-services\" \n   target=\"_blank\" \n   rel=\"noopener noreferrer\"\n   style=\"display:inline-block;padding:1rem 1.5rem;\n          background:linear-gradient(90deg, #005f73, #0a9396, #94d2bd);\n          color:white;font-weight:bold;font-size:1.1rem;\n          border-radius:12px;text-decoration:none;\n          transition:0.3s ease;\">\n  \ud83c\udf0a User Learning Services\n<\/a>\n<\/div>\n\n\n\n<hr class=\"wp-block-separator has-alpha-channel-opacity is-style-dots\"\/>\n\n\n\n<div style=\"height:28px\" aria-hidden=\"true\" class=\"wp-block-spacer\"><\/div>\n\n\n\n<h2 class=\"wp-block-heading has-text-align-center\">B\u00e6ta vi\u00f0 aukag\u00f6gnum<\/h2>\n\n\n\n<p class=\"has-text-align-center\">H\u00e6gt er a\u00f0 sko\u00f0a fleiri gagnasett, til d\u00e6mis evr\u00f3psku EMODnet-g\u00f6gnin um skipaumfer\u00f0, fiskimi\u00f0, hafbotn og fleira.<\/p>\n\n\n\n<p class=\"has-text-align-center\">Find more data here: <\/p>\n\n\n\n<div class=\"wp-block-buttons is-content-justification-center is-layout-flex wp-container-core-buttons-is-layout-a89b3969 wp-block-buttons-is-layout-flex\">\n<div class=\"wp-block-button\"><a class=\"wp-block-button__link has-foreground-color has-text-color has-link-color has-text-align-center wp-element-button\" href=\"https:\/\/emodnet.ec.europa.eu\/geonetwork\/srv\/eng\/catalog.search#\/search?isTemplate=n&amp;resourceTemporalDateRange=%7B%22range%22:%7B%22resourceTemporalDateRange%22:%7B%22gte%22:null,%22lte%22:null,%22relation%22:%22intersects%22%7D%7D%7D&amp;sortBy=relevance&amp;sortOrder=&amp;from=1&amp;to=30&amp;languageStrategy=searchInAllLanguages&amp;query_string=%7B%22tag.langeng%22:%7B%22North%20Sea%22:true%7D%7D\" style=\"border-radius:100px\"><strong>Gagnasett evr\u00f3pska hafgagna- og v\u00f6ktunarnetsins (EMODnet)&nbsp;<\/strong><\/a><\/div>\n<\/div>\n\n\n\n<div class=\"wp-block-buttons is-content-justification-center is-layout-flex wp-container-core-buttons-is-layout-a89b3969 wp-block-buttons-is-layout-flex\">\n<div class=\"wp-block-button\"><a class=\"wp-block-button__link has-foreground-color has-text-color has-link-color wp-element-button\" href=\"https:\/\/sdi.eea.europa.eu\/catalogue\/marine\/eng\/catalog.search#\/home\" style=\"border-radius:100px\"><strong>Hafgagnasafn Umhverfisstofnunar Evr\u00f3pu (EEA Marine Catalog)<\/strong><\/a><\/div>\n<\/div>\n\n\n\n<div class=\"wp-block-buttons is-content-justification-center is-layout-flex wp-container-core-buttons-is-layout-a89b3969 wp-block-buttons-is-layout-flex\">\n<div class=\"wp-block-button\"><a class=\"wp-block-button__link has-foreground-color has-text-color has-link-color has-text-align-center wp-element-button\" href=\"https:\/\/obis.org\/\" style=\"border-radius:100px\"><strong>Al\u00fej\u00f3\u00f0legt gagnakerfi um l\u00edffr\u00e6\u00f0ilegan fj\u00f6lbreytileika \u00ed hafinu (Ocean Biodiversity Information System, OBIS)<\/strong><\/a><\/div>\n<\/div>\n\n\n\n<p class=\"has-text-align-center\">H\u00e9r m\u00e1 sj\u00e1 d\u00e6mi um \u00fe\u00e9ttleika fiskiskipa \u00e1 \u00e1runum 2019\u20132025.<\/p>\n\n\n\n<figure class=\"wp-block-video\"><video height=\"720\" style=\"aspect-ratio: 720 \/ 720;\" width=\"720\" autoplay loop muted preload=\"auto\" src=\"https:\/\/copernicus.gis.is\/homepage\/wp-content\/uploads\/2025\/08\/EMODnet-FishingRound.mp4\" playsinline><\/video><\/figure>\n\n\n\n<hr class=\"wp-block-separator has-alpha-channel-opacity is-style-dots\"\/>\n\n\n\n<div style=\"height:30px\" aria-hidden=\"true\" class=\"wp-block-spacer\"><\/div>\n\n\n\n<h2 class=\"wp-block-heading has-text-align-center\">Stafr\u00e6n tv\u00edburi<\/h2>\n\n\n\n<p class=\"has-text-align-center\">Me\u00f0 <a href=\"https:\/\/datalab.dive.edito.eu\/\" target=\"_blank\" rel=\"noreferrer noopener\">European Digital Twin Ocean (EDITO)<\/a> er h\u00e6gt a\u00f0 setja upp eigi\u00f0 stafr\u00e6nt l\u00edkan me\u00f0 a\u00f0gangi a\u00f0 fj\u00f6lbreyttum gagnasettum sem eru tilb\u00fain til notkunar.<\/p>\n\n\n\n<figure class=\"wp-block-image size-large is-style-default wp-duotone-unset-4\"><a href=\"https:\/\/datalab.dive.edito.eu\/\" target=\"_blank\" rel=\" noreferrer noopener\"><img loading=\"lazy\" decoding=\"async\" width=\"1024\" height=\"486\" src=\"https:\/\/copernicus.gis.is\/homepage\/wp-content\/uploads\/2026\/02\/edito-1024x486.png\" alt=\"\" class=\"wp-image-2567\" srcset=\"https:\/\/copernicus.gis.is\/homepage\/wp-content\/uploads\/2026\/02\/edito-1024x486.png 1024w, https:\/\/copernicus.gis.is\/homepage\/wp-content\/uploads\/2026\/02\/edito-300x142.png 300w, https:\/\/copernicus.gis.is\/homepage\/wp-content\/uploads\/2026\/02\/edito-768x364.png 768w, https:\/\/copernicus.gis.is\/homepage\/wp-content\/uploads\/2026\/02\/edito-1536x728.png 1536w, https:\/\/copernicus.gis.is\/homepage\/wp-content\/uploads\/2026\/02\/edito.png 1900w\" sizes=\"auto, (max-width: 1024px) 100vw, 1024px\" \/><\/a><\/figure>\n\n\n\n<p class=\"has-text-align-center has-small-font-size\"><em><a href=\"https:\/\/datalab.dive.edito.eu\/\">https:\/\/datalab.dive.edito.eu\/<\/a><\/em><\/p>\n\n\n\n<p><\/p>\n","protected":false},"excerpt":{"rendered":"<p>\u00datsk\u00fdringar um hafi\u00f0 \u00c1 vegum haf\u00fej\u00f3nustu Copernicus hafa veri\u00f0 \u00fatb\u00fanar einfaldar og skemmtilegar \u00fatsk\u00fdringar um hafi\u00f0. \u00dear er h\u00e6gt a\u00f0 kynnast vistkerfinu, samspili innan \u00feess, s\u00f6gulegum breytingum og \u00fdmsum fyrirb\u00e6rum hafsins me\u00f0 gagnvirkum og sk\u00fdrum h\u00e6tti. Byrjendur H\u00e6gt er a\u00f0 sko\u00f0a g\u00f6gn um hafi\u00f0 \u00e1 myndr\u00e6nan h\u00e1tt me\u00f0 MyOceanLearn.&nbsp; Til a\u00f0 f\u00e1 sem besta upplifun [&hellip;]<\/p>\n","protected":false},"author":4,"featured_media":0,"parent":2050,"menu_order":0,"comment_status":"closed","ping_status":"closed","template":"page-large-header","meta":{"footnotes":""},"class_list":["post-2054","page","type-page","status-publish","hentry"],"_links":{"self":[{"href":"https:\/\/copernicus.gis.is\/homepage\/index.php\/wp-json\/wp\/v2\/pages\/2054","targetHints":{"allow":["GET"]}}],"collection":[{"href":"https:\/\/copernicus.gis.is\/homepage\/index.php\/wp-json\/wp\/v2\/pages"}],"about":[{"href":"https:\/\/copernicus.gis.is\/homepage\/index.php\/wp-json\/wp\/v2\/types\/page"}],"author":[{"embeddable":true,"href":"https:\/\/copernicus.gis.is\/homepage\/index.php\/wp-json\/wp\/v2\/users\/4"}],"replies":[{"embeddable":true,"href":"https:\/\/copernicus.gis.is\/homepage\/index.php\/wp-json\/wp\/v2\/comments?post=2054"}],"version-history":[{"count":4,"href":"https:\/\/copernicus.gis.is\/homepage\/index.php\/wp-json\/wp\/v2\/pages\/2054\/revisions"}],"predecessor-version":[{"id":2571,"href":"https:\/\/copernicus.gis.is\/homepage\/index.php\/wp-json\/wp\/v2\/pages\/2054\/revisions\/2571"}],"up":[{"embeddable":true,"href":"https:\/\/copernicus.gis.is\/homepage\/index.php\/wp-json\/wp\/v2\/pages\/2050"}],"wp:attachment":[{"href":"https:\/\/copernicus.gis.is\/homepage\/index.php\/wp-json\/wp\/v2\/media?parent=2054"}],"curies":[{"name":"wp","href":"https:\/\/api.w.org\/{rel}","templated":true}]}}