{"id":342,"date":"2024-08-21T13:50:10","date_gmt":"2024-08-21T13:50:10","guid":{"rendered":"https:\/\/copernicus.gis.is\/homepage\/?page_id=342"},"modified":"2025-08-07T12:32:04","modified_gmt":"2025-08-07T12:32:04","slug":"acknowledgment","status":"publish","type":"page","link":"https:\/\/copernicus.gis.is\/homepage\/index.php\/home\/acknowledgment\/","title":{"rendered":"Vi\u00f0urkenning"},"content":{"rendered":"\n<p>\u00deessi vefs\u00ed\u00f0a er studd af Caroline Herschel Rammasamstarfssamningi Evr\u00f3pusambandsins um notendavi\u00f0t\u00f6ku Copernicus samkv\u00e6mt styrktarsamningi nr. FPA 275\/G\/GRO\/COPE\/17\/10042, verkefni FPCUP (Rammasamstarfssamningur um notendavi\u00f0t\u00f6ku Copernicus), A\u00f0ger\u00f0 2020-1-14 &#8220;Kynning \u00e1 notkun Copernicus \u00e1 \u00cdslandi&#8221;.<\/p>\n\n\n\n<div style=\"height:10px\" aria-hidden=\"true\" class=\"wp-block-spacer\"><\/div>\n\n\n\n<figure class=\"wp-block-image size-large is-resized wp-duotone-unset-1\"><img loading=\"lazy\" decoding=\"async\" width=\"1024\" height=\"438\" src=\"https:\/\/copernicus.gis.is\/homepage\/wp-content\/uploads\/2024\/08\/EU-FPCUP-Logo_full_name-1024x438.jpg\" alt=\"Credit: FPCUP and EU\" class=\"wp-image-237\" style=\"width:650px;height:auto\" srcset=\"https:\/\/copernicus.gis.is\/homepage\/wp-content\/uploads\/2024\/08\/EU-FPCUP-Logo_full_name-1024x438.jpg 1024w, https:\/\/copernicus.gis.is\/homepage\/wp-content\/uploads\/2024\/08\/EU-FPCUP-Logo_full_name-300x128.jpg 300w, https:\/\/copernicus.gis.is\/homepage\/wp-content\/uploads\/2024\/08\/EU-FPCUP-Logo_full_name-768x328.jpg 768w, https:\/\/copernicus.gis.is\/homepage\/wp-content\/uploads\/2024\/08\/EU-FPCUP-Logo_full_name-1536x656.jpg 1536w, https:\/\/copernicus.gis.is\/homepage\/wp-content\/uploads\/2024\/08\/EU-FPCUP-Logo_full_name-2048x875.jpg 2048w\" sizes=\"auto, (max-width: 1024px) 100vw, 1024px\" \/><\/figure>\n\n\n\n<h1 class=\"wp-block-heading has-x-large-font-size\">Acknowledgment<\/h1>\n\n\n\n<p>This webpage is supported by the European Union\u2019s Caroline Herschel Framework Partnership Agreement on Copernicus User Uptake under grant agreement No FPA 275\/G\/GRO\/COPE\/17\/10042, project FPCUP (Framework Partnership Agreement on Copernicus User Uptake), Action 2020-1-14 &#8220;Promoting Use of Copernicus in Iceland&#8221;.<\/p>\n\n\n\n<p>Read more here: <a href=\"https:\/\/www.copernicus-user-uptake.eu\">https:\/\/www.copernicus-user-uptake.eu\/<\/a><\/p>\n","protected":false},"excerpt":{"rendered":"<p>\u00deessi vefs\u00ed\u00f0a er studd af Caroline Herschel Rammasamstarfssamningi Evr\u00f3pusambandsins um notendavi\u00f0t\u00f6ku Copernicus samkv\u00e6mt styrktarsamningi nr. FPA 275\/G\/GRO\/COPE\/17\/10042, verkefni FPCUP (Rammasamstarfssamningur um notendavi\u00f0t\u00f6ku Copernicus), A\u00f0ger\u00f0 2020-1-14 &#8220;Kynning \u00e1 notkun Copernicus \u00e1 \u00cdslandi&#8221;. Acknowledgment This webpage is supported by the European Union\u2019s Caroline Herschel Framework Partnership Agreement on Copernicus User Uptake under grant agreement No FPA 275\/G\/GRO\/COPE\/17\/10042, [&hellip;]<\/p>\n","protected":false},"author":2,"featured_media":0,"parent":43,"menu_order":0,"comment_status":"closed","ping_status":"closed","template":"page-large-header","meta":{"footnotes":""},"class_list":["post-342","page","type-page","status-publish","hentry"],"_links":{"self":[{"href":"https:\/\/copernicus.gis.is\/homepage\/index.php\/wp-json\/wp\/v2\/pages\/342","targetHints":{"allow":["GET"]}}],"collection":[{"href":"https:\/\/copernicus.gis.is\/homepage\/index.php\/wp-json\/wp\/v2\/pages"}],"about":[{"href":"https:\/\/copernicus.gis.is\/homepage\/index.php\/wp-json\/wp\/v2\/types\/page"}],"author":[{"embeddable":true,"href":"https:\/\/copernicus.gis.is\/homepage\/index.php\/wp-json\/wp\/v2\/users\/2"}],"replies":[{"embeddable":true,"href":"https:\/\/copernicus.gis.is\/homepage\/index.php\/wp-json\/wp\/v2\/comments?post=342"}],"version-history":[{"count":5,"href":"https:\/\/copernicus.gis.is\/homepage\/index.php\/wp-json\/wp\/v2\/pages\/342\/revisions"}],"predecessor-version":[{"id":365,"href":"https:\/\/copernicus.gis.is\/homepage\/index.php\/wp-json\/wp\/v2\/pages\/342\/revisions\/365"}],"up":[{"embeddable":true,"href":"https:\/\/copernicus.gis.is\/homepage\/index.php\/wp-json\/wp\/v2\/pages\/43"}],"wp:attachment":[{"href":"https:\/\/copernicus.gis.is\/homepage\/index.php\/wp-json\/wp\/v2\/media?parent=342"}],"curies":[{"name":"wp","href":"https:\/\/api.w.org\/{rel}","templated":true}]}}