{"id":37,"date":"2024-06-05T16:36:45","date_gmt":"2024-06-05T16:36:45","guid":{"rendered":"https:\/\/copernicus.lmi.is\/homepage\/?page_id=37"},"modified":"2025-09-23T12:43:19","modified_gmt":"2025-09-23T12:43:19","slug":"about","status":"publish","type":"page","link":"https:\/\/copernicus.gis.is\/homepage\/index.php\/home\/about\/","title":{"rendered":"Um Copernicus"},"content":{"rendered":"\n<h2 class=\"wp-block-heading\">Hva\u00f0 er Copernicusar\u00e1\u00e6tlunin?<\/h2>\n\n\n\n<p>Copernicus er jar\u00f0v\u00f6ktunarhluti geim\u00e1\u00e6tlunar Evr\u00f3pusambandsins sem&nbsp;<br>hefur \u00fea\u00f0 hlutverk a\u00f0 vakta pl\u00e1netuna okkar og umhverfi hennar. \u00c1\u00e6tlunin&nbsp;<br>b\u00fd\u00f0ur upp \u00e1 uppl\u00fdsingaveitur sem n\u00fdta gervitunglag\u00f6gn \u00e1samt \u00f6\u00f0rum g\u00f6gnum&nbsp;sem safna\u00f0 er \u00e1 j\u00f6r\u00f0u ni\u00f0ri.&nbsp;<\/p>\n\n\n\n<p>Framkv\u00e6mdasj\u00f3rn Evr\u00f3pusambandsins st\u00fdrir \u00e1\u00e6tluninni \u00ed samstarfi vi\u00f0<br>a\u00f0ildarr\u00edkin, Geimv\u00edsindastofnun Evr\u00f3pu (<a href=\"https:\/\/www.esa.int\/\">ESA<\/a>), Evr\u00f3psk samt\u00f6k fyrir n\u00fdtingu<br>ve\u00f0urgervihnatta (<a href=\"https:\/\/www.eumetsat.int\/\">EUMETSAT<\/a>), Evr\u00f3pumi\u00f0st\u00f6\u00f0 fyrir me\u00f0alst\u00f3rar ve\u00f0ursp\u00e1r (<a href=\"https:\/\/www.ecmwf.int\/\">ECMWF<\/a>), stofnanir ESB, Mercator Oc\u00e9an (<a href=\"https:\/\/www.mercator-ocean.eu\/en\/\">MOI<\/a>), Umhverfisstofnun Evr\u00f3pu (<a href=\"https:\/\/www.eea.europa.eu\/\">EEA<\/a>) og Sameiginlegu ranns\u00f3knarmi\u00f0st\u00f6\u00f0ina (<a href=\"https:\/\/joint-research-centre.ec.europa.eu\/\">JRC<\/a>).<\/p>\n\n\n\n<p>Miki\u00f0 magn af g\u00f6gnum fr\u00e1 gervitunglum og m\u00e6likerfum \u00e1 j\u00f6r\u00f0u ni\u00f0ri, \u00ed lofti og \u00e1 sj\u00f3 er streymt \u00ed gegnum opnar \u00fej\u00f3nustuveitur. Uppl\u00fdsingarnar eru svo n\u00fdttar af yfirv\u00f6ldum og \u00f6\u00f0rum al\u00fej\u00f3\u00f0legum stofnunum og fyrirt\u00e6kjum til a\u00f0 b\u00e6ta l\u00edfsg\u00e6\u00f0i Evr\u00f3pub\u00faa og a\u00f0ra \u00edb\u00faa jar\u00f0arinnar. Uppl\u00fdsingaveiturnar eru opnar og a\u00f0gengilegar \u00f6llum \u00e1n takmarkana.<\/p>\n\n\n\n<p><\/p>\n\n\n\n<h2 class=\"wp-block-heading\">Copernicus \u00dej\u00f3nustur<\/h2>\n\n\n\n<p>Copernicus \u00e1\u00e6tlunin b\u00fd\u00f0ur upp \u00e1 sex mismunandi \u00fej\u00f3nustuveitur sem n\u00fdta g\u00f6gn fr\u00e1 gervitunglum \u00e1samt g\u00f6gnum sem safna\u00f0 er \u00e1 j\u00f6r\u00f0inni til a\u00f0 sty\u00f0ja vi\u00f0 stefnum\u00f3tun til a\u00f0 b\u00e6ta umhverfi og \u00f6ryggi manna.&nbsp;<\/p>\n\n\n\n<div class=\"wp-block-media-text\" style=\"grid-template-columns:15% auto\" id=\"CLMS\"><figure class=\"wp-block-media-text__media\"><a href=\"https:\/\/land.copernicus.eu\/en\"><img loading=\"lazy\" decoding=\"async\" width=\"136\" height=\"144\" src=\"https:\/\/copernicus.lmi.is\/homepage\/wp-content\/uploads\/2024\/06\/Copernicus_Land.png\" alt=\"\" class=\"wp-image-83 size-full\"\/><\/a><\/figure><div class=\"wp-block-media-text__content\">\n<p>Copernicus Land Monitoring Services (<a href=\"https:\/\/land.copernicus.eu\/\">CLMS<\/a>)<\/p>\n\n\n\n<p><em>Fylgist me\u00f0 landnotkun, gr\u00f3\u00f0urfari og skipulagi \u00fe\u00e9ttb\u00fdlis til a\u00f0 sty\u00f0ja vi\u00f0 umhverfisstj\u00f3rnun.<\/em><\/p>\n<\/div><\/div>\n\n\n\n<div class=\"wp-block-media-text\" style=\"grid-template-columns:15% auto\" id=\"CMEMS\"><figure class=\"wp-block-media-text__media\"><a href=\"https:\/\/marine.copernicus.eu\/\"><img loading=\"lazy\" decoding=\"async\" width=\"136\" height=\"144\" src=\"https:\/\/copernicus.lmi.is\/homepage\/wp-content\/uploads\/2024\/06\/Copernicus_Marine.png\" alt=\"\" class=\"wp-image-85 size-full\"\/><\/a><\/figure><div class=\"wp-block-media-text__content\">\n<p>Copernicus Marine Monitoring Services (<a href=\"https:\/\/marine.copernicus.eu\/\">CMEMS<\/a>)<\/p>\n\n\n\n<p><em><em>G\u00f6gn sem tengjast v\u00f6ktun \u00e1 \u00e1standi hafsins, vistkerfum sj\u00e1var og stranda.<\/em>&nbsp;<\/em><\/p>\n\n\n\n<div class=\"wp-block-buttons is-content-justification-center is-layout-flex wp-container-core-buttons-is-layout-a89b3969 wp-block-buttons-is-layout-flex\">\n<div class=\"wp-block-button\"><a class=\"wp-block-button__link has-foreground-color has-text-color has-link-color wp-element-button\" href=\"https:\/\/copernicus.gis.is\/homepage\/index.php\/home\/hafthjonusta-copernicus\/\" style=\"border-radius:100px\"><strong>Lesta meira<\/strong><\/a><\/div>\n<\/div>\n<\/div><\/div>\n\n\n\n<div class=\"wp-block-media-text\" style=\"grid-template-columns:15% auto\" id=\"CAMS\"><figure class=\"wp-block-media-text__media\"><a href=\"https:\/\/atmosphere.copernicus.eu\/\"><img loading=\"lazy\" decoding=\"async\" width=\"138\" height=\"144\" src=\"https:\/\/copernicus.lmi.is\/homepage\/wp-content\/uploads\/2024\/06\/Copernicus_Atmosphere.png\" alt=\"\" class=\"wp-image-80 size-full\"\/><\/a><\/figure><div class=\"wp-block-media-text__content\">\n<p>Copernicus Atmospheric Monitoring Services (<a href=\"https:\/\/atmosphere.copernicus.eu\/\">CAMS<\/a>)<\/p>\n\n\n\n<p><em>Veitir g\u00f6gnum um loftg\u00e6\u00f0i, s\u00f3largeislun og loftslagsbreytingar.<\/em><\/p>\n<\/div><\/div>\n\n\n\n<div class=\"wp-block-media-text\" style=\"grid-template-columns:15% auto\" id=\"C3S\"><figure class=\"wp-block-media-text__media\"><a href=\"https:\/\/climate.copernicus.eu\/\"><img loading=\"lazy\" decoding=\"async\" width=\"136\" height=\"142\" src=\"https:\/\/copernicus.lmi.is\/homepage\/wp-content\/uploads\/2024\/06\/Copernicus_ClimateChange.png\" alt=\"\" class=\"wp-image-81 size-full\"\/><\/a><\/figure><div class=\"wp-block-media-text__content\">\n<p>Copernicus Climate Change Services (<a href=\"https:\/\/climate.copernicus.eu\/\">C3S<\/a>)<\/p>\n\n\n\n<p><em>Skilar uppl\u00fdsingum um \u00fer\u00f3un loftslags, \u00e1samt a\u00f0l\u00f6gunar- og m\u00f3tv\u00e6gisa\u00f0ger\u00f0um.<\/em><\/p>\n<\/div><\/div>\n\n\n\n<div class=\"wp-block-media-text\" style=\"grid-template-columns:15% auto\" id=\"CEMS\"><figure class=\"wp-block-media-text__media\"><a href=\"https:\/\/emergency.copernicus.eu\/\"><img loading=\"lazy\" decoding=\"async\" width=\"140\" height=\"144\" src=\"https:\/\/copernicus.lmi.is\/homepage\/wp-content\/uploads\/2024\/06\/Copernicus_EmergencyManagementService.png\" alt=\"\" class=\"wp-image-82 size-full\"\/><\/a><\/figure><div class=\"wp-block-media-text__content\">\n<p>Copernicus Emergency Management Services (<a href=\"https:\/\/emergency.copernicus.eu\/\">CEMS<\/a>)<\/p>\n\n\n\n<p><em>S\u00e9r til \u00feess a\u00f0 veita t\u00edmab\u00e6r g\u00f6gn fyrir vi\u00f0br\u00f6g\u00f0 vi\u00f0 h\u00f6rmungum og \u00e1h\u00e6ttustj\u00f3rnun.<\/em><\/p>\n<\/div><\/div>\n\n\n\n<div class=\"wp-block-media-text\" style=\"grid-template-columns:15% auto\" id=\"CSS\"><figure class=\"wp-block-media-text__media\"><a href=\"https:\/\/www.copernicus.eu\/en\/copernicus-services\/security\"><img loading=\"lazy\" decoding=\"async\" width=\"134\" height=\"140\" src=\"https:\/\/copernicus.lmi.is\/homepage\/wp-content\/uploads\/2024\/06\/Copernicus_SecurityAndSurveilance.png\" alt=\"\" class=\"wp-image-86 size-full\"\/><\/a><\/figure><div class=\"wp-block-media-text__content\">\n<p>Copernicus Security Services (<a href=\"https:\/\/sesa.security.copernicus.eu\/\">CSS<\/a>)<\/p>\n\n\n\n<p><em><em>Uppf\u00e6r\u00f0 g\u00f6gn sem tengjast h\u00f6rmungum og \u00e1h\u00e6ttustj\u00f3rnun.<\/em>&nbsp;<\/em><\/p>\n<\/div><\/div>\n\n\n\n<hr class=\"wp-block-separator has-alpha-channel-opacity is-style-dots\"\/>\n\n\n\n<div class=\"wp-block-media-text has-small-font-size\" style=\"grid-template-columns:15% auto\"><figure class=\"wp-block-media-text__media\"><a href=\"https:\/\/insitu.copernicus.eu\/\"><img loading=\"lazy\" decoding=\"async\" width=\"136\" height=\"142\" src=\"https:\/\/copernicus.gis.is\/homepage\/wp-content\/uploads\/2024\/10\/in-situ-icon2.png\" alt=\"\" class=\"wp-image-795 size-full\"\/><\/a><\/figure><div class=\"wp-block-media-text__content\">\n<p class=\"has-medium-font-size\">Copernicus In Situ Component (<a href=\"https:\/\/insitu.copernicus.eu\/\">InSitu<\/a>)<\/p>\n\n\n\n<p class=\"has-medium-font-size\"><em>Sta\u00f0bundnar athuganir og landfr\u00e6\u00f0ileg vi\u00f0mi\u00f0unar\u00adg\u00f6gn<\/em>.<\/p>\n<\/div><\/div>\n\n\n\n<h2 class=\"wp-block-heading\">Thematic Hubs \u00deemast\u00f6\u00f0var<\/h2>\n\n\n\n<div class=\"wp-block-media-text is-stacked-on-mobile\"><figure class=\"wp-block-media-text__media\"><a href=\"https:\/\/health.hub.copernicus.eu\/\"><img loading=\"lazy\" decoding=\"async\" width=\"1024\" height=\"768\" src=\"https:\/\/copernicus.lmi.is\/homepage\/wp-content\/uploads\/2024\/06\/DJI_0246-1024x768.jpg\" alt=\"Credit: Gu\u00f0ni Hannesson\" class=\"wp-image-20 size-full\" srcset=\"https:\/\/copernicus.gis.is\/homepage\/wp-content\/uploads\/2024\/06\/DJI_0246-1024x768.jpg 1024w, https:\/\/copernicus.gis.is\/homepage\/wp-content\/uploads\/2024\/06\/DJI_0246-300x225.jpg 300w, https:\/\/copernicus.gis.is\/homepage\/wp-content\/uploads\/2024\/06\/DJI_0246-768x576.jpg 768w, https:\/\/copernicus.gis.is\/homepage\/wp-content\/uploads\/2024\/06\/DJI_0246-1536x1152.jpg 1536w, https:\/\/copernicus.gis.is\/homepage\/wp-content\/uploads\/2024\/06\/DJI_0246-2048x1536.jpg 2048w\" sizes=\"auto, (max-width: 1024px) 100vw, 1024px\" \/><\/a><\/figure><div class=\"wp-block-media-text__content\">\n<p><strong><a href=\"https:\/\/health.hub.copernicus.eu\/\">Health Hub<\/a><\/strong> <\/p>\n\n\n\n<p><strong>Heilbrig\u00f0is\u00feema <\/strong><\/p>\n\n\n\n<p><em><em>A\u00f0gangur a\u00f0 g\u00f6gnum til a\u00f0 fylgjast me\u00f0 umhverfis\u00fe\u00e1ttum sem hafa \u00e1hrif \u00e1 l\u00fd\u00f0heilsu, svo sem loftg\u00e6\u00f0i, \u00fatfj\u00f3lubl\u00e1 geislun og \u00e1hrif loftslagsbreytinga \u00e1 \u00fatbrei\u00f0slu sj\u00fakd\u00f3ma.<\/em>&nbsp;<\/em><\/p>\n<\/div><\/div>\n\n\n\n<div class=\"wp-block-media-text is-stacked-on-mobile\"><figure class=\"wp-block-media-text__media\"><a href=\"https:\/\/www.coastal.hub.copernicus.eu\/\"><img loading=\"lazy\" decoding=\"async\" width=\"1024\" height=\"636\" src=\"https:\/\/copernicus.lmi.is\/homepage\/wp-content\/uploads\/2024\/06\/SH9A1941-1024x636.png\" alt=\"Credit: Gu\u00f0ni Hannesson\" class=\"wp-image-68 size-full\" srcset=\"https:\/\/copernicus.gis.is\/homepage\/wp-content\/uploads\/2024\/06\/SH9A1941-1024x636.png 1024w, https:\/\/copernicus.gis.is\/homepage\/wp-content\/uploads\/2024\/06\/SH9A1941-300x186.png 300w, https:\/\/copernicus.gis.is\/homepage\/wp-content\/uploads\/2024\/06\/SH9A1941-768x477.png 768w, https:\/\/copernicus.gis.is\/homepage\/wp-content\/uploads\/2024\/06\/SH9A1941.png 1240w\" sizes=\"auto, (max-width: 1024px) 100vw, 1024px\" \/><\/a><\/figure><div class=\"wp-block-media-text__content\">\n<p><strong><a href=\"https:\/\/www.coastal.hub.copernicus.eu\/\">Coastal Hub<\/a><\/strong><\/p>\n\n\n\n<p><strong>Strandsv\u00e6\u00f0is\u00feema<\/strong><\/p>\n\n\n\n<p><em><em>Uppl\u00fdsingar um breytingar \u00e1 strandl\u00ednu, sj\u00e1varst\u00f6\u00f0u og heilbrig\u00f0i vistkerfa vi\u00f0 strendur. \u00deessi g\u00f6gn sty\u00f0ja vi\u00f0 sj\u00e1lfb\u00e6ra stj\u00f3rnunarstefnu og skipulag haf- og strandsv\u00e6\u00f0a.<\/em>&nbsp;<\/em><\/p>\n<\/div><\/div>\n\n\n\n<div class=\"wp-block-media-text is-stacked-on-mobile\"><figure class=\"wp-block-media-text__media\"><a href=\"https:\/\/energy.hub.copernicus.eu\/\"><img loading=\"lazy\" decoding=\"async\" width=\"1024\" height=\"683\" src=\"https:\/\/copernicus.lmi.is\/homepage\/wp-content\/uploads\/2024\/06\/SH4A9319-1024x683.jpg\" alt=\"Credit: Gu\u00f0ni Hannesson\" class=\"wp-image-27 size-full\" srcset=\"https:\/\/copernicus.gis.is\/homepage\/wp-content\/uploads\/2024\/06\/SH4A9319-1024x683.jpg 1024w, https:\/\/copernicus.gis.is\/homepage\/wp-content\/uploads\/2024\/06\/SH4A9319-300x200.jpg 300w, https:\/\/copernicus.gis.is\/homepage\/wp-content\/uploads\/2024\/06\/SH4A9319-768x512.jpg 768w, https:\/\/copernicus.gis.is\/homepage\/wp-content\/uploads\/2024\/06\/SH4A9319-1536x1024.jpg 1536w, https:\/\/copernicus.gis.is\/homepage\/wp-content\/uploads\/2024\/06\/SH4A9319-2048x1365.jpg 2048w\" sizes=\"auto, (max-width: 1024px) 100vw, 1024px\" \/><\/a><\/figure><div class=\"wp-block-media-text__content\">\n<p><strong><a href=\"https:\/\/energy.hub.copernicus.eu\/\">Energy Hub<\/a><\/strong><\/p>\n\n\n\n<p><strong>Orku\u00feema<\/strong><\/p>\n\n\n\n<p><em><em>Veitir a\u00f0gang a\u00f0 g\u00f6gnum um s\u00f3lar- og vindau\u00f0lindir, l\u00edfmassa og orkuinnvi\u00f0i. G\u00f6gnin hafa \u00fea\u00f0 hlutverk a\u00f0 sty\u00f0ja vi\u00f0 hagr\u00e6\u00f0ingu og framlei\u00f0slu \u00e1 endurn\u00fdjanlegri orku og b\u00e6ta orkun\u00fdtni.<\/em>&nbsp;<\/em><\/p>\n<\/div><\/div>\n\n\n\n<div class=\"wp-block-media-text is-stacked-on-mobile\" style=\"grid-template-columns:49% auto\"><figure class=\"wp-block-media-text__media\"><a href=\"https:\/\/www.arctic.hub.copernicus.eu\/\"><img loading=\"lazy\" decoding=\"async\" width=\"1024\" height=\"683\" src=\"https:\/\/copernicus.lmi.is\/homepage\/wp-content\/uploads\/2024\/06\/SH4A7921-1-1024x683.jpg\" alt=\"Credit: Gu\u00f0ni Hannesson\" class=\"wp-image-66 size-full\" srcset=\"https:\/\/copernicus.gis.is\/homepage\/wp-content\/uploads\/2024\/06\/SH4A7921-1-1024x683.jpg 1024w, https:\/\/copernicus.gis.is\/homepage\/wp-content\/uploads\/2024\/06\/SH4A7921-1-300x200.jpg 300w, https:\/\/copernicus.gis.is\/homepage\/wp-content\/uploads\/2024\/06\/SH4A7921-1-768x512.jpg 768w, https:\/\/copernicus.gis.is\/homepage\/wp-content\/uploads\/2024\/06\/SH4A7921-1-1536x1024.jpg 1536w, https:\/\/copernicus.gis.is\/homepage\/wp-content\/uploads\/2024\/06\/SH4A7921-1-2048x1366.jpg 2048w\" sizes=\"auto, (max-width: 1024px) 100vw, 1024px\" \/><\/a><\/figure><div class=\"wp-block-media-text__content\">\n<p><strong><a href=\"https:\/\/www.arctic.hub.copernicus.eu\/\">Arctic Hub<\/a><\/strong><\/p>\n\n\n\n<p><strong>Nor\u00f0ursl\u00f3\u00f0a\u00feema<\/strong><\/p>\n\n\n\n<p><em><em>Skilar yfirgripsmiklum g\u00f6gnum um \u00eds\u00feekju \u00e1 Nor\u00f0ursl\u00f3\u00f0um, s\u00edfrera og breytingar \u00ed vistkerfum. G\u00f6gnin sty\u00f0ja vi\u00f0 loftslagsranns\u00f3knir, umhverfisv\u00f6ktun og sj\u00e1lfb\u00e6ra \u00fer\u00f3un \u00e1 Nor\u00f0ursl\u00f3\u00f0um.<\/em>&nbsp;<\/em><\/p>\n<\/div><\/div>\n\n\n\n<h2 class=\"wp-block-heading\">Sentinel gervihnettirnir<\/h2>\n\n\n\n<figure class=\"wp-block-image size-large wp-duotone-unset-1\"><img loading=\"lazy\" decoding=\"async\" width=\"1024\" height=\"574\" src=\"https:\/\/copernicus.gis.is\/homepage\/wp-content\/uploads\/2024\/09\/Sentinel-1_radar_vision_pillars-1024x574.jpg\" alt=\"\" class=\"wp-image-403\" srcset=\"https:\/\/copernicus.gis.is\/homepage\/wp-content\/uploads\/2024\/09\/Sentinel-1_radar_vision_pillars-1024x574.jpg 1024w, https:\/\/copernicus.gis.is\/homepage\/wp-content\/uploads\/2024\/09\/Sentinel-1_radar_vision_pillars-300x168.jpg 300w, https:\/\/copernicus.gis.is\/homepage\/wp-content\/uploads\/2024\/09\/Sentinel-1_radar_vision_pillars-768x431.jpg 768w, https:\/\/copernicus.gis.is\/homepage\/wp-content\/uploads\/2024\/09\/Sentinel-1_radar_vision_pillars-1536x861.jpg 1536w, https:\/\/copernicus.gis.is\/homepage\/wp-content\/uploads\/2024\/09\/Sentinel-1_radar_vision_pillars.jpg 1926w\" sizes=\"auto, (max-width: 1024px) 100vw, 1024px\" \/><figcaption class=\"wp-element-caption\">Credit: ESA\/ATG medialab\n\u00a9ESA<\/figcaption><\/figure>\n\n\n\n<p>Sentinel gervihnettirnir eru hanna\u00f0ir til athugana \u00e1 \u00fdmsum \u00fe\u00e1ttum jar\u00f0athugana og eru lykil\u00fe\u00e1ttur \u00ed Copernicus \u00e1\u00e6tlun Evr\u00f3pusambandsins. Gervihnettirnir sj\u00e1 notendum fyrir samfelldum h\u00e1upplausnarg\u00f6gnum um land, h\u00f6f og andr\u00famsloft. Sentinel gervihnettirnir hafa mismunandi verkefni og fylgjast \u00feannig me\u00f0 loftslagsbreytingum, n\u00e1tt\u00faruhamf\u00f6rum, sk\u00f3garh\u00f6ggi og mengun og sty\u00f0ja \u00feannig vi\u00f0 umhverfisvernd og vi\u00f0br\u00f6g\u00f0 vi\u00f0 hamf\u00f6rum \u00e1 heimsv\u00edsu.<\/p>\n\n\n\n<p><a href=\"https:\/\/copernicus.gis.is\/homepage\/index.php\/sentinel-gervihnettir\/\" data-type=\"page\" data-id=\"482\">Lestu meira<\/a><\/p>\n","protected":false},"excerpt":{"rendered":"<p>Hva\u00f0 er Copernicusar\u00e1\u00e6tlunin? Copernicus er jar\u00f0v\u00f6ktunarhluti geim\u00e1\u00e6tlunar Evr\u00f3pusambandsins sem&nbsp;hefur \u00fea\u00f0 hlutverk a\u00f0 vakta pl\u00e1netuna okkar og umhverfi hennar. \u00c1\u00e6tlunin&nbsp;b\u00fd\u00f0ur upp \u00e1 uppl\u00fdsingaveitur sem n\u00fdta gervitunglag\u00f6gn \u00e1samt \u00f6\u00f0rum g\u00f6gnum&nbsp;sem safna\u00f0 er \u00e1 j\u00f6r\u00f0u ni\u00f0ri.&nbsp; Framkv\u00e6mdasj\u00f3rn Evr\u00f3pusambandsins st\u00fdrir \u00e1\u00e6tluninni \u00ed samstarfi vi\u00f0a\u00f0ildarr\u00edkin, Geimv\u00edsindastofnun Evr\u00f3pu (ESA), Evr\u00f3psk samt\u00f6k fyrir n\u00fdtinguve\u00f0urgervihnatta (EUMETSAT), Evr\u00f3pumi\u00f0st\u00f6\u00f0 fyrir me\u00f0alst\u00f3rar ve\u00f0ursp\u00e1r (ECMWF), stofnanir ESB, [&hellip;]<\/p>\n","protected":false},"author":2,"featured_media":0,"parent":43,"menu_order":0,"comment_status":"closed","ping_status":"closed","template":"page-large-header","meta":{"footnotes":""},"class_list":["post-37","page","type-page","status-publish","hentry"],"_links":{"self":[{"href":"https:\/\/copernicus.gis.is\/homepage\/index.php\/wp-json\/wp\/v2\/pages\/37","targetHints":{"allow":["GET"]}}],"collection":[{"href":"https:\/\/copernicus.gis.is\/homepage\/index.php\/wp-json\/wp\/v2\/pages"}],"about":[{"href":"https:\/\/copernicus.gis.is\/homepage\/index.php\/wp-json\/wp\/v2\/types\/page"}],"author":[{"embeddable":true,"href":"https:\/\/copernicus.gis.is\/homepage\/index.php\/wp-json\/wp\/v2\/users\/2"}],"replies":[{"embeddable":true,"href":"https:\/\/copernicus.gis.is\/homepage\/index.php\/wp-json\/wp\/v2\/comments?post=37"}],"version-history":[{"count":33,"href":"https:\/\/copernicus.gis.is\/homepage\/index.php\/wp-json\/wp\/v2\/pages\/37\/revisions"}],"predecessor-version":[{"id":2074,"href":"https:\/\/copernicus.gis.is\/homepage\/index.php\/wp-json\/wp\/v2\/pages\/37\/revisions\/2074"}],"up":[{"embeddable":true,"href":"https:\/\/copernicus.gis.is\/homepage\/index.php\/wp-json\/wp\/v2\/pages\/43"}],"wp:attachment":[{"href":"https:\/\/copernicus.gis.is\/homepage\/index.php\/wp-json\/wp\/v2\/media?parent=37"}],"curies":[{"name":"wp","href":"https:\/\/api.w.org\/{rel}","templated":true}]}}