{"id":41,"date":"2024-06-05T17:13:27","date_gmt":"2024-06-05T17:13:27","guid":{"rendered":"https:\/\/copernicus.lmi.is\/homepage\/?page_id=41"},"modified":"2025-09-23T12:29:50","modified_gmt":"2025-09-23T12:29:50","slug":"laera","status":"publish","type":"page","link":"https:\/\/copernicus.gis.is\/homepage\/index.php\/home\/laera\/","title":{"rendered":"Fr\u00e6\u00f0sluefni"},"content":{"rendered":"\n<p>Veri\u00f0 velkomin \u00e1 kennslus\u00ed\u00f0una okkar um Copernicusar\u00e1\u00e6tlunina!&nbsp;<\/p>\n\n\n\n<p>Kafa\u00f0u \u00ed heim jar\u00f0v\u00edsinda me\u00f0 yfirgripsmiklu g\u00f6gnunum okkar. Kanna\u00f0u JupyterLab gl\u00f3sub\u00e6kur til a\u00f0 f\u00e1 hagn\u00fdta reynslu af greiningum gagna og myndr\u00e6nni framsetningu. Uppg\u00f6tva\u00f0u MyOcean me\u00f0 raunt\u00edmag\u00f6gnum um hafi\u00f0. \u00dear getur \u00fe\u00fa fengi\u00f0 inns\u00fdn \u00ed \u00e1stand vistkerfa sj\u00e1var. S\u00ed\u00f0an inniheldur einnig \u00edtarlegar lei\u00f0beiningar, gagnas\u00f6fn og verkf\u00e6ri til a\u00f0 auka skilning \u00feinn \u00e1 land-, sj\u00e1var- og loftslagsv\u00f6ktun. Hvort sem \u00fe\u00fa ert nemandi, kennari e\u00f0a \u00e1hugama\u00f0ur mun kennsluefni okkar hj\u00e1lpa \u00fe\u00e9r a\u00f0 n\u00fdta g\u00f6gn Copernicusar fyrir ranns\u00f3knir og n\u00e1m. Taktu \u00fe\u00e1tt \u00ed a\u00f0 sko\u00f0a pl\u00e1netuna okkar \u00fatfr\u00e1 n\u00fdjum sj\u00f3narhornum!&nbsp;<\/p>\n\n\n\n<div style=\"height:24px\" aria-hidden=\"true\" class=\"wp-block-spacer\"><\/div>\n\n\n\n<figure class=\"wp-block-embed is-type-video is-provider-youtube wp-block-embed-youtube wp-embed-aspect-16-9 wp-has-aspect-ratio\"><div class=\"wp-block-embed__wrapper\">\n<iframe loading=\"lazy\" title=\"Welcome to Copernicus Data Space Ecosystem\" width=\"500\" height=\"281\" src=\"https:\/\/www.youtube.com\/embed\/G2kRHpqJeXo?feature=oembed\" frameborder=\"0\" allow=\"accelerometer; autoplay; clipboard-write; encrypted-media; gyroscope; picture-in-picture; web-share\" referrerpolicy=\"strict-origin-when-cross-origin\" allowfullscreen><\/iframe>\n<\/div><\/figure>\n\n\n\n<p><a href=\"https:\/\/www.youtube.com\/@copernicusdataspaceecosystem\">More videos<\/a><\/p>\n\n\n\n<hr class=\"wp-block-separator has-alpha-channel-opacity is-style-dots\"\/>\n\n\n\n<p>K\u00edktu \u00e1 n\u00fdju fr\u00e6\u00f0slus\u00ed\u00f0una okkar um Copernicus haf\u00fej\u00f3nustu og uppg\u00f6tva\u00f0u hvernig h\u00e6gt er a\u00f0 n\u00e1lgast og n\u00fdta g\u00f6gnin. Nj\u00f3ttu \u00feess a\u00f0 kanna og l\u00e6ra!<\/p>\n\n\n\n<div class=\"wp-block-buttons is-content-justification-center is-layout-flex wp-container-core-buttons-is-layout-a89b3969 wp-block-buttons-is-layout-flex\">\n<div class=\"wp-block-button\"><a class=\"wp-block-button__link has-foreground-color has-text-color has-link-color has-text-align-center wp-element-button\" href=\"https:\/\/copernicus.gis.is\/homepage\/index.php\/home\/hafthjonusta-copernicus\/fraedsla-copernicus-hafthjonusta\/\" style=\"border-radius:100px\"><strong>L\u00e6r\u00f0u um Copernicus haf\u00fej\u00f3nustu<\/strong><\/a><\/div>\n<\/div>\n\n\n\n<figure class=\"wp-block-video\"><video height=\"720\" style=\"aspect-ratio: 1280 \/ 720;\" width=\"1280\" autoplay loop muted preload=\"auto\" src=\"https:\/\/copernicus.gis.is\/homepage\/wp-content\/uploads\/2025\/08\/Beach.mp4\" playsinline><\/video><\/figure>\n\n\n\n<hr class=\"wp-block-separator has-alpha-channel-opacity is-style-dots\"\/>\n\n\n\n<div class=\"wp-block-group is-layout-constrained wp-block-group-is-layout-constrained\">\n<div class=\"wp-block-columns is-layout-flex wp-container-core-columns-is-layout-28f84493 wp-block-columns-is-layout-flex\">\n<div class=\"wp-block-column is-layout-flow wp-block-column-is-layout-flow\" style=\"flex-basis:100%\">\n<div class=\"wp-block-columns is-layout-flex wp-container-core-columns-is-layout-28f84493 wp-block-columns-is-layout-flex\">\n<div class=\"wp-block-column is-layout-flow wp-block-column-is-layout-flow\" style=\"flex-basis:100%\">\n<div class=\"wp-block-group is-nowrap is-layout-flex wp-container-core-group-is-layout-6c531013 wp-block-group-is-layout-flex\">\n<figure class=\"wp-block-video\"><video height=\"540\" style=\"aspect-ratio: 540 \/ 540;\" width=\"540\" autoplay loop muted preload=\"auto\" src=\"https:\/\/copernicus.lmi.is\/homepage\/wp-content\/uploads\/2024\/06\/WorldIce.mp4\" playsinline><\/video><\/figure>\n\n\n\n<p class=\"has-medium-font-size wp-container-content-9cfa9a5a\">Kafa\u00f0u \u00ed hafi\u00f0 me\u00f0 <a href=\"https:\/\/myoceanlearn.marine.copernicus.eu\/\" data-type=\"link\" data-id=\"https:\/\/myoceanlearn.marine.copernicus.eu\/\">MyOceanLearn<\/a><\/p>\n<\/div>\n<\/div>\n<\/div>\n\n\n\n<div style=\"height:40px;width:0px\" aria-hidden=\"true\" class=\"wp-block-spacer\"><\/div>\n<\/div>\n<\/div>\n<\/div>\n\n\n\n<div class=\"wp-block-columns is-layout-flex wp-container-core-columns-is-layout-28f84493 wp-block-columns-is-layout-flex\">\n<div class=\"wp-block-column is-layout-flow wp-block-column-is-layout-flow\" style=\"flex-basis:100%\">\n<div class=\"wp-block-media-text is-stacked-on-mobile\"><figure class=\"wp-block-media-text__media\"><a href=\"https:\/\/egms.land.copernicus.eu\/\"><img loading=\"lazy\" decoding=\"async\" width=\"1024\" height=\"703\" src=\"https:\/\/copernicus.gis.is\/homepage\/wp-content\/uploads\/2024\/08\/EGMS-1024x703.png\" alt=\"Credit: Marco Pizzolato with data from EGMS\" class=\"wp-image-321 size-full\" srcset=\"https:\/\/copernicus.gis.is\/homepage\/wp-content\/uploads\/2024\/08\/EGMS-1024x703.png 1024w, https:\/\/copernicus.gis.is\/homepage\/wp-content\/uploads\/2024\/08\/EGMS-300x206.png 300w, https:\/\/copernicus.gis.is\/homepage\/wp-content\/uploads\/2024\/08\/EGMS-768x527.png 768w, https:\/\/copernicus.gis.is\/homepage\/wp-content\/uploads\/2024\/08\/EGMS-1536x1054.png 1536w, https:\/\/copernicus.gis.is\/homepage\/wp-content\/uploads\/2024\/08\/EGMS.png 1632w\" sizes=\"auto, (max-width: 1024px) 100vw, 1024px\" \/><\/a><\/figure><div class=\"wp-block-media-text__content\">\n<p>Kanna\u00f0u hreyfingar lands \u00ed gagnvirku korti fr\u00e1 <a href=\"https:\/\/egms.land.copernicus.eu\/\">European Ground Motion Service (EGMS)<\/a><\/p>\n<\/div><\/div>\n<\/div>\n<\/div>\n\n\n\n<div style=\"height:40px;width:0px\" aria-hidden=\"true\" class=\"wp-block-spacer\"><\/div>\n\n\n\n<div class=\"wp-block-columns is-layout-flex wp-container-core-columns-is-layout-28f84493 wp-block-columns-is-layout-flex\">\n<div class=\"wp-block-column is-layout-flow wp-block-column-is-layout-flow\" style=\"flex-basis:100%\">\n<div class=\"wp-block-columns is-layout-flex wp-container-core-columns-is-layout-28f84493 wp-block-columns-is-layout-flex\">\n<div class=\"wp-block-column is-layout-flow wp-block-column-is-layout-flow\" style=\"flex-basis:100%\">\n<div class=\"wp-block-columns is-layout-flex wp-container-core-columns-is-layout-28f84493 wp-block-columns-is-layout-flex\">\n<div class=\"wp-block-column is-layout-flow wp-block-column-is-layout-flow\" style=\"flex-basis:100%\">\n<div class=\"wp-block-group is-layout-constrained wp-block-group-is-layout-constrained\">\n<div class=\"wp-block-columns is-layout-flex wp-container-core-columns-is-layout-28f84493 wp-block-columns-is-layout-flex\">\n<div class=\"wp-block-column is-layout-flow wp-block-column-is-layout-flow\" style=\"flex-basis:100%\">\n<div class=\"wp-block-columns is-layout-flex wp-container-core-columns-is-layout-28f84493 wp-block-columns-is-layout-flex\">\n<div class=\"wp-block-column is-layout-flow wp-block-column-is-layout-flow\" style=\"flex-basis:100%\">\n<div class=\"wp-block-group is-nowrap is-layout-flex wp-container-core-group-is-layout-6c531013 wp-block-group-is-layout-flex\">\n<div style=\"height:100px;width:0px\" aria-hidden=\"true\" class=\"wp-block-spacer wp-container-content-9760934e\"><\/div>\n\n\n\n<figure class=\"wp-block-video\"><video height=\"720\" style=\"aspect-ratio: 720 \/ 720;\" width=\"720\" autoplay loop muted src=\"https:\/\/copernicus.gis.is\/homepage\/wp-content\/uploads\/2024\/08\/Currents.mp4\" playsinline><\/video><\/figure>\n\n\n\n<p class=\"has-medium-font-size\">Kanna\u00f0u g\u00f6gn um hafi\u00f0 \u00ed sm\u00e1atri\u00f0um, sj\u00e1\u00f0u Golfstrauminn og fleira me\u00f0 <a data-type=\"link\" data-id=\"https:\/\/marine.copernicus.eu\/access-data\/ocean-visualisation-tools\" href=\"https:\/\/marine.copernicus.eu\/access-data\/ocean-visualisation-tools\">MyOceanPro<\/a><\/p>\n<\/div>\n<\/div>\n<\/div>\n<\/div>\n<\/div>\n<\/div>\n<\/div>\n<\/div>\n<\/div>\n<\/div>\n<\/div>\n<\/div>\n\n\n\n<div style=\"height:40px\" aria-hidden=\"true\" class=\"wp-block-spacer\"><\/div>\n\n\n\n<div class=\"wp-block-media-text is-stacked-on-mobile\"><figure class=\"wp-block-media-text__media\"><a href=\"https:\/\/github.com\/lmi\/Copernicus\"><img loading=\"lazy\" decoding=\"async\" width=\"1024\" height=\"717\" src=\"https:\/\/copernicus.lmi.is\/homepage\/wp-content\/uploads\/2024\/06\/20220701-1024x717.png\" alt=\"Credit: Coperniucs Sentinel 2 Mosaic\" class=\"wp-image-55 size-full\" srcset=\"https:\/\/copernicus.gis.is\/homepage\/wp-content\/uploads\/2024\/06\/20220701-1024x717.png 1024w, https:\/\/copernicus.gis.is\/homepage\/wp-content\/uploads\/2024\/06\/20220701-300x210.png 300w, https:\/\/copernicus.gis.is\/homepage\/wp-content\/uploads\/2024\/06\/20220701-768x537.png 768w, https:\/\/copernicus.gis.is\/homepage\/wp-content\/uploads\/2024\/06\/20220701-1536x1075.png 1536w, https:\/\/copernicus.gis.is\/homepage\/wp-content\/uploads\/2024\/06\/20220701-2048x1433.png 2048w\" sizes=\"auto, (max-width: 1024px) 100vw, 1024px\" \/><\/a><\/figure><div class=\"wp-block-media-text__content\">\n<p>Sko\u00f0a\u00f0u betur verkefni sem eru s\u00e9rsni\u00f0in a\u00f0 \u00cdslandi.<\/p>\n\n\n\n<p><a href=\"https:\/\/github.com\/lmi\/Copernicus\">\u00cdslensk d\u00e6mi<\/a><\/p>\n<\/div><\/div>\n\n\n\n<div style=\"height:40px\" aria-hidden=\"true\" class=\"wp-block-spacer\"><\/div>\n\n\n\n<div class=\"wp-block-media-text is-stacked-on-mobile\"><figure class=\"wp-block-media-text__media\"><a href=\"https:\/\/dataspace.copernicus.eu\/\"><img loading=\"lazy\" decoding=\"async\" width=\"1024\" height=\"461\" src=\"https:\/\/copernicus.lmi.is\/homepage\/wp-content\/uploads\/2024\/06\/Dataspace-1024x461.png\" alt=\"Credit: Copernicus\" class=\"wp-image-212 size-full\" srcset=\"https:\/\/copernicus.gis.is\/homepage\/wp-content\/uploads\/2024\/06\/Dataspace-1024x461.png 1024w, https:\/\/copernicus.gis.is\/homepage\/wp-content\/uploads\/2024\/06\/Dataspace-300x135.png 300w, https:\/\/copernicus.gis.is\/homepage\/wp-content\/uploads\/2024\/06\/Dataspace-768x346.png 768w, https:\/\/copernicus.gis.is\/homepage\/wp-content\/uploads\/2024\/06\/Dataspace.png 1487w\" sizes=\"auto, (max-width: 1024px) 100vw, 1024px\" \/><\/a><\/figure><div class=\"wp-block-media-text__content\">\n<p>Kanna\u00f0u hi\u00f0 gr\u00ed\u00f0arst\u00f3ra gagnasafn og \u00farval \u00fej\u00f3nusta Copernicusar\u00e1\u00e6tlunarinnar.<\/p>\n\n\n\n<p><a href=\"https:\/\/dataspace.copernicus.eu\/\">Copernicus g\u00f6gn &#8211; Dataspace<\/a><\/p>\n<\/div><\/div>\n\n\n\n<div style=\"height:40px\" aria-hidden=\"true\" class=\"wp-block-spacer\"><\/div>\n\n\n\n<div class=\"wp-block-group is-nowrap is-layout-flex wp-container-core-group-is-layout-6c531013 wp-block-group-is-layout-flex\">\n<div style=\"height:100px;width:0px\" aria-hidden=\"true\" class=\"wp-block-spacer wp-container-content-9760934e\"><\/div>\n\n\n\n<figure class=\"wp-block-video\"><video height=\"480\" style=\"aspect-ratio: 640 \/ 480;\" width=\"640\" autoplay loop muted src=\"https:\/\/copernicus.gis.is\/homepage\/wp-content\/uploads\/2024\/12\/MTG_2024121_v2.mp4\" playsinline><\/video><\/figure>\n\n\n\n<p class=\"has-medium-font-size\">L\u00e6r\u00f0u um sk\u00fd og dag-\/n\u00e6turlotur \u00e1 n\u00fdjan og spennandi h\u00e1tt. Sko\u00f0a\u00f0u h\u00e9r:<br><a href=\"https:\/\/view.eumetsat.int\/productviewer?v=default\">EUMETSAT<\/a><br><br><\/p>\n<\/div>\n\n\n\n<div style=\"height:40px\" aria-hidden=\"true\" class=\"wp-block-spacer\"><\/div>\n\n\n\n<div class=\"wp-block-media-text is-stacked-on-mobile\"><figure class=\"wp-block-media-text__media\"><a href=\"https:\/\/jupyterhub.dataspace.copernicus.eu\/\"><img loading=\"lazy\" decoding=\"async\" width=\"1024\" height=\"662\" src=\"https:\/\/copernicus.lmi.is\/homepage\/wp-content\/uploads\/2024\/06\/jupyterlab-1024x662.png\" alt=\"\" class=\"wp-image-201 size-full\" srcset=\"https:\/\/copernicus.gis.is\/homepage\/wp-content\/uploads\/2024\/06\/jupyterlab-1024x662.png 1024w, https:\/\/copernicus.gis.is\/homepage\/wp-content\/uploads\/2024\/06\/jupyterlab-300x194.png 300w, https:\/\/copernicus.gis.is\/homepage\/wp-content\/uploads\/2024\/06\/jupyterlab-768x496.png 768w, https:\/\/copernicus.gis.is\/homepage\/wp-content\/uploads\/2024\/06\/jupyterlab.png 1083w\" sizes=\"auto, (max-width: 1024px) 100vw, 1024px\" \/><\/a><\/figure><div class=\"wp-block-media-text__content\">\n<p>Pr\u00f3fa\u00f0u og l\u00e6r\u00f0u af einf\u00f6ldum forritunard\u00e6mum me\u00f0<\/p>\n\n\n\n<p> <a href=\"https:\/\/jupyterhub.dataspace.copernicus.eu\/\">JupyterLab Notebooks<\/a><\/p>\n<\/div><\/div>\n\n\n\n<div style=\"height:40px\" aria-hidden=\"true\" class=\"wp-block-spacer\"><\/div>\n\n\n\n<div class=\"wp-block-media-text is-stacked-on-mobile\"><figure class=\"wp-block-media-text__media\"><a href=\"https:\/\/www.copernicus.eu\/en\/opportunities\/education\"><img loading=\"lazy\" decoding=\"async\" width=\"1024\" height=\"683\" src=\"https:\/\/copernicus.lmi.is\/homepage\/wp-content\/uploads\/2024\/06\/laera-1024x683.jpg\" alt=\"\" class=\"wp-image-213 size-full\" srcset=\"https:\/\/copernicus.gis.is\/homepage\/wp-content\/uploads\/2024\/06\/laera-1024x683.jpg 1024w, https:\/\/copernicus.gis.is\/homepage\/wp-content\/uploads\/2024\/06\/laera-300x200.jpg 300w, https:\/\/copernicus.gis.is\/homepage\/wp-content\/uploads\/2024\/06\/laera-768x513.jpg 768w, https:\/\/copernicus.gis.is\/homepage\/wp-content\/uploads\/2024\/06\/laera-1536x1025.jpg 1536w, https:\/\/copernicus.gis.is\/homepage\/wp-content\/uploads\/2024\/06\/laera-2048x1367.jpg 2048w\" sizes=\"auto, (max-width: 1024px) 100vw, 1024px\" \/><\/a><\/figure><div class=\"wp-block-media-text__content\">\n<p>Copernicus fyrir kennara og fr\u00e6\u00f0slua\u00f0ila. <\/p>\n\n\n\n<p><a href=\"https:\/\/www.copernicus.eu\/en\/opportunities\/education\">L\u00e6ra me\u00f0 Copernicus<\/a><\/p>\n<\/div><\/div>\n\n\n\n<div style=\"height:40px\" aria-hidden=\"true\" class=\"wp-block-spacer\"><\/div>\n\n\n\n<div class=\"wp-block-media-text is-stacked-on-mobile\"><figure class=\"wp-block-media-text__media\"><a href=\"https:\/\/gatt.natt.is\/geonetwork\/srv\/ice\/catalog.search#\/home\"><img loading=\"lazy\" decoding=\"async\" width=\"1024\" height=\"507\" src=\"https:\/\/copernicus.gis.is\/homepage\/wp-content\/uploads\/2024\/08\/Gatt-1024x507.png\" alt=\"\" class=\"wp-image-323 size-full\" srcset=\"https:\/\/copernicus.gis.is\/homepage\/wp-content\/uploads\/2024\/08\/Gatt-1024x507.png 1024w, https:\/\/copernicus.gis.is\/homepage\/wp-content\/uploads\/2024\/08\/Gatt-300x148.png 300w, https:\/\/copernicus.gis.is\/homepage\/wp-content\/uploads\/2024\/08\/Gatt-768x380.png 768w, https:\/\/copernicus.gis.is\/homepage\/wp-content\/uploads\/2024\/08\/Gatt-1536x760.png 1536w, https:\/\/copernicus.gis.is\/homepage\/wp-content\/uploads\/2024\/08\/Gatt-2048x1014.png 2048w\" sizes=\"auto, (max-width: 1024px) 100vw, 1024px\" \/><\/a><\/figure><div class=\"wp-block-media-text__content\">\n<p>Finndu fleiri gagnasett tengd \u00cdslandi fyrir verkefnin \u00fe\u00edn.<\/p>\n\n\n\n<p><a href=\"https:\/\/gatt.natt.is\/geonetwork\/srv\/ice\/catalog.search#\/home\">L\u00fdsigagnag\u00e1tt<\/a><\/p>\n<\/div><\/div>\n\n\n\n<div style=\"height:40px\" aria-hidden=\"true\" class=\"wp-block-spacer\"><\/div>\n\n\n\n<p># Google Colabs coming soon<\/p>\n\n\n\n<div style=\"height:24px\" aria-hidden=\"true\" class=\"wp-block-spacer\"><\/div>\n\n\n\n<hr class=\"wp-block-separator has-alpha-channel-opacity is-style-wide\"\/>\n\n\n\n<h4 class=\"wp-block-heading\">Fr\u00e6\u00f0slut\u00e6kif\u00e6ri fr\u00e1 ESA og Copernicus<\/h4>\n\n\n<ul class=\"has-dates wp-block-rss\"><li class='wp-block-rss__item'><div class='wp-block-rss__item-title'><a href='https:\/\/www.esa.int\/Education\/ESA_Academy_Experiments_programme\/New_student_teams_for_ESA_Academy_Experiments_Programme'>New student teams for ESA Academy Experiments Programme<\/a><\/div><time datetime=\"2026-04-08T15:39:00+00:00\" class=\"wp-block-rss__item-publish-date\">2026-04-08<\/time> <\/li><li class='wp-block-rss__item'><div class='wp-block-rss__item-title'><a href='https:\/\/www.esa.int\/Education\/Rexus_Bexus\/Student_experiments_launched_on_sounding_rockets'>Student experiments launched on sounding rockets<\/a><\/div><time datetime=\"2026-04-07T15:10:00+00:00\" class=\"wp-block-rss__item-publish-date\">2026-04-07<\/time> <\/li><li class='wp-block-rss__item'><div class='wp-block-rss__item-title'><a href='https:\/\/www.esa.int\/Education\/Teach_with_the_Moon\/Walk_in_the_footsteps_of_Artemis'>Walk in the footsteps of Artemis<\/a><\/div><time datetime=\"2026-04-07T10:02:00+00:00\" class=\"wp-block-rss__item-publish-date\">2026-04-07<\/time> <\/li><li class='wp-block-rss__item'><div class='wp-block-rss__item-title'><a href='https:\/\/www.esa.int\/Education\/ESA_Academy\/Spacecraft_Testing_Workshop_open_for_applications3'>Spacecraft Testing Workshop open for applications<\/a><\/div><time datetime=\"2026-04-07T08:41:00+00:00\" class=\"wp-block-rss__item-publish-date\">2026-04-07<\/time> <\/li><li class='wp-block-rss__item'><div class='wp-block-rss__item-title'><a href='https:\/\/www.esa.int\/Education\/Teachers_Corner\/Join_the_ESA_Teach_with_Space_Online_Conference_2026'>Join the ESA Teach with Space Online Conference 2026<\/a><\/div><time datetime=\"2026-03-26T14:49:00+00:00\" class=\"wp-block-rss__item-publish-date\">2026-03-26<\/time> <\/li><li class='wp-block-rss__item'><div class='wp-block-rss__item-title'><a href='https:\/\/www.esa.int\/Education\/Educational_Satellites\/ELECTRA_advances_its_mission_with_a_CDF_study_at_ESA_ESTEC'>ELECTRA advances its mission with a CDF study at ESA ESTEC<\/a><\/div><time datetime=\"2026-03-11T10:47:00+00:00\" class=\"wp-block-rss__item-publish-date\">2026-03-11<\/time> <\/li><li class='wp-block-rss__item'><div class='wp-block-rss__item-title'><a href='https:\/\/www.esa.int\/Education\/Teachers_Corner\/Back_to_School_2025-2026_5_projects_to_inspire_your_students'>Back to School 2025-2026: 5 projects to inspire your students<\/a><\/div><time datetime=\"2025-09-02T09:41:00+00:00\" class=\"wp-block-rss__item-publish-date\">2025-09-02<\/time> <\/li><li class='wp-block-rss__item'><div class='wp-block-rss__item-title'><a href='https:\/\/www.esa.int\/Education\/ESA_Education_now_on_YouTube'>ESA Education now on YouTube<\/a><\/div><time datetime=\"2024-10-15T14:53:00+00:00\" class=\"wp-block-rss__item-publish-date\">2024-10-15<\/time> <\/li><li class='wp-block-rss__item'><div class='wp-block-rss__item-title'><a href='https:\/\/www.esa.int\/ESA_Multimedia\/Videos\/2024\/07\/Climate_Detectives_Celebration_Event_2024'>Climate Detectives Celebration Event 2024<\/a><\/div><time datetime=\"2024-07-04T10:30:00+00:00\" class=\"wp-block-rss__item-publish-date\">2024-07-04<\/time> <\/li><li class='wp-block-rss__item'><div class='wp-block-rss__item-title'><a href='https:\/\/www.esa.int\/Education\/ESA_Academy\/ESA_Academy_opportunities3'>Current opportunities for university students<\/a><\/div><time datetime=\"2023-12-12T12:45:00+00:00\" class=\"wp-block-rss__item-publish-date\">2023-12-12<\/time> <\/li><\/ul>","protected":false},"excerpt":{"rendered":"<p>Veri\u00f0 velkomin \u00e1 kennslus\u00ed\u00f0una okkar um Copernicusar\u00e1\u00e6tlunina!&nbsp; Kafa\u00f0u \u00ed heim jar\u00f0v\u00edsinda me\u00f0 yfirgripsmiklu g\u00f6gnunum okkar. Kanna\u00f0u JupyterLab gl\u00f3sub\u00e6kur til a\u00f0 f\u00e1 hagn\u00fdta reynslu af greiningum gagna og myndr\u00e6nni framsetningu. Uppg\u00f6tva\u00f0u MyOcean me\u00f0 raunt\u00edmag\u00f6gnum um hafi\u00f0. \u00dear getur \u00fe\u00fa fengi\u00f0 inns\u00fdn \u00ed \u00e1stand vistkerfa sj\u00e1var. S\u00ed\u00f0an inniheldur einnig \u00edtarlegar lei\u00f0beiningar, gagnas\u00f6fn og verkf\u00e6ri til a\u00f0 auka [&hellip;]<\/p>\n","protected":false},"author":2,"featured_media":0,"parent":43,"menu_order":0,"comment_status":"closed","ping_status":"closed","template":"page-large-header","meta":{"footnotes":""},"class_list":["post-41","page","type-page","status-publish","hentry"],"_links":{"self":[{"href":"https:\/\/copernicus.gis.is\/homepage\/index.php\/wp-json\/wp\/v2\/pages\/41","targetHints":{"allow":["GET"]}}],"collection":[{"href":"https:\/\/copernicus.gis.is\/homepage\/index.php\/wp-json\/wp\/v2\/pages"}],"about":[{"href":"https:\/\/copernicus.gis.is\/homepage\/index.php\/wp-json\/wp\/v2\/types\/page"}],"author":[{"embeddable":true,"href":"https:\/\/copernicus.gis.is\/homepage\/index.php\/wp-json\/wp\/v2\/users\/2"}],"replies":[{"embeddable":true,"href":"https:\/\/copernicus.gis.is\/homepage\/index.php\/wp-json\/wp\/v2\/comments?post=41"}],"version-history":[{"count":26,"href":"https:\/\/copernicus.gis.is\/homepage\/index.php\/wp-json\/wp\/v2\/pages\/41\/revisions"}],"predecessor-version":[{"id":2063,"href":"https:\/\/copernicus.gis.is\/homepage\/index.php\/wp-json\/wp\/v2\/pages\/41\/revisions\/2063"}],"up":[{"embeddable":true,"href":"https:\/\/copernicus.gis.is\/homepage\/index.php\/wp-json\/wp\/v2\/pages\/43"}],"wp:attachment":[{"href":"https:\/\/copernicus.gis.is\/homepage\/index.php\/wp-json\/wp\/v2\/media?parent=41"}],"curies":[{"name":"wp","href":"https:\/\/api.w.org\/{rel}","templated":true}]}}