{"id":517,"date":"2024-09-12T15:31:51","date_gmt":"2024-09-12T15:31:51","guid":{"rendered":"https:\/\/copernicus.gis.is\/homepage\/?page_id=517"},"modified":"2024-09-27T09:26:24","modified_gmt":"2024-09-27T09:26:24","slug":"qr0","status":"publish","type":"page","link":"https:\/\/copernicus.gis.is\/homepage\/index.php\/qr0\/","title":{"rendered":"QR Leikur &#8211; QR code Game"},"content":{"rendered":"\n<h2 class=\"wp-block-heading\">QR-k\u00f3\u00f0a leikur<\/h2>\n\n\n\n<p class=\"has-large-font-size\">Taktu \u00fe\u00e1tt \u00ed QR-k\u00f3\u00f0a \u00e6vint\u00fdri Copernicus!<\/p>\n\n\n\n<p class=\"has-large-font-size\">\u00dea\u00f0 <strong>leynast 6 QR-k\u00f3\u00f0ar<\/strong> \u00e1 mismunandi b\u00e1sum \u00ed s\u00fdningarsal V\u00edsindav\u00f6ku, hver k\u00f3\u00f0i veitir uppl\u00fdsingar um \u00f3l\u00edkar \u00fej\u00f3nustur Copernicus.<\/p>\n\n\n\n<p class=\"has-large-font-size\">Verkefni\u00f0 \u00feitt er a\u00f0 finna og skanna alla QR-k\u00f3\u00f0ana og l\u00e6ra meira um hvernig Copernicus hj\u00e1lpar okkur a\u00f0 fylgjast me\u00f0 pl\u00e1netunni okkar.<\/p>\n\n\n\n<p class=\"has-large-font-size\">\u00deegar \u00fe\u00fa hefur fundi\u00f0 alla 6 QR-k\u00f3\u00f0ana, <strong>komdu \u00fe\u00e1 aftur \u00e1 b\u00e1s N\u00e1tt\u00farufr\u00e6\u00f0istofnunar<\/strong>, s\u00fdndu okkur ni\u00f0urst\u00f6\u00f0ur \u00fe\u00ednar og <strong>\u00fe\u00fa f\u00e6r\u00f0 a\u00f0 launum lj\u00faffeng ver\u00f0laun<\/strong>.<\/p>\n\n\n\n<p class=\"has-large-font-size\">Gangi \u00fe\u00e9r vel og g\u00f3\u00f0a skemmtun!<\/p>\n\n\n\n<figure class=\"wp-block-image size-full wp-duotone-unset-1\"><img loading=\"lazy\" decoding=\"async\" width=\"1977\" height=\"2887\" src=\"https:\/\/copernicus.gis.is\/homepage\/wp-content\/uploads\/2024\/09\/QRCode_Game.png\" alt=\"QR Code game\" class=\"wp-image-715\" srcset=\"https:\/\/copernicus.gis.is\/homepage\/wp-content\/uploads\/2024\/09\/QRCode_Game.png 1977w, https:\/\/copernicus.gis.is\/homepage\/wp-content\/uploads\/2024\/09\/QRCode_Game-205x300.png 205w, https:\/\/copernicus.gis.is\/homepage\/wp-content\/uploads\/2024\/09\/QRCode_Game-701x1024.png 701w, https:\/\/copernicus.gis.is\/homepage\/wp-content\/uploads\/2024\/09\/QRCode_Game-768x1122.png 768w, https:\/\/copernicus.gis.is\/homepage\/wp-content\/uploads\/2024\/09\/QRCode_Game-1052x1536.png 1052w, https:\/\/copernicus.gis.is\/homepage\/wp-content\/uploads\/2024\/09\/QRCode_Game-1402x2048.png 1402w\" sizes=\"auto, (max-width: 1977px) 100vw, 1977px\" \/><figcaption class=\"wp-element-caption\">Partially created by Dall-E<\/figcaption><\/figure>\n\n\n\n<p class=\"has-text-align-center\">D\u00e6mi um hva\u00f0 \u00e1 a\u00f0 leita &#8211; Example what to look for<\/p>\n\n\n\n<h2 class=\"wp-block-heading\">QR code game<\/h2>\n\n\n\n<p class=\"has-large-font-size\">Welcome to the Copernicus QR Code Adventure!<\/p>\n\n\n\n<p class=\"has-large-font-size\">There are 6 hidden QR codes scattered around at different booths, each revealing something about Copernicus. <\/p>\n\n\n\n<p class=\"has-large-font-size\">Your mission is to find all 6 by scanning their QR codes, learning more about how Copernicus helps monitor our planet.<\/p>\n\n\n\n<p class=\"has-large-font-size\">Once you\u2019ve discovered all <strong>6 QR codes<\/strong>, <strong>return to the booth of <\/strong>the Icelandic Institute for Nature Research (<strong>N\u00e1tt\u00farufr\u00e6\u00f0istofnun<\/strong>) and show us your findings to <strong>collect delicious prizes<\/strong>.<\/p>\n\n\n\n<p class=\"has-large-font-size\">Good luck, and happy exploring!<\/p>\n","protected":false},"excerpt":{"rendered":"<p>QR-k\u00f3\u00f0a leikur Taktu \u00fe\u00e1tt \u00ed QR-k\u00f3\u00f0a \u00e6vint\u00fdri Copernicus! \u00dea\u00f0 leynast 6 QR-k\u00f3\u00f0ar \u00e1 mismunandi b\u00e1sum \u00ed s\u00fdningarsal V\u00edsindav\u00f6ku, hver k\u00f3\u00f0i veitir uppl\u00fdsingar um \u00f3l\u00edkar \u00fej\u00f3nustur Copernicus. Verkefni\u00f0 \u00feitt er a\u00f0 finna og skanna alla QR-k\u00f3\u00f0ana og l\u00e6ra meira um hvernig Copernicus hj\u00e1lpar okkur a\u00f0 fylgjast me\u00f0 pl\u00e1netunni okkar. \u00deegar \u00fe\u00fa hefur fundi\u00f0 alla 6 QR-k\u00f3\u00f0ana, [&hellip;]<\/p>\n","protected":false},"author":2,"featured_media":584,"parent":0,"menu_order":0,"comment_status":"closed","ping_status":"closed","template":"wp-custom-template-qr-code-page","meta":{"footnotes":""},"class_list":["post-517","page","type-page","status-publish","has-post-thumbnail","hentry"],"_links":{"self":[{"href":"https:\/\/copernicus.gis.is\/homepage\/index.php\/wp-json\/wp\/v2\/pages\/517","targetHints":{"allow":["GET"]}}],"collection":[{"href":"https:\/\/copernicus.gis.is\/homepage\/index.php\/wp-json\/wp\/v2\/pages"}],"about":[{"href":"https:\/\/copernicus.gis.is\/homepage\/index.php\/wp-json\/wp\/v2\/types\/page"}],"author":[{"embeddable":true,"href":"https:\/\/copernicus.gis.is\/homepage\/index.php\/wp-json\/wp\/v2\/users\/2"}],"replies":[{"embeddable":true,"href":"https:\/\/copernicus.gis.is\/homepage\/index.php\/wp-json\/wp\/v2\/comments?post=517"}],"version-history":[{"count":13,"href":"https:\/\/copernicus.gis.is\/homepage\/index.php\/wp-json\/wp\/v2\/pages\/517\/revisions"}],"predecessor-version":[{"id":748,"href":"https:\/\/copernicus.gis.is\/homepage\/index.php\/wp-json\/wp\/v2\/pages\/517\/revisions\/748"}],"wp:featuredmedia":[{"embeddable":true,"href":"https:\/\/copernicus.gis.is\/homepage\/index.php\/wp-json\/wp\/v2\/media\/584"}],"wp:attachment":[{"href":"https:\/\/copernicus.gis.is\/homepage\/index.php\/wp-json\/wp\/v2\/media?parent=517"}],"curies":[{"name":"wp","href":"https:\/\/api.w.org\/{rel}","templated":true}]}}