{"id":534,"date":"2024-09-13T11:02:36","date_gmt":"2024-09-13T11:02:36","guid":{"rendered":"https:\/\/copernicus.gis.is\/homepage\/?page_id=534"},"modified":"2025-08-07T12:30:49","modified_gmt":"2025-08-07T12:30:49","slug":"a7ejp3r","status":"publish","type":"page","link":"https:\/\/copernicus.gis.is\/homepage\/index.php\/qr0\/a7ejp3r\/","title":{"rendered":"QR1 &#8211; CLMS"},"content":{"rendered":"\n<figure class=\"wp-block-image size-full wp-duotone-unset-1\"><img loading=\"lazy\" decoding=\"async\" width=\"749\" height=\"160\" src=\"https:\/\/copernicus.gis.is\/homepage\/wp-content\/uploads\/2024\/09\/CLMS-logo-text-2.png\" alt=\"\" class=\"wp-image-638\" srcset=\"https:\/\/copernicus.gis.is\/homepage\/wp-content\/uploads\/2024\/09\/CLMS-logo-text-2.png 749w, https:\/\/copernicus.gis.is\/homepage\/wp-content\/uploads\/2024\/09\/CLMS-logo-text-2-300x64.png 300w\" sizes=\"auto, (max-width: 749px) 100vw, 749px\" \/><\/figure>\n\n\n\n<p><img loading=\"lazy\" decoding=\"async\" width=\"46\" height=\"33\" class=\"wp-image-378\" style=\"width: 46px;\" src=\"https:\/\/copernicus.gis.is\/homepage\/wp-content\/uploads\/2024\/08\/EN.png\" alt=\"\"> English below<\/p>\n\n\n\n<figure class=\"wp-block-image size-full wp-duotone-unset-2\"><img loading=\"lazy\" decoding=\"async\" width=\"46\" height=\"33\" src=\"https:\/\/copernicus.gis.is\/homepage\/wp-content\/uploads\/2024\/08\/ISL.png\" alt=\"\" class=\"wp-image-377\"\/><\/figure>\n\n\n\n<p>Til hamingju! ? \u00de\u00fa fannst\u00f0 landv\u00f6ktunar\u00fej\u00f3nustu Copernicus (CLMS)!&nbsp;<\/p>\n\n\n\n<p>Leynistafurinn sem \u00fe\u00fa leitar a\u00f0 er: <strong>L <\/strong>&nbsp;<\/p>\n\n\n\n<figure class=\"wp-block-image size-full wp-duotone-unset-3\"><img loading=\"lazy\" decoding=\"async\" width=\"1024\" height=\"1024\" src=\"https:\/\/copernicus.gis.is\/homepage\/wp-content\/uploads\/2024\/09\/L.png\" alt=\"\" class=\"wp-image-640\" srcset=\"https:\/\/copernicus.gis.is\/homepage\/wp-content\/uploads\/2024\/09\/L.png 1024w, https:\/\/copernicus.gis.is\/homepage\/wp-content\/uploads\/2024\/09\/L-300x300.png 300w, https:\/\/copernicus.gis.is\/homepage\/wp-content\/uploads\/2024\/09\/L-150x150.png 150w, https:\/\/copernicus.gis.is\/homepage\/wp-content\/uploads\/2024\/09\/L-768x768.png 768w\" sizes=\"auto, (max-width: 1024px) 100vw, 1024px\" \/><figcaption class=\"wp-element-caption\">Credit: Dall-E ChatGPT<\/figcaption><\/figure>\n\n\n\n<p>Safna\u00f0u \u00f6llum st\u00f6funum til a\u00f0 mynda or\u00f0 og nota\u00f0u or\u00f0i\u00f0 til a\u00f0 f\u00e1 ver\u00f0laun \u00e1 s\u00fdningarb\u00e1s N\u00e1tt\u00farufr\u00e6\u00f0istofnunar.&nbsp;<\/p>\n\n\n\n<p>H\u00e9r eru nokkrar skemmtilegar sta\u00f0reyndir um <strong>landv\u00f6ktunar\u00fej\u00f3nustu Copernicus (CLMS):<\/strong>\u00a0<\/p>\n\n\n\n<p>CLMS er eins og ofurhetja &nbsp;sem fylgist me\u00f0 j\u00f6r\u00f0inni me\u00f0 a\u00f0sto\u00f0 gervitungla \u00ed geimnum. Eitt af gervitunglunum, Sentinel-1, tekur st\u00f3rkostlegar myndir af j\u00f6r\u00f0inni. Myndirnar hj\u00e1lpa okkur a\u00f0 sj\u00e1 hluti eins og sk\u00f3ga, borgir, \u00e1r og fj\u00f6ll \u00far h\u00e1loftunum!&nbsp;<\/p>\n\n\n\n<p>Me\u00f0 CLMS geta v\u00edsindamenn einnig fylgst me\u00f0 \u00fev\u00ed hvernig landi\u00f0 hreyfist me\u00f0 s\u00e9rst\u00f6kum b\u00fana\u00f0i sem kallast <strong>EGMS<\/strong> (European Ground Motion Service). \u00deetta er eins og a\u00f0 hafa leynilega ofurkraftasem greina \u00feegar j\u00f6r\u00f0in hreyfist. J\u00f6r\u00f0in getur hreyfst \u00ed jar\u00f0skj\u00e1lftum e\u00f0a skri\u00f0uf\u00f6llum. Me\u00f0 \u00fev\u00ed a\u00f0 fylgjast me\u00f0 hreyfingum landsins getum vi\u00f0 hj\u00e1lpa\u00f0 til vi\u00f0 a\u00f0 tryggja \u00f6ryggi f\u00f3lks og vernda n\u00e1tt\u00faruna.\u00a0<\/p>\n\n\n\n<p><strong>CORINE <\/strong>er s\u00e9rstakt verkefni \u00fear sem mismunandi ger\u00f0ir lands eru kortlag\u00f0ar um alla Evr\u00f3pu. \u00dea\u00f0 segir okkur hvort landi\u00f0 s\u00e9 \u00feaki\u00f0 sk\u00f3gi, b\u00faj\u00f6r\u00f0um, vatni e\u00f0a jafnvel byggingum! Me\u00f0 \u00fev\u00ed a\u00f0 \u00e1tta okkur \u00e1 hvernig landi\u00f0 er nota\u00f0 getum vi\u00f0 teki\u00f0 betri \u00e1kvar\u00f0anir til a\u00f0 vernda \u00fea\u00f0 og tryggja a\u00f0 \u00fea\u00f0 s\u00e9 heilbrigt fyrir framt\u00ed\u00f0ina.\u00a0<\/p>\n\n\n\n<p>\u00de\u00f6kk s\u00e9 CLMS \u00fe\u00e1 geta v\u00edsindamenn og f\u00f3lk sem tekur \u00e1kvar\u00f0anir fylgst me\u00f0 breytingum \u00e1 landinu og hj\u00e1lpa\u00f0 til vi\u00f0 a\u00f0 hl\u00faa a\u00f0 fallegu pl\u00e1netunni okkar. Haltu \u00e1fram a\u00f0 rannsaka og l\u00e6r\u00f0u meira um hvernig Copernicus getur hj\u00e1lpa\u00f0 til vi\u00f0 a\u00f0 bjarga j\u00f6r\u00f0inni!&nbsp;<\/p>\n\n\n\n<figure class=\"wp-block-image size-large wp-duotone-unset-4\"><img loading=\"lazy\" decoding=\"async\" width=\"1024\" height=\"574\" src=\"https:\/\/copernicus.gis.is\/homepage\/wp-content\/uploads\/2024\/09\/Sentinel-1_radar_vision_pillars-1024x574.jpg\" alt=\"\" class=\"wp-image-403\" srcset=\"https:\/\/copernicus.gis.is\/homepage\/wp-content\/uploads\/2024\/09\/Sentinel-1_radar_vision_pillars-1024x574.jpg 1024w, https:\/\/copernicus.gis.is\/homepage\/wp-content\/uploads\/2024\/09\/Sentinel-1_radar_vision_pillars-300x168.jpg 300w, https:\/\/copernicus.gis.is\/homepage\/wp-content\/uploads\/2024\/09\/Sentinel-1_radar_vision_pillars-768x431.jpg 768w, https:\/\/copernicus.gis.is\/homepage\/wp-content\/uploads\/2024\/09\/Sentinel-1_radar_vision_pillars-1536x861.jpg 1536w, https:\/\/copernicus.gis.is\/homepage\/wp-content\/uploads\/2024\/09\/Sentinel-1_radar_vision_pillars.jpg 1926w\" sizes=\"auto, (max-width: 1024px) 100vw, 1024px\" \/><figcaption class=\"wp-element-caption\">Credit: ESA\/ATG medialab\n\u00a9ESA<\/figcaption><\/figure>\n\n\n\n<p><strong>Ratsj\u00e1 og Sentinel-1: A\u00f0 fylgjast me\u00f0 hreyfingu jar\u00f0ar!<\/strong> ?\u2728&nbsp;<\/p>\n\n\n\n<p>Vissir \u00fe\u00fa a\u00f0 j\u00f6r\u00f0in er \u00e1 st\u00f6\u00f0ugri hreyfingu, jafnvel \u00fe\u00f3 a\u00f0 vi\u00f0 finnum ekki fyrir \u00fev\u00ed? Til a\u00f0 fylgjast me\u00f0 \u00feessari agnarlitlu hreyfingu jar\u00f0arinnar nota v\u00edsindamenn s\u00e9rstakt gervitungl sem kallast Sentinel-1. \u00dea\u00f0 er hluti af Copernicus-verkefninu og um bor\u00f0 \u00ed \u00fev\u00ed er mj\u00f6g flott t\u00e6ki: <strong>ratsj\u00e1!\u00a0<\/strong><\/p>\n\n\n\n<p>Ratsj\u00e1 virkar eins og galdur. \u00cd sta\u00f0inn fyrir a\u00f0 taka venjulegar myndir sendir h\u00fan \u00fat \u00f3s\u00fdnileg merki \u00ed \u00e1tt a\u00f0 j\u00f6r\u00f0u sem endurkastast \u00fear og koma aftur til baka. Me\u00f0 \u00fev\u00ed a\u00f0 m\u00e6la hversu langan t\u00edma \u00fea\u00f0 tekur merki\u00f0 a\u00f0 koma til baka getur ratsj\u00e1in b\u00fai\u00f0 til ofurn\u00e1kv\u00e6mar myndir af yfirbor\u00f0i jar\u00f0arinnar \u2013 jafnvel \u00ed gegnum sk\u00fd e\u00f0a a\u00f0 n\u00f3ttu til! ??&nbsp;<\/p>\n\n\n\n<p>Me\u00f0 ratsj\u00e1nni \u00ed Sentinel-1 gervitunglinu er h\u00e6gt a\u00f0 fylgjast me\u00f0 \u00f6rlitlum hreyfingum \u00ed j\u00f6r\u00f0inni sem geta \u00e1tt s\u00e9r sta\u00f0, til d\u00e6mis \u00e1\u00f0ur en jar\u00f0skj\u00e1lfti ver\u00f0ur e\u00f0a eftir mikla rigningu sem kemur af sta\u00f0 skri\u00f0uf\u00f6llum. \u00deetta kallast v\u00f6ktun jar\u00f0hreyfinga. Eitt af \u00fev\u00ed sem hj\u00e1lpar til vi\u00f0 \u00feessa v\u00f6ktun er <strong>EGMS<\/strong>-\u00fej\u00f3nustan (<strong>E<\/strong>uropean <strong>G<\/strong>round <strong>M<\/strong>otion <strong>S<\/strong>ervice) sem notar ratsj\u00e1na \u00ed Sentinel-1 til a\u00f0 greina jafnvel sm\u00e6stu hreyfingar jar\u00f0ar svo v\u00edsindamenn geti s\u00e9\u00f0 hvort landi\u00f0 s\u00e9 a\u00f0 s\u00edga e\u00f0a f\u00e6rast til.\u00a0<\/p>\n\n\n\n<p>Me\u00f0 \u00fev\u00ed a\u00f0 fylgjast n\u00e1i\u00f0 me\u00f0 breytingum \u00e1 j\u00f6r\u00f0u ni\u00f0ri er h\u00e6gt a\u00f0 vernda b\u00e6\u00f0i f\u00f3lk og n\u00e1tt\u00faru. N\u00e6st \u00feegar \u00fe\u00fa s\u00e9r\u00f0 j\u00f6r\u00f0ina hreyfast \u00ed kvikmynd, mundu \u00fe\u00e1 a\u00f0 Sentinel-1 er a\u00f0 fylgjast me\u00f0 \u00ed raunveruleikanum!&nbsp;<\/p>\n\n\n\n<p>\u00c1 EGMS-kortinu segja litirnir okkur hvernig j\u00f6r\u00f0in er a\u00f0 hreyfast! Rau\u00f0ur litur \u00fe\u00fd\u00f0ir a\u00f0 landi\u00f0 er a\u00f0 s\u00edga e\u00f0a fara ni\u00f0ur. \u00dea\u00f0 getur gerst ef landi\u00f0 er mj\u00fakt e\u00f0a eftir jar\u00f0skj\u00e1lfta. Bl\u00e1r litur \u00fe\u00fd\u00f0ir a\u00f0 landi\u00f0 er a\u00f0 r\u00edsa, eins og \u00fea\u00f0 s\u00e9 a\u00f0 \u00fdtast upp! \u00dea\u00f0 getur gerst \u00feegar n\u00fdtt land myndast e\u00f0a \u00feegar \u00eds hverfur.&nbsp;<\/p>\n\n\n\n<p>Litirnir hj\u00e1lpa v\u00edsindam\u00f6nnum a\u00f0 sj\u00e1 hvernig j\u00f6r\u00f0in hreyfist og fylgjast me\u00f0 \u00f6llum breytingum sem eiga s\u00e9r sta\u00f0. Uppl\u00fdsingarnar sem f\u00e1st eru nota\u00f0ar til a\u00f0 tryggja \u00f6ryggi f\u00f3lks!<\/p>\n\n\n\n<p>N\u00e1nari uppl\u00fdsingar h\u00e9r: <a href=\"https:\/\/land.copernicus.eu\">https:\/\/land.copernicus.eu<\/a><\/p>\n\n\n\n<div class=\"wp-block-group is-layout-constrained wp-block-group-is-layout-constrained\">\n<iframe loading=\"lazy\" src=\"https:\/\/egms.land.copernicus.eu\/#llh=-17.22787353,59.15262002,613664.78386950&#038;look=0.30321289,-0.26292883,-0.91593143&#038;right=0.94816681,-0.01266716,0.31752045&#038;up=0.09508753,0.96473207,-0.24545954&#038;layers=VHR%20Image%20Mosaic%202018_VHR%20Image%20Mosaic%202018-VHR_2018_WM:None,L3-U-U2-release\" width=\"100%\" height=\"800\" frameborder=\"0\"><\/iframe>\n<\/div>\n\n\n\n<div style=\"height:55px\" aria-hidden=\"true\" class=\"wp-block-spacer\"><\/div>\n\n\n\n<figure class=\"wp-block-image size-full wp-duotone-unset-5\"><img loading=\"lazy\" decoding=\"async\" width=\"46\" height=\"33\" src=\"https:\/\/copernicus.gis.is\/homepage\/wp-content\/uploads\/2024\/08\/EN.png\" alt=\"\" class=\"wp-image-378\"\/><\/figure>\n\n\n\n<hr class=\"wp-block-separator has-alpha-channel-opacity is-style-wide\"\/>\n\n\n\n<figure class=\"wp-block-image size-full wp-duotone-unset-6\"><img loading=\"lazy\" decoding=\"async\" width=\"749\" height=\"160\" src=\"https:\/\/copernicus.gis.is\/homepage\/wp-content\/uploads\/2024\/09\/CLMS-logo-text-2.png\" alt=\"\" class=\"wp-image-638\" srcset=\"https:\/\/copernicus.gis.is\/homepage\/wp-content\/uploads\/2024\/09\/CLMS-logo-text-2.png 749w, https:\/\/copernicus.gis.is\/homepage\/wp-content\/uploads\/2024\/09\/CLMS-logo-text-2-300x64.png 300w\" sizes=\"auto, (max-width: 749px) 100vw, 749px\" \/><\/figure>\n\n\n\n<p><strong>Congratulations!<\/strong> ? You\u2019ve found the Copernicus Land Monitoring Service (CLMS)! <\/p>\n\n\n\n<p>The secret letter you are looking for is: <strong>L<\/strong><\/p>\n\n\n\n<figure class=\"wp-block-image size-full wp-duotone-unset-7\"><img loading=\"lazy\" decoding=\"async\" width=\"1024\" height=\"1024\" src=\"https:\/\/copernicus.gis.is\/homepage\/wp-content\/uploads\/2024\/09\/L.png\" alt=\"\" class=\"wp-image-640\" srcset=\"https:\/\/copernicus.gis.is\/homepage\/wp-content\/uploads\/2024\/09\/L.png 1024w, https:\/\/copernicus.gis.is\/homepage\/wp-content\/uploads\/2024\/09\/L-300x300.png 300w, https:\/\/copernicus.gis.is\/homepage\/wp-content\/uploads\/2024\/09\/L-150x150.png 150w, https:\/\/copernicus.gis.is\/homepage\/wp-content\/uploads\/2024\/09\/L-768x768.png 768w\" sizes=\"auto, (max-width: 1024px) 100vw, 1024px\" \/><figcaption class=\"wp-element-caption\">Credit: Dall-E ChatGPT<\/figcaption><\/figure>\n\n\n\n<p>Collect all the letters to form a word and use the word to get your reward at the booth from N\u00e1tt\u00farufr\u00e6\u00f0istofnun.<\/p>\n\n\n\n<p>Here some cool things about the Copernicus Land Monitoring Services (CLMS):<\/p>\n\n\n\n<p>CLMS is like a superhero for the Earth, watching over our land using satellites in space. One of the satellites, <strong>Sentinel-1<\/strong>, takes amazing pictures of the ground. These pictures help us see things like forests, cities, rivers, and mountains from way up high!<\/p>\n\n\n\n<p>With CLMS, scientists can also track how the land is moving with a special tool called <strong>EGMS<\/strong> (European Ground Motion Service). It\u2019s like having a secret power to spot when the ground moves, which can happen during earthquakes or landslides. Knowing this helps us keep people safe and protect nature.<\/p>\n\n\n\n<p>There\u2019s also <strong>CORINE<\/strong>, a special project that maps different types of land all across Europe. It tells us whether the land is covered by forests, farms, water, or even buildings! By understanding how land is being used, we can make better decisions to protect it and make sure it\u2019s healthy for the future.<\/p>\n\n\n\n<p>Thanks to CLMS, scientists and decision-makers can keep track of changes in the land and help take care of our beautiful planet. Keep exploring to learn more about how Copernicus is helping save the Earth!<\/p>\n\n\n\n<figure class=\"wp-block-image size-large wp-duotone-unset-8\"><img loading=\"lazy\" decoding=\"async\" width=\"1024\" height=\"574\" src=\"https:\/\/copernicus.gis.is\/homepage\/wp-content\/uploads\/2024\/09\/Sentinel-1_radar_vision_pillars-1024x574.jpg\" alt=\"\" class=\"wp-image-403\" srcset=\"https:\/\/copernicus.gis.is\/homepage\/wp-content\/uploads\/2024\/09\/Sentinel-1_radar_vision_pillars-1024x574.jpg 1024w, https:\/\/copernicus.gis.is\/homepage\/wp-content\/uploads\/2024\/09\/Sentinel-1_radar_vision_pillars-300x168.jpg 300w, https:\/\/copernicus.gis.is\/homepage\/wp-content\/uploads\/2024\/09\/Sentinel-1_radar_vision_pillars-768x431.jpg 768w, https:\/\/copernicus.gis.is\/homepage\/wp-content\/uploads\/2024\/09\/Sentinel-1_radar_vision_pillars-1536x861.jpg 1536w, https:\/\/copernicus.gis.is\/homepage\/wp-content\/uploads\/2024\/09\/Sentinel-1_radar_vision_pillars.jpg 1926w\" sizes=\"auto, (max-width: 1024px) 100vw, 1024px\" \/><figcaption class=\"wp-element-caption\">Credit: ESA\/ATG medialab\n\u00a9ESA<\/figcaption><\/figure>\n\n\n\n<p><strong>Radar and Sentinel-1: Watching the Earth Move!<\/strong> ?\u2728<\/p>\n\n\n\n<p>Did you know that the Earth is constantly moving, even when we can\u2019t feel it? To keep an eye on these tiny movements, scientists use a special satellite called <strong>Sentinel-1<\/strong>. It\u2019s part of the Copernicus program and has a really cool tool onboard: <strong>radar<\/strong>!<\/p>\n\n\n\n<p>Radar is like magic. Instead of taking regular pictures, it sends out invisible signals that bounce off the ground and come back. By measuring how long it takes for the signal to return, radar can create super-detailed images of the Earth\u2019s surface\u2014even through clouds or at night! ??<\/p>\n\n\n\n<p>With Sentinel-1\u2019s radar, we can track tiny shifts in the ground that might happen before an earthquake or after a big rainstorm causes a landslide. This is called <strong>ground motion monitoring<\/strong>. One of the tools that helps with this is called <strong>EGMS<\/strong> (European Ground Motion Service). EGMS uses Sentinel-1\u2019s radar to spot even the smallest movements, so scientists can figure out if the land is sinking or shifting.<\/p>\n\n\n\n<p>By keeping an eye on these changes, we can protect people and nature. So next time you see the Earth moving in a movie, remember: Sentinel-1 is doing it in real life!<\/p>\n\n\n\n<p>In the EGMS map, colors tell us how the ground is moving! When you see <strong>red<\/strong>, it means the ground is sinking or going down. This can happen if the land is soft or after an earthquake. When you see <strong>blue<\/strong>, it means the ground is rising, like it\u2019s pushing up! This might happen if new land is forming or when ice disappears.<\/p>\n\n\n\n<p>These colors help scientists keep track of changes and keep everyone safe by watching how the Earth moves!<\/p>\n\n\n\n<p>Find out more here: <a href=\"https:\/\/land.copernicus.eu\/\">https:\/\/land.copernicus.eu<\/a><\/p>\n","protected":false},"excerpt":{"rendered":"<p>English below Til hamingju! ? \u00de\u00fa fannst\u00f0 landv\u00f6ktunar\u00fej\u00f3nustu Copernicus (CLMS)!&nbsp; Leynistafurinn sem \u00fe\u00fa leitar a\u00f0 er: L &nbsp; Safna\u00f0u \u00f6llum st\u00f6funum til a\u00f0 mynda or\u00f0 og nota\u00f0u or\u00f0i\u00f0 til a\u00f0 f\u00e1 ver\u00f0laun \u00e1 s\u00fdningarb\u00e1s N\u00e1tt\u00farufr\u00e6\u00f0istofnunar.&nbsp; H\u00e9r eru nokkrar skemmtilegar sta\u00f0reyndir um landv\u00f6ktunar\u00fej\u00f3nustu Copernicus (CLMS):\u00a0 CLMS er eins og ofurhetja &nbsp;sem fylgist me\u00f0 j\u00f6r\u00f0inni me\u00f0 a\u00f0sto\u00f0 [&hellip;]<\/p>\n","protected":false},"author":2,"featured_media":83,"parent":517,"menu_order":0,"comment_status":"closed","ping_status":"closed","template":"wp-custom-template-qr-code-page","meta":{"footnotes":""},"class_list":["post-534","page","type-page","status-publish","has-post-thumbnail","hentry"],"_links":{"self":[{"href":"https:\/\/copernicus.gis.is\/homepage\/index.php\/wp-json\/wp\/v2\/pages\/534","targetHints":{"allow":["GET"]}}],"collection":[{"href":"https:\/\/copernicus.gis.is\/homepage\/index.php\/wp-json\/wp\/v2\/pages"}],"about":[{"href":"https:\/\/copernicus.gis.is\/homepage\/index.php\/wp-json\/wp\/v2\/types\/page"}],"author":[{"embeddable":true,"href":"https:\/\/copernicus.gis.is\/homepage\/index.php\/wp-json\/wp\/v2\/users\/2"}],"replies":[{"embeddable":true,"href":"https:\/\/copernicus.gis.is\/homepage\/index.php\/wp-json\/wp\/v2\/comments?post=534"}],"version-history":[{"count":24,"href":"https:\/\/copernicus.gis.is\/homepage\/index.php\/wp-json\/wp\/v2\/pages\/534\/revisions"}],"predecessor-version":[{"id":738,"href":"https:\/\/copernicus.gis.is\/homepage\/index.php\/wp-json\/wp\/v2\/pages\/534\/revisions\/738"}],"up":[{"embeddable":true,"href":"https:\/\/copernicus.gis.is\/homepage\/index.php\/wp-json\/wp\/v2\/pages\/517"}],"wp:featuredmedia":[{"embeddable":true,"href":"https:\/\/copernicus.gis.is\/homepage\/index.php\/wp-json\/wp\/v2\/media\/83"}],"wp:attachment":[{"href":"https:\/\/copernicus.gis.is\/homepage\/index.php\/wp-json\/wp\/v2\/media?parent=534"}],"curies":[{"name":"wp","href":"https:\/\/api.w.org\/{rel}","templated":true}]}}