{"id":536,"date":"2024-09-13T11:03:06","date_gmt":"2024-09-13T11:03:06","guid":{"rendered":"https:\/\/copernicus.gis.is\/homepage\/?page_id=536"},"modified":"2025-08-07T12:31:06","modified_gmt":"2025-08-07T12:31:06","slug":"b3ysx8l","status":"publish","type":"page","link":"https:\/\/copernicus.gis.is\/homepage\/index.php\/qr0\/b3ysx8l\/","title":{"rendered":"QR2 &#8211; CMEMS"},"content":{"rendered":"\n<figure class=\"wp-block-image size-large is-style-default wp-duotone-unset-1\"><img loading=\"lazy\" decoding=\"async\" width=\"1024\" height=\"357\" src=\"https:\/\/copernicus.gis.is\/homepage\/wp-content\/uploads\/2024\/09\/CMEMS-logo-text-1024x357.png\" alt=\"\" class=\"wp-image-629\" srcset=\"https:\/\/copernicus.gis.is\/homepage\/wp-content\/uploads\/2024\/09\/CMEMS-logo-text-1024x357.png 1024w, https:\/\/copernicus.gis.is\/homepage\/wp-content\/uploads\/2024\/09\/CMEMS-logo-text-300x105.png 300w, https:\/\/copernicus.gis.is\/homepage\/wp-content\/uploads\/2024\/09\/CMEMS-logo-text-768x268.png 768w, https:\/\/copernicus.gis.is\/homepage\/wp-content\/uploads\/2024\/09\/CMEMS-logo-text-1536x536.png 1536w, https:\/\/copernicus.gis.is\/homepage\/wp-content\/uploads\/2024\/09\/CMEMS-logo-text-2048x714.png 2048w\" sizes=\"auto, (max-width: 1024px) 100vw, 1024px\" \/><\/figure>\n\n\n\n<p><img loading=\"lazy\" decoding=\"async\" width=\"46\" height=\"33\" class=\"wp-image-378\" style=\"width: 46px;\" src=\"https:\/\/copernicus.gis.is\/homepage\/wp-content\/uploads\/2024\/08\/EN.png\" alt=\"\"> English below<\/p>\n\n\n\n<figure class=\"wp-block-image size-full wp-duotone-unset-2\"><img loading=\"lazy\" decoding=\"async\" width=\"46\" height=\"33\" src=\"https:\/\/copernicus.gis.is\/homepage\/wp-content\/uploads\/2024\/08\/ISL.png\" alt=\"\" class=\"wp-image-377\"\/><\/figure>\n\n\n\n<p>Til hamingju! ? \u00de\u00fa fannst sj\u00e1varv\u00f6ktunar\u00fej\u00f3nustu &nbsp;(CMEMS)!<\/p>\n\n\n\n<p>Leynistafurinn sem \u00fe\u00fa leitar a\u00f0 er: <strong>T<\/strong><\/p>\n\n\n\n<figure class=\"wp-block-image size-full wp-duotone-unset-3\"><img loading=\"lazy\" decoding=\"async\" width=\"1024\" height=\"1024\" src=\"https:\/\/copernicus.gis.is\/homepage\/wp-content\/uploads\/2024\/09\/T.png\" alt=\"\" class=\"wp-image-658\" srcset=\"https:\/\/copernicus.gis.is\/homepage\/wp-content\/uploads\/2024\/09\/T.png 1024w, https:\/\/copernicus.gis.is\/homepage\/wp-content\/uploads\/2024\/09\/T-300x300.png 300w, https:\/\/copernicus.gis.is\/homepage\/wp-content\/uploads\/2024\/09\/T-150x150.png 150w, https:\/\/copernicus.gis.is\/homepage\/wp-content\/uploads\/2024\/09\/T-768x768.png 768w\" sizes=\"auto, (max-width: 1024px) 100vw, 1024px\" \/><figcaption class=\"wp-element-caption\">Credit: Dall-E ChatGPT<\/figcaption><\/figure>\n\n\n\n<p>Safna\u00f0u \u00f6llum st\u00f6funum til a\u00f0 mynda or\u00f0 og nota\u00f0u or\u00f0i\u00f0 til a\u00f0 f\u00e1 ver\u00f0laun \u00e1 s\u00fdningarb\u00e1s N\u00e1tt\u00farufr\u00e6\u00f0istofnunar.<\/p>\n\n\n\n<p>H\u00e9r eru nokkrar skemmtilegar sta\u00f0reyndir um sj\u00e1varv\u00f6ktunar\u00fej\u00f3nustu Copernicus (CMEMS):<\/p>\n\n\n\n<p>CMEMS-\u00fej\u00f3nustan er eins og ofurhetja hafsins, sem hj\u00e1lpar okkur a\u00f0 skilja hva\u00f0 er a\u00f0 gerast \u00ed h\u00f6fum um allan heim.<\/p>\n\n\n\n<p>Eitt \u00fea\u00f0 skemmtilegasta sem CMEMS-\u00fej\u00f3nustan fylgist me\u00f0 er haf\u00eds! \u00c1 k\u00f6ldustu st\u00f6\u00f0um jar\u00f0ar, eins og \u00e1 nor\u00f0ur- og su\u00f0urskautinu, fr\u00fds sj\u00f3rinn og myndar \u00eds. <strong>CMEMS<\/strong> (<strong>C<\/strong>opernicus <strong>M<\/strong>arine <strong>E<\/strong>nvironment <strong>M<\/strong>onitoring <strong>S<\/strong>ervice) hj\u00e1lpar v\u00edsindam\u00f6nnum a\u00f0 fylgjast me\u00f0 hversu mikill haf\u00eds er til sta\u00f0ar og hvort hann s\u00e9 a\u00f0 br\u00e1\u00f0na. \u00deetta er mj\u00f6g mikilv\u00e6gt \u00fev\u00ed haf\u00edsinn hj\u00e1lpar til vi\u00f0 a\u00f0 halda j\u00f6r\u00f0inni kaldri og \u00f6ruggri fyrir d\u00fdr eins og hv\u00edtabirni! ?\u200d\u2744\ufe0f<\/p>\n\n\n\n<figure class=\"wp-block-image size-large wp-duotone-unset-4\"><img loading=\"lazy\" decoding=\"async\" width=\"1024\" height=\"576\" src=\"https:\/\/copernicus.gis.is\/homepage\/wp-content\/uploads\/2024\/09\/Sentinel-6_Jason_CS_pillars-1024x576.jpg\" alt=\"\" class=\"wp-image-409\" srcset=\"https:\/\/copernicus.gis.is\/homepage\/wp-content\/uploads\/2024\/09\/Sentinel-6_Jason_CS_pillars-1024x576.jpg 1024w, https:\/\/copernicus.gis.is\/homepage\/wp-content\/uploads\/2024\/09\/Sentinel-6_Jason_CS_pillars-300x169.jpg 300w, https:\/\/copernicus.gis.is\/homepage\/wp-content\/uploads\/2024\/09\/Sentinel-6_Jason_CS_pillars-768x432.jpg 768w, https:\/\/copernicus.gis.is\/homepage\/wp-content\/uploads\/2024\/09\/Sentinel-6_Jason_CS_pillars-1536x864.jpg 1536w, https:\/\/copernicus.gis.is\/homepage\/wp-content\/uploads\/2024\/09\/Sentinel-6_Jason_CS_pillars.jpg 1920w\" sizes=\"auto, (max-width: 1024px) 100vw, 1024px\" \/><figcaption class=\"wp-element-caption\">Sentinel 6 &#8211; Credit: ESA\/ATG medialab \u00a9ESA<\/figcaption><\/figure>\n\n\n\n<p>CMEMS notar s\u00e9rst\u00f6k gervitungl, eins og Sentinel-6, til a\u00f0 m\u00e6la h\u00e6\u00f0 sj\u00e1var. \u00deannig geta v\u00edsindamenn athuga\u00f0 hvort yfirbor\u00f0 sj\u00e1var s\u00e9 a\u00f0 h\u00e6kka. Me\u00f0 \u00fev\u00ed a\u00f0 fylgjast me\u00f0 sj\u00e1varh\u00e6\u00f0 er h\u00e6gt a\u00f0 verja strendur og borgir sem standa vi\u00f0 sj\u00f3inn gegn fl\u00f3\u00f0um og h\u00e1um \u00f6ldum!<\/p>\n\n\n\n<p>\u00de\u00f6kk s\u00e9 CMEMS-\u00fej\u00f3nustunni getum vi\u00f0 l\u00e6rt meira um hafi\u00f0 okkar og hj\u00e1lpa\u00f0 til vi\u00f0 a\u00f0 vernda \u00fea\u00f0 fyrir framt\u00ed\u00f0ina. Haltu \u00e1fram a\u00f0 rannsaka og sj\u00e1\u00f0u hvernig Copernicus hj\u00e1lpar til vi\u00f0 a\u00f0 halda h\u00f6funum heilbrig\u00f0um og \u00f6ruggum fyrir alla!<\/p>\n\n\n\n<p>Sko\u00f0a\u00f0u l\u00edka MyOceanLearn \u00fear sem \u00fe\u00fa getur kanna\u00f0 undur hafsins! ? \u00dear getur\u00f0u l\u00e6rt um <strong>haf\u00eds<\/strong>, <strong>seltu sj\u00e1var og hitastig sj\u00e1var<\/strong>. \u00de\u00fa getur einnig uppg\u00f6tva\u00f0 hvernig sj\u00f3rinn hreyfist me\u00f0 straumum, s\u00e9\u00f0 gr\u00e6na litinn fr\u00e1 l\u00edfr\u00edkinu \u00ed hafinu (bla\u00f0gr\u00e6na) og l\u00e6rt um \u00f6ldur. Kafa\u00f0u ofan \u00ed fr\u00f3\u00f0leikinn og vertu s\u00e9rfr\u00e6\u00f0ingur \u00ed hafinu!<\/p>\n\n\n\n<p>N\u00e1nari uppl\u00fdsingar h\u00e9r: <a href=\"https:\/\/marine.copernicus.eu\/\">https:\/\/marine.copernicus.eu\/<\/a><\/p>\n\n\n\n<div class=\"wp-block-group is-layout-constrained wp-block-group-is-layout-constrained\">\n<iframe loading=\"lazy\" src=\"https:\/\/myoceanlearn.marine.copernicus.eu\/\" width=\"100%\" height=\"800\" frameborder=\"0\"><\/iframe>\n<\/div>\n\n\n\n<div style=\"height:55px\" aria-hidden=\"true\" class=\"wp-block-spacer\"><\/div>\n\n\n\n<figure class=\"wp-block-image size-full wp-duotone-unset-5\"><img loading=\"lazy\" decoding=\"async\" width=\"46\" height=\"33\" src=\"https:\/\/copernicus.gis.is\/homepage\/wp-content\/uploads\/2024\/08\/EN.png\" alt=\"\" class=\"wp-image-378\"\/><\/figure>\n\n\n\n<hr class=\"wp-block-separator has-alpha-channel-opacity is-style-wide\"\/>\n\n\n\n<figure class=\"wp-block-image size-large is-style-default wp-duotone-unset-6\"><img loading=\"lazy\" decoding=\"async\" width=\"1024\" height=\"357\" src=\"https:\/\/copernicus.gis.is\/homepage\/wp-content\/uploads\/2024\/09\/CMEMS-logo-text-1024x357.png\" alt=\"\" class=\"wp-image-629\" srcset=\"https:\/\/copernicus.gis.is\/homepage\/wp-content\/uploads\/2024\/09\/CMEMS-logo-text-1024x357.png 1024w, https:\/\/copernicus.gis.is\/homepage\/wp-content\/uploads\/2024\/09\/CMEMS-logo-text-300x105.png 300w, https:\/\/copernicus.gis.is\/homepage\/wp-content\/uploads\/2024\/09\/CMEMS-logo-text-768x268.png 768w, https:\/\/copernicus.gis.is\/homepage\/wp-content\/uploads\/2024\/09\/CMEMS-logo-text-1536x536.png 1536w, https:\/\/copernicus.gis.is\/homepage\/wp-content\/uploads\/2024\/09\/CMEMS-logo-text-2048x714.png 2048w\" sizes=\"auto, (max-width: 1024px) 100vw, 1024px\" \/><\/figure>\n\n\n\n<p><strong>Congratulations!<\/strong> ? You\u2019ve found the Copernicus Marine Environment Monitoring Service (CMEMS)!<\/p>\n\n\n\n<p>The secret letter you are looking for is:<strong> T<\/strong><\/p>\n\n\n\n<figure class=\"wp-block-image size-full wp-duotone-unset-7\"><img loading=\"lazy\" decoding=\"async\" width=\"1024\" height=\"1024\" src=\"https:\/\/copernicus.gis.is\/homepage\/wp-content\/uploads\/2024\/09\/T.png\" alt=\"\" class=\"wp-image-658\" srcset=\"https:\/\/copernicus.gis.is\/homepage\/wp-content\/uploads\/2024\/09\/T.png 1024w, https:\/\/copernicus.gis.is\/homepage\/wp-content\/uploads\/2024\/09\/T-300x300.png 300w, https:\/\/copernicus.gis.is\/homepage\/wp-content\/uploads\/2024\/09\/T-150x150.png 150w, https:\/\/copernicus.gis.is\/homepage\/wp-content\/uploads\/2024\/09\/T-768x768.png 768w\" sizes=\"auto, (max-width: 1024px) 100vw, 1024px\" \/><figcaption class=\"wp-element-caption\">Credit: Dall-E ChatGPT<\/figcaption><\/figure>\n\n\n\n<p>Collect all the letters to form a word and use the word to get your reward at the booth from N\u00e1tt\u00farufr\u00e6\u00f0istofnun.<\/p>\n\n\n\n<p>Here some cool things about the Copernicus Marine Environment Monitoring Service (CMEMS):<\/p>\n\n\n\n<p>This service is like a big ocean superhero, helping us understand what&#8217;s happening in the seas and oceans around the world.<\/p>\n\n\n\n<p>One really cool thing CMEMS watches is <strong>sea ice<\/strong>! In the coldest places, like the Arctic and Antarctic, the ocean freezes into ice. CMEMS helps scientists track how much sea ice there is and if it&#8217;s melting. This is super important because sea ice helps keep our planet cool and safe for animals like polar bears! ?\u200d\u2744\ufe0f<\/p>\n\n\n\n<figure class=\"wp-block-image size-large wp-duotone-unset-8\"><img loading=\"lazy\" decoding=\"async\" width=\"1024\" height=\"576\" src=\"https:\/\/copernicus.gis.is\/homepage\/wp-content\/uploads\/2024\/09\/Sentinel-6_Jason_CS_pillars-1024x576.jpg\" alt=\"\" class=\"wp-image-409\" srcset=\"https:\/\/copernicus.gis.is\/homepage\/wp-content\/uploads\/2024\/09\/Sentinel-6_Jason_CS_pillars-1024x576.jpg 1024w, https:\/\/copernicus.gis.is\/homepage\/wp-content\/uploads\/2024\/09\/Sentinel-6_Jason_CS_pillars-300x169.jpg 300w, https:\/\/copernicus.gis.is\/homepage\/wp-content\/uploads\/2024\/09\/Sentinel-6_Jason_CS_pillars-768x432.jpg 768w, https:\/\/copernicus.gis.is\/homepage\/wp-content\/uploads\/2024\/09\/Sentinel-6_Jason_CS_pillars-1536x864.jpg 1536w, https:\/\/copernicus.gis.is\/homepage\/wp-content\/uploads\/2024\/09\/Sentinel-6_Jason_CS_pillars.jpg 1920w\" sizes=\"auto, (max-width: 1024px) 100vw, 1024px\" \/><figcaption class=\"wp-element-caption\">Sentinel 6 &#8211; Credit: ESA\/ATG medialab \u00a9ESA<\/figcaption><\/figure>\n\n\n\n<p>CMEMS also uses special satellites, like <strong>Sentinel-6<\/strong>, to measure the height of the ocean. This is how scientists check if sea levels are rising. By keeping an eye on ocean heights, we can protect beaches and cities near the coast from floods and big waves!<\/p>\n\n\n\n<p>Thanks to CMEMS, we can learn more about our oceans and help protect them for the future. Keep exploring and see how Copernicus helps the seas stay healthy and safe for everyone!<\/p>\n\n\n\n<p>Try also <strong>MyOceanLearn<\/strong>, where you can explore the wonders of the ocean! ? You can learn about <strong>sea ice<\/strong>, how salty the ocean is (<strong>salinity<\/strong>), and how warm or cold it gets (<strong>sea temperature<\/strong>). Discover how the water moves with <strong>currents<\/strong>, see the green color from ocean life (<strong>chlorophyll<\/strong>), and learn about <strong>waves<\/strong>. Dive in and become an ocean expert!<\/p>\n\n\n\n<p>Find out more here: <a href=\"https:\/\/marine.copernicus.eu\/\">https:\/\/marine.copernicus.eu\/<\/a><\/p>\n","protected":false},"excerpt":{"rendered":"<p>English below Til hamingju! ? \u00de\u00fa fannst sj\u00e1varv\u00f6ktunar\u00fej\u00f3nustu &nbsp;(CMEMS)! Leynistafurinn sem \u00fe\u00fa leitar a\u00f0 er: T Safna\u00f0u \u00f6llum st\u00f6funum til a\u00f0 mynda or\u00f0 og nota\u00f0u or\u00f0i\u00f0 til a\u00f0 f\u00e1 ver\u00f0laun \u00e1 s\u00fdningarb\u00e1s N\u00e1tt\u00farufr\u00e6\u00f0istofnunar. H\u00e9r eru nokkrar skemmtilegar sta\u00f0reyndir um sj\u00e1varv\u00f6ktunar\u00fej\u00f3nustu Copernicus (CMEMS): CMEMS-\u00fej\u00f3nustan er eins og ofurhetja hafsins, sem hj\u00e1lpar okkur a\u00f0 skilja hva\u00f0 er [&hellip;]<\/p>\n","protected":false},"author":2,"featured_media":0,"parent":517,"menu_order":0,"comment_status":"closed","ping_status":"closed","template":"wp-custom-template-qr-code-page","meta":{"footnotes":""},"class_list":["post-536","page","type-page","status-publish","hentry"],"_links":{"self":[{"href":"https:\/\/copernicus.gis.is\/homepage\/index.php\/wp-json\/wp\/v2\/pages\/536","targetHints":{"allow":["GET"]}}],"collection":[{"href":"https:\/\/copernicus.gis.is\/homepage\/index.php\/wp-json\/wp\/v2\/pages"}],"about":[{"href":"https:\/\/copernicus.gis.is\/homepage\/index.php\/wp-json\/wp\/v2\/types\/page"}],"author":[{"embeddable":true,"href":"https:\/\/copernicus.gis.is\/homepage\/index.php\/wp-json\/wp\/v2\/users\/2"}],"replies":[{"embeddable":true,"href":"https:\/\/copernicus.gis.is\/homepage\/index.php\/wp-json\/wp\/v2\/comments?post=536"}],"version-history":[{"count":9,"href":"https:\/\/copernicus.gis.is\/homepage\/index.php\/wp-json\/wp\/v2\/pages\/536\/revisions"}],"predecessor-version":[{"id":736,"href":"https:\/\/copernicus.gis.is\/homepage\/index.php\/wp-json\/wp\/v2\/pages\/536\/revisions\/736"}],"up":[{"embeddable":true,"href":"https:\/\/copernicus.gis.is\/homepage\/index.php\/wp-json\/wp\/v2\/pages\/517"}],"wp:attachment":[{"href":"https:\/\/copernicus.gis.is\/homepage\/index.php\/wp-json\/wp\/v2\/media?parent=536"}],"curies":[{"name":"wp","href":"https:\/\/api.w.org\/{rel}","templated":true}]}}