{"id":538,"date":"2024-09-13T11:03:45","date_gmt":"2024-09-13T11:03:45","guid":{"rendered":"https:\/\/copernicus.gis.is\/homepage\/?page_id=538"},"modified":"2025-08-07T12:31:14","modified_gmt":"2025-08-07T12:31:14","slug":"c1rwl9o","status":"publish","type":"page","link":"https:\/\/copernicus.gis.is\/homepage\/index.php\/qr0\/c1rwl9o\/","title":{"rendered":"QR3 &#8211; CAMS"},"content":{"rendered":"\n<figure class=\"wp-block-image size-large wp-duotone-unset-1\"><img loading=\"lazy\" decoding=\"async\" width=\"1024\" height=\"347\" src=\"https:\/\/copernicus.gis.is\/homepage\/wp-content\/uploads\/2024\/09\/CAMS\u2013POS\u2013LINE-1024x347.png\" alt=\"\" class=\"wp-image-635\" srcset=\"https:\/\/copernicus.gis.is\/homepage\/wp-content\/uploads\/2024\/09\/CAMS\u2013POS\u2013LINE-1024x347.png 1024w, https:\/\/copernicus.gis.is\/homepage\/wp-content\/uploads\/2024\/09\/CAMS\u2013POS\u2013LINE-300x102.png 300w, https:\/\/copernicus.gis.is\/homepage\/wp-content\/uploads\/2024\/09\/CAMS\u2013POS\u2013LINE-768x260.png 768w, https:\/\/copernicus.gis.is\/homepage\/wp-content\/uploads\/2024\/09\/CAMS\u2013POS\u2013LINE-1536x521.png 1536w, https:\/\/copernicus.gis.is\/homepage\/wp-content\/uploads\/2024\/09\/CAMS\u2013POS\u2013LINE-2048x694.png 2048w\" sizes=\"auto, (max-width: 1024px) 100vw, 1024px\" \/><\/figure>\n\n\n\n<p><img loading=\"lazy\" decoding=\"async\" width=\"46\" height=\"33\" class=\"wp-image-378\" style=\"width: 46px;\" src=\"https:\/\/copernicus.gis.is\/homepage\/wp-content\/uploads\/2024\/08\/EN.png\" alt=\"\"> English below<\/p>\n\n\n\n<figure class=\"wp-block-image size-full wp-duotone-unset-2\"><img loading=\"lazy\" decoding=\"async\" width=\"46\" height=\"33\" src=\"https:\/\/copernicus.gis.is\/homepage\/wp-content\/uploads\/2024\/08\/ISL.png\" alt=\"\" class=\"wp-image-377\"\/><\/figure>\n\n\n\n<p>Til hamingju! ? \u00de\u00fa fannst loftg\u00e6\u00f0av\u00f6ktunar\u00fej\u00f3nustu Copernicus (CAMS)!&nbsp;<\/p>\n\n\n\n<p>Leynistafurinn sem \u00fe\u00fa leitar a\u00f0 er: <strong>G\u00a0<\/strong><\/p>\n\n\n\n<figure class=\"wp-block-image size-full wp-duotone-unset-3\"><img loading=\"lazy\" decoding=\"async\" width=\"1024\" height=\"1024\" src=\"https:\/\/copernicus.gis.is\/homepage\/wp-content\/uploads\/2024\/09\/G.png\" alt=\"\" class=\"wp-image-665\" srcset=\"https:\/\/copernicus.gis.is\/homepage\/wp-content\/uploads\/2024\/09\/G.png 1024w, https:\/\/copernicus.gis.is\/homepage\/wp-content\/uploads\/2024\/09\/G-300x300.png 300w, https:\/\/copernicus.gis.is\/homepage\/wp-content\/uploads\/2024\/09\/G-150x150.png 150w, https:\/\/copernicus.gis.is\/homepage\/wp-content\/uploads\/2024\/09\/G-768x768.png 768w\" sizes=\"auto, (max-width: 1024px) 100vw, 1024px\" \/><figcaption class=\"wp-element-caption\">Credit: Dall-E ChatGPT<\/figcaption><\/figure>\n\n\n\n<p>Safna\u00f0u \u00f6llum st\u00f6funum til a\u00f0 mynda or\u00f0 og nota\u00f0u or\u00f0i\u00f0 til a\u00f0 f\u00e1 ver\u00f0laun \u00e1 s\u00fdningarb\u00e1s N\u00e1tt\u00farufr\u00e6\u00f0istofnunar.\u00a0\u00a0<\/p>\n\n\n\n<p>H\u00e9r eru nokkrar skemmtilegar sta\u00f0reyndir um loftg\u00e6\u00f0av\u00f6ktunar\u00fej\u00f3nustu Copernicus (CAMS):&nbsp;<\/p>\n\n\n\n<p>CAMS-\u00fej\u00f3nustan fylgist me\u00f0 \u00fev\u00ed sem er a\u00f0 gerast \u00ed loftinu sem vi\u00f0 \u00f6ndum a\u00f0 okkur. \u00dea\u00f0 hj\u00e1lpar v\u00edsindam\u00f6nnum a\u00f0 skilja hluti eins og mengun og ve\u00f0urfar og \u00fea\u00f0 hvernig andr\u00famslofti\u00f0 breytist me\u00f0 t\u00edmanum.&nbsp;<\/p>\n\n\n\n<p>Eitt af \u00fev\u00ed mikilv\u00e6gasta sem CAMS-\u00fej\u00f3nustan fylgist me\u00f0 eru gr\u00f3\u00f0urh\u00fasalofttegundir. \u00dea\u00f0 eru lofttegundir eins og koltv\u00eds\u00fdringur sem fanga hita \u00ed andr\u00famsloftinu og gera j\u00f6r\u00f0ina heitari. <strong>CAMS <\/strong>(<strong>C<\/strong>opernicus <strong>A<\/strong>tmospheric <strong>M<\/strong>onitoring <strong>S<\/strong>ervice) hj\u00e1lpar v\u00edsindam\u00f6nnum a\u00f0 fylgjast me\u00f0 magni gr\u00f3\u00f0urh\u00fasalofttegunda \u00ed loftinu, svo vi\u00f0 getum unni\u00f0 a\u00f0 \u00fev\u00ed a\u00f0 vernda j\u00f6r\u00f0ina gegn ofhitnun og haldi\u00f0 andr\u00famsloftinu heiln\u00e6mu fyrir alla.\u00a0<\/p>\n\n\n\n<figure class=\"wp-block-image size-large wp-duotone-unset-4\"><img loading=\"lazy\" decoding=\"async\" width=\"1024\" height=\"724\" src=\"https:\/\/copernicus.gis.is\/homepage\/wp-content\/uploads\/2024\/09\/Sentinel-5P_pillars-1024x724.jpg\" alt=\"\" class=\"wp-image-408\" srcset=\"https:\/\/copernicus.gis.is\/homepage\/wp-content\/uploads\/2024\/09\/Sentinel-5P_pillars-1024x724.jpg 1024w, https:\/\/copernicus.gis.is\/homepage\/wp-content\/uploads\/2024\/09\/Sentinel-5P_pillars-300x212.jpg 300w, https:\/\/copernicus.gis.is\/homepage\/wp-content\/uploads\/2024\/09\/Sentinel-5P_pillars-768x543.jpg 768w, https:\/\/copernicus.gis.is\/homepage\/wp-content\/uploads\/2024\/09\/Sentinel-5P_pillars-1536x1086.jpg 1536w, https:\/\/copernicus.gis.is\/homepage\/wp-content\/uploads\/2024\/09\/Sentinel-5P_pillars.jpg 1920w\" sizes=\"auto, (max-width: 1024px) 100vw, 1024px\" \/><figcaption class=\"wp-element-caption\">Sentinel 5P &#8211; Credit: ESA\/ATG medialab \u00a9ESA<\/figcaption><\/figure>\n\n\n\n<p>Anna\u00f0 sni\u00f0ugt sem CAMS fylgist me\u00f0 er s\u00f3largeislun! ? \u00dea\u00f0 er orkan fr\u00e1 s\u00f3linni sem n\u00e6r til jar\u00f0ar. CAMS notar s\u00e9rstakt gervitungl sem heitir Sentinel-5P til a\u00f0 m\u00e6la hversu miki\u00f0 s\u00f3larlj\u00f3s n\u00e6r til jar\u00f0ar. G\u00f6gnin sem f\u00e1st \u00far \u00feessu hj\u00e1lpa okkur a\u00f0 skilja s\u00f3lskinsve\u00f0ur og koma a\u00f0 gagni fyrir \u00fe\u00e1 sem nota s\u00f3larrafhl\u00f6\u00f0ur til a\u00f0 f\u00e1 meiri orku fr\u00e1 s\u00f3linni!&nbsp;<\/p>\n\n\n\n<p>Me\u00f0 CAMS-\u00fej\u00f3nustunni geta v\u00edsindamenn fylgst me\u00f0 loftinu \u00ed kringum j\u00f6r\u00f0u. \u00dea\u00f0 hj\u00e1lpar okkur a\u00f0 vi\u00f0halda heilbrig\u00f0i og vernda pl\u00e1netuna okkar. Haltu \u00e1fram a\u00f0 rannsaka og sj\u00e1\u00f0u hvernig Copernicus hj\u00e1lpar til vi\u00f0 a\u00f0 hreinsa lofti\u00f0 og gera framt\u00ed\u00f0ina bjartari!&nbsp;<\/p>\n\n\n\n<p>\u00c1 kortinu m\u00e1 sj\u00e1 svifryk (PM10) sem eru \u00f6rsm\u00e1ar ryk- e\u00f0a reykagnir sem sv\u00edfa \u00ed loftinu. Agnirnar eru svo litlar \u2013 um 10 m\u00edkr\u00f3metrar \u00ed \u00feverm\u00e1l \u2013 a\u00f0 \u00fe\u00fa s\u00e9r\u00f0 \u00fe\u00e6r ekki me\u00f0 berum augum. \u00de\u00e6r geta samt veri\u00f0 ska\u00f0legar ef \u00fe\u00fa andar \u00feeim a\u00f0 \u00fe\u00e9r \u00ed miklu magni. Svifryk kemur fr\u00e1 \u00fdmsum st\u00f6\u00f0um, b\u00e6\u00f0i vegna athafna mannsins og fr\u00e1 n\u00e1tt\u00farunni sj\u00e1lfri. Sem d\u00e6mi m\u00e1 nefna umfer\u00f0 b\u00edla, verksmi\u00f0jur, rykfok og eldgos! CAMS hj\u00e1lpar v\u00edsindam\u00f6nnum a\u00f0 fylgjast me\u00f0 magni \u00feessara sm\u00e1u agna \u00ed loftinu svo \u00feeir geti vara\u00f0 f\u00f3lk vi\u00f0 og hj\u00e1lpa\u00f0 til vi\u00f0 a\u00f0 gera lofti\u00f0 hreinna.&nbsp;<\/p>\n\n\n\n<p>Sta\u00f0an \u00ed Reykjav\u00edk n\u00fana.&nbsp;<\/p>\n\n\n\n<div class=\"wp-block-group is-layout-constrained wp-block-group-is-layout-constrained\">\n<iframe loading=\"lazy\" src=\"https:\/\/atmosphere.copernicus.eu\/charts\/packages\/cams_air_quality\/products\/plume_cams_eu_particulate_matter_10um_web?base_time=202409210000&#038;lat=64.146&#038;lon=-21.9423&#038;station_name=Reykjav%C3%ADk\" width=\"100%\" height=\"800\" frameborder=\"0\"><\/iframe>\n<\/div>\n\n\n\n<p>N\u00e1nari uppl\u00fdsingar h\u00e9r: <a href=\"https:\/\/atmosphere.copernicus.eu\/\">https:\/\/atmosphere.copernicus.eu\/<\/a><\/p>\n\n\n\n<div style=\"height:55px\" aria-hidden=\"true\" class=\"wp-block-spacer\"><\/div>\n\n\n\n<figure class=\"wp-block-image size-full wp-duotone-unset-5\"><img loading=\"lazy\" decoding=\"async\" width=\"46\" height=\"33\" src=\"https:\/\/copernicus.gis.is\/homepage\/wp-content\/uploads\/2024\/08\/EN.png\" alt=\"\" class=\"wp-image-378\"\/><\/figure>\n\n\n\n<hr class=\"wp-block-separator has-alpha-channel-opacity is-style-wide\"\/>\n\n\n\n<figure class=\"wp-block-image size-large wp-duotone-unset-6\"><img loading=\"lazy\" decoding=\"async\" width=\"1024\" height=\"347\" src=\"https:\/\/copernicus.gis.is\/homepage\/wp-content\/uploads\/2024\/09\/CAMS\u2013POS\u2013LINE-1024x347.png\" alt=\"\" class=\"wp-image-635\" srcset=\"https:\/\/copernicus.gis.is\/homepage\/wp-content\/uploads\/2024\/09\/CAMS\u2013POS\u2013LINE-1024x347.png 1024w, https:\/\/copernicus.gis.is\/homepage\/wp-content\/uploads\/2024\/09\/CAMS\u2013POS\u2013LINE-300x102.png 300w, https:\/\/copernicus.gis.is\/homepage\/wp-content\/uploads\/2024\/09\/CAMS\u2013POS\u2013LINE-768x260.png 768w, https:\/\/copernicus.gis.is\/homepage\/wp-content\/uploads\/2024\/09\/CAMS\u2013POS\u2013LINE-1536x521.png 1536w, https:\/\/copernicus.gis.is\/homepage\/wp-content\/uploads\/2024\/09\/CAMS\u2013POS\u2013LINE-2048x694.png 2048w\" sizes=\"auto, (max-width: 1024px) 100vw, 1024px\" \/><\/figure>\n\n\n\n<p><strong style=\"font-size: revert; background-color: var(--wp--preset--color--black); color: var(--wp--preset--color--foreground); font-family: var(--wp--preset--font-family--inter);\">Congratulations!<\/strong><span style=\"font-size: revert; background-color: var(--wp--preset--color--black); color: var(--wp--preset--color--foreground); font-family: var(--wp--preset--font-family--inter);\"> ? You\u2019ve found the Copernicus Atmospheric Monitoring Service (CAMS)! <\/span><\/p>\n\n\n\n<p>The secret letter you are looking for is: <strong>G<\/strong><\/p>\n\n\n\n<figure class=\"wp-block-image size-full wp-duotone-unset-7\"><img loading=\"lazy\" decoding=\"async\" width=\"1024\" height=\"1024\" src=\"https:\/\/copernicus.gis.is\/homepage\/wp-content\/uploads\/2024\/09\/G.png\" alt=\"\" class=\"wp-image-665\" srcset=\"https:\/\/copernicus.gis.is\/homepage\/wp-content\/uploads\/2024\/09\/G.png 1024w, https:\/\/copernicus.gis.is\/homepage\/wp-content\/uploads\/2024\/09\/G-300x300.png 300w, https:\/\/copernicus.gis.is\/homepage\/wp-content\/uploads\/2024\/09\/G-150x150.png 150w, https:\/\/copernicus.gis.is\/homepage\/wp-content\/uploads\/2024\/09\/G-768x768.png 768w\" sizes=\"auto, (max-width: 1024px) 100vw, 1024px\" \/><figcaption class=\"wp-element-caption\">Credit: Dall-E ChatGPT<\/figcaption><\/figure>\n\n\n\n<p>Collect all the letters to form a word and use the word to get your reward at the booth from N\u00e1tt\u00farufr\u00e6\u00f0istofnun.<\/p>\n\n\n\n<hr class=\"wp-block-separator has-alpha-channel-opacity is-style-wide\"\/>\n\n\n\n<p>Here some cool things about the <span style=\"font-size: revert; background-color: var(--wp--preset--color--black); color: var(--wp--preset--color--foreground); font-family: var(--wp--preset--font-family--inter);\">Copernicus Atmospheric Monitoring Service (CAMS)<\/span>:<\/p>\n\n\n\n<p>This service keeps track of what\u2019s happening in the air we breathe. It helps scientists understand things like pollution, weather, and even how the atmosphere is changing over time. <\/p>\n\n\n\n<p>One important thing CAMS watches is greenhouse gases. These gases, like carbon dioxide, trap heat in the atmosphere, making our planet warmer. CAMS helps scientists track how much greenhouse gas is in the air, so we can work to protect the Earth from getting too hot and keep the climate healthy for everyone.<\/p>\n\n\n\n<figure class=\"wp-block-image size-large wp-duotone-unset-8\"><img loading=\"lazy\" decoding=\"async\" width=\"1024\" height=\"724\" src=\"https:\/\/copernicus.gis.is\/homepage\/wp-content\/uploads\/2024\/09\/Sentinel-5P_pillars-1024x724.jpg\" alt=\"\" class=\"wp-image-408\" srcset=\"https:\/\/copernicus.gis.is\/homepage\/wp-content\/uploads\/2024\/09\/Sentinel-5P_pillars-1024x724.jpg 1024w, https:\/\/copernicus.gis.is\/homepage\/wp-content\/uploads\/2024\/09\/Sentinel-5P_pillars-300x212.jpg 300w, https:\/\/copernicus.gis.is\/homepage\/wp-content\/uploads\/2024\/09\/Sentinel-5P_pillars-768x543.jpg 768w, https:\/\/copernicus.gis.is\/homepage\/wp-content\/uploads\/2024\/09\/Sentinel-5P_pillars-1536x1086.jpg 1536w, https:\/\/copernicus.gis.is\/homepage\/wp-content\/uploads\/2024\/09\/Sentinel-5P_pillars.jpg 1920w\" sizes=\"auto, (max-width: 1024px) 100vw, 1024px\" \/><figcaption class=\"wp-element-caption\">Sentinel 5P &#8211; Credit: ESA\/ATG medialab \u00a9ESA<\/figcaption><\/figure>\n\n\n\n<p>Another cool thing CAMS watches is solar radiation! ? This is the energy from the Sun that reaches the Earth. CAMS uses a special satellite called Sentinel-5P to measure how much sunlight hits the ground. Knowing this helps us understand sunny weather and also helps people with solar panels get more energy from the Sun!<\/p>\n\n\n\n<p>With CAMS, scientists can keep an eye on the air, helping us stay healthy and protect our planet. Keep exploring and see how Copernicus is helping to clean up the air and make our future brighter!<\/p>\n\n\n\n<p>In the following chart, <strong>PM10<\/strong> is a type of tiny dust or smoke that floats in the air. These particles are so small\u2014about 10 micrometers across\u2014that you can\u2019t see them, but they can still be harmful if you breathe in too much of them. PM10 comes from things like cars, factories, and even natural sources like dust storms! CAMS helps scientists track how much of this tiny dust is in the air so they can warn people and help make the air cleaner.<\/p>\n\n\n\n<p>Find out more here: <a href=\"https:\/\/atmosphere.copernicus.eu\/\">https:\/\/atmosphere.copernicus.eu\/<\/a><\/p>\n","protected":false},"excerpt":{"rendered":"<p>English below Til hamingju! ? \u00de\u00fa fannst loftg\u00e6\u00f0av\u00f6ktunar\u00fej\u00f3nustu Copernicus (CAMS)!&nbsp; Leynistafurinn sem \u00fe\u00fa leitar a\u00f0 er: G\u00a0 Safna\u00f0u \u00f6llum st\u00f6funum til a\u00f0 mynda or\u00f0 og nota\u00f0u or\u00f0i\u00f0 til a\u00f0 f\u00e1 ver\u00f0laun \u00e1 s\u00fdningarb\u00e1s N\u00e1tt\u00farufr\u00e6\u00f0istofnunar.\u00a0\u00a0 H\u00e9r eru nokkrar skemmtilegar sta\u00f0reyndir um loftg\u00e6\u00f0av\u00f6ktunar\u00fej\u00f3nustu Copernicus (CAMS):&nbsp; CAMS-\u00fej\u00f3nustan fylgist me\u00f0 \u00fev\u00ed sem er a\u00f0 gerast \u00ed loftinu sem vi\u00f0 [&hellip;]<\/p>\n","protected":false},"author":2,"featured_media":0,"parent":517,"menu_order":0,"comment_status":"closed","ping_status":"closed","template":"wp-custom-template-qr-code-page","meta":{"footnotes":""},"class_list":["post-538","page","type-page","status-publish","hentry"],"_links":{"self":[{"href":"https:\/\/copernicus.gis.is\/homepage\/index.php\/wp-json\/wp\/v2\/pages\/538","targetHints":{"allow":["GET"]}}],"collection":[{"href":"https:\/\/copernicus.gis.is\/homepage\/index.php\/wp-json\/wp\/v2\/pages"}],"about":[{"href":"https:\/\/copernicus.gis.is\/homepage\/index.php\/wp-json\/wp\/v2\/types\/page"}],"author":[{"embeddable":true,"href":"https:\/\/copernicus.gis.is\/homepage\/index.php\/wp-json\/wp\/v2\/users\/2"}],"replies":[{"embeddable":true,"href":"https:\/\/copernicus.gis.is\/homepage\/index.php\/wp-json\/wp\/v2\/comments?post=538"}],"version-history":[{"count":11,"href":"https:\/\/copernicus.gis.is\/homepage\/index.php\/wp-json\/wp\/v2\/pages\/538\/revisions"}],"predecessor-version":[{"id":739,"href":"https:\/\/copernicus.gis.is\/homepage\/index.php\/wp-json\/wp\/v2\/pages\/538\/revisions\/739"}],"up":[{"embeddable":true,"href":"https:\/\/copernicus.gis.is\/homepage\/index.php\/wp-json\/wp\/v2\/pages\/517"}],"wp:attachment":[{"href":"https:\/\/copernicus.gis.is\/homepage\/index.php\/wp-json\/wp\/v2\/media?parent=538"}],"curies":[{"name":"wp","href":"https:\/\/api.w.org\/{rel}","templated":true}]}}