{"id":540,"date":"2024-09-13T11:04:12","date_gmt":"2024-09-13T11:04:12","guid":{"rendered":"https:\/\/copernicus.gis.is\/homepage\/?page_id=540"},"modified":"2025-08-07T12:31:24","modified_gmt":"2025-08-07T12:31:24","slug":"d2trz0k","status":"publish","type":"page","link":"https:\/\/copernicus.gis.is\/homepage\/index.php\/qr0\/d2trz0k\/","title":{"rendered":"QR4 &#8211; C3S"},"content":{"rendered":"\n<figure class=\"wp-block-image size-full is-resized wp-duotone-unset-1\"><img loading=\"lazy\" decoding=\"async\" width=\"867\" height=\"454\" src=\"https:\/\/copernicus.gis.is\/homepage\/wp-content\/uploads\/2024\/09\/C3S\u2013POS\u2013LINE.png\" alt=\"\" class=\"wp-image-633\" style=\"width:650px;height:auto\" srcset=\"https:\/\/copernicus.gis.is\/homepage\/wp-content\/uploads\/2024\/09\/C3S\u2013POS\u2013LINE.png 867w, https:\/\/copernicus.gis.is\/homepage\/wp-content\/uploads\/2024\/09\/C3S\u2013POS\u2013LINE-300x157.png 300w, https:\/\/copernicus.gis.is\/homepage\/wp-content\/uploads\/2024\/09\/C3S\u2013POS\u2013LINE-768x402.png 768w\" sizes=\"auto, (max-width: 867px) 100vw, 867px\" \/><\/figure>\n\n\n\n<p><img loading=\"lazy\" decoding=\"async\" width=\"46\" height=\"33\" class=\"wp-image-378\" style=\"width: 46px;\" src=\"https:\/\/copernicus.gis.is\/homepage\/wp-content\/uploads\/2024\/08\/EN.png\" alt=\"\"> English below<\/p>\n\n\n\n<figure class=\"wp-block-image size-full wp-duotone-unset-2\"><img loading=\"lazy\" decoding=\"async\" width=\"46\" height=\"33\" src=\"https:\/\/copernicus.gis.is\/homepage\/wp-content\/uploads\/2024\/08\/ISL.png\" alt=\"\" class=\"wp-image-377\"\/><\/figure>\n\n\n\n<p>Til hamingju! ? \u00de\u00fa fannst loftslags\u00fej\u00f3nustu Copernicus (C3S)!&nbsp;<\/p>\n\n\n\n<p>Leynistafurinn sem \u00fe\u00fa leitar a\u00f0 er: <strong>N<\/strong>\u00a0<\/p>\n\n\n\n<figure class=\"wp-block-image size-full wp-duotone-unset-3\"><img loading=\"lazy\" decoding=\"async\" width=\"1024\" height=\"1024\" src=\"https:\/\/copernicus.gis.is\/homepage\/wp-content\/uploads\/2024\/09\/N.png\" alt=\"\" class=\"wp-image-686\" srcset=\"https:\/\/copernicus.gis.is\/homepage\/wp-content\/uploads\/2024\/09\/N.png 1024w, https:\/\/copernicus.gis.is\/homepage\/wp-content\/uploads\/2024\/09\/N-300x300.png 300w, https:\/\/copernicus.gis.is\/homepage\/wp-content\/uploads\/2024\/09\/N-150x150.png 150w, https:\/\/copernicus.gis.is\/homepage\/wp-content\/uploads\/2024\/09\/N-768x768.png 768w\" sizes=\"auto, (max-width: 1024px) 100vw, 1024px\" \/><figcaption class=\"wp-element-caption\">Credit: Dall-E ChatGPT<\/figcaption><\/figure>\n\n\n\n<p>Safna\u00f0u \u00f6llum st\u00f6funum til a\u00f0 mynda or\u00f0 og nota\u00f0u or\u00f0i\u00f0 til a\u00f0 f\u00e1 ver\u00f0laun \u00e1 s\u00fdningarb\u00e1s N\u00e1tt\u00farufr\u00e6\u00f0istofnunar.&nbsp;<\/p>\n\n\n\n<p>H\u00e9r eru nokkrar skemmtilegar sta\u00f0reyndir um loftslags\u00fej\u00f3nustu Copernicus (C3S):&nbsp;<\/p>\n\n\n\n<p>C3S-\u00fej\u00f3nustan hj\u00e1lpar v\u00edsindam\u00f6nnum a\u00f0 skilja hvernig loftslag jar\u00f0ar er a\u00f0 breytast. Me\u00f0 \u00fev\u00ed a\u00f0 rannsaka hluti eins og hitastig, \u00farkomu og sj\u00e1varm\u00e1l getur C3S hj\u00e1lpa\u00f0 til vi\u00f0 a\u00f0 sp\u00e1 fyrir um hvernig loftslagi\u00f0 ver\u00f0ur \u00ed framt\u00ed\u00f0inni.&nbsp;<\/p>\n\n\n\n<p>\u00c1 \u00cdslandi valda loftslagsbreytingar \u00fev\u00ed a\u00f0 j\u00f6klar br\u00e1\u00f0na og minnka me\u00f0 hverju \u00e1ri sem l\u00ed\u00f0ur. \u00dea\u00f0 \u00fe\u00fd\u00f0ir minni \u00eds en \u00ed sta\u00f0inn er meira vatn \u00ed \u00e1m og sj\u00f3. Ve\u00f0urfar er l\u00edka a\u00f0 breytast, me\u00f0 hl\u00fdrri vetrum og meiri rigningu. Sum d\u00fdr, eins og fiskar og fuglar, ver\u00f0a fyrir \u00e1hrifum vegna ve\u00f0urfarsbreytinganna.&nbsp;<\/p>\n\n\n\n<p>Eitt besta gervitungli\u00f0 til a\u00f0 rannsaka loftslagsbreytingar er Sentinel-3. \u00dea\u00f0 fylgist me\u00f0 h\u00f6funum og hitastigi \u00feeirra, auk \u00feess a\u00f0 m\u00e6la h\u00e6\u00f0 sj\u00e1varm\u00e1ls. \u00deetta hj\u00e1lpar v\u00edsindam\u00f6nnum a\u00f0 sj\u00e1 hvernig pl\u00e1netan okkar er a\u00f0 hitna og hvernig \u00fea\u00f0 hefur \u00e1hrif \u00e1 n\u00e1tt\u00faruna og f\u00f3lk um allan heim.\u00a0<\/p>\n\n\n\n<figure class=\"wp-block-image size-large wp-duotone-unset-4\"><img loading=\"lazy\" decoding=\"async\" width=\"1024\" height=\"576\" src=\"https:\/\/copernicus.gis.is\/homepage\/wp-content\/uploads\/2024\/09\/Copernicus_Sentinel-3_pillars-1024x576.jpg\" alt=\"\" class=\"wp-image-406\" srcset=\"https:\/\/copernicus.gis.is\/homepage\/wp-content\/uploads\/2024\/09\/Copernicus_Sentinel-3_pillars-1024x576.jpg 1024w, https:\/\/copernicus.gis.is\/homepage\/wp-content\/uploads\/2024\/09\/Copernicus_Sentinel-3_pillars-300x169.jpg 300w, https:\/\/copernicus.gis.is\/homepage\/wp-content\/uploads\/2024\/09\/Copernicus_Sentinel-3_pillars-768x432.jpg 768w, https:\/\/copernicus.gis.is\/homepage\/wp-content\/uploads\/2024\/09\/Copernicus_Sentinel-3_pillars-1536x864.jpg 1536w, https:\/\/copernicus.gis.is\/homepage\/wp-content\/uploads\/2024\/09\/Copernicus_Sentinel-3_pillars.jpg 1920w\" sizes=\"auto, (max-width: 1024px) 100vw, 1024px\" \/><figcaption class=\"wp-element-caption\">Sentinel 3 &#8211; Credit: ESA\/ATG medialab \u00a9ESA<\/figcaption><\/figure>\n\n\n\n<p>C3S-\u00fej\u00f3nustan b\u00fd\u00f0ur einnig upp \u00e1 sni\u00f0ug verkf\u00e6ri eins og kort sem s\u00fdna hvernig hitastig hefur breyst me\u00f0 t\u00edmanum e\u00f0a \u00farkomukort sem s\u00fdna hversu mikil \u00farkoma fellur \u00e1 hverju \u00e1ri. G\u00f6gnin n\u00fdtast okkur vel vi\u00f0 a\u00f0 l\u00e6ra um hl\u00fdnun jar\u00f0ar og hva\u00f0 \u00e1 s\u00e9r sta\u00f0 \u00feegar j\u00f6r\u00f0in hitnar vegna of mikillar mengunar \u00ed lofti. V\u00edsindamenn nota uppl\u00fdsingarnar til a\u00f0 stu\u00f0la a\u00f0 verndun jar\u00f0ar og til a\u00f0 tryggja a\u00f0 h\u00fan s\u00e9 \u00f6rugg fyrir alla!&nbsp;<\/p>\n\n\n\n<p>Me\u00f0 <strong>C3S<\/strong> (<strong>C<\/strong>opernicus <strong>C<\/strong>limate <strong>C<\/strong>hange <strong>S<\/strong>ervice) getur\u00f0u kanna\u00f0 hvernig loftslagsbreytingar virka og hvernig vi\u00f0 getum \u00f6ll hj\u00e1lpa\u00f0 til vi\u00f0 a\u00f0 gera j\u00f6r\u00f0ina a\u00f0 betri sta\u00f0 til a\u00f0 b\u00faa \u00e1. Haltu \u00e1fram a\u00f0 l\u00e6ra og uppg\u00f6tva\u00f0u hvernig Copernicus vinnur a\u00f0 \u00fev\u00ed a\u00f0 berjast gegn loftslagsbreytingum!\u00a0<\/p>\n\n\n\n<p>N\u00e1nari uppl\u00fdsingar h\u00e9r: <a href=\"https:\/\/climate.copernicus.eu\/\">https:\/\/climate.copernicus.eu\/<\/a><\/p>\n\n\n\n<div class=\"wp-block-group is-layout-constrained wp-block-group-is-layout-constrained\">\n<iframe loading=\"lazy\" src=\"https:\/\/pulse.climate.copernicus.eu\/\" width=\"100%\" height=\"800\" frameborder=\"0\"><\/iframe>\n<\/div>\n\n\n\n<div style=\"height:55px\" aria-hidden=\"true\" class=\"wp-block-spacer\"><\/div>\n\n\n\n<figure class=\"wp-block-image size-full wp-duotone-unset-5\"><img loading=\"lazy\" decoding=\"async\" width=\"46\" height=\"33\" src=\"https:\/\/copernicus.gis.is\/homepage\/wp-content\/uploads\/2024\/08\/EN.png\" alt=\"\" class=\"wp-image-378\"\/><\/figure>\n\n\n\n<hr class=\"wp-block-separator has-alpha-channel-opacity is-style-wide\"\/>\n\n\n\n<p><strong>Congratulations!<\/strong> ? You\u2019ve found the Copernicus Climate Change Service (C3S)! <\/p>\n\n\n\n<p>The secret letter you are looking for is: <strong>N<\/strong><\/p>\n\n\n\n<figure class=\"wp-block-image size-full wp-duotone-unset-6\"><img loading=\"lazy\" decoding=\"async\" width=\"1024\" height=\"1024\" src=\"https:\/\/copernicus.gis.is\/homepage\/wp-content\/uploads\/2024\/09\/N.png\" alt=\"\" class=\"wp-image-686\" srcset=\"https:\/\/copernicus.gis.is\/homepage\/wp-content\/uploads\/2024\/09\/N.png 1024w, https:\/\/copernicus.gis.is\/homepage\/wp-content\/uploads\/2024\/09\/N-300x300.png 300w, https:\/\/copernicus.gis.is\/homepage\/wp-content\/uploads\/2024\/09\/N-150x150.png 150w, https:\/\/copernicus.gis.is\/homepage\/wp-content\/uploads\/2024\/09\/N-768x768.png 768w\" sizes=\"auto, (max-width: 1024px) 100vw, 1024px\" \/><figcaption class=\"wp-element-caption\">Credit: Dall-E ChatGPT<\/figcaption><\/figure>\n\n\n\n<p>Collect all the letters to form a word and use the word to get your reward at the booth from N\u00e1tt\u00farufr\u00e6\u00f0istofnun.<\/p>\n\n\n\n<hr class=\"wp-block-separator has-alpha-channel-opacity is-style-wide\"\/>\n\n\n\n<p>Here some cool things about the <span style=\"font-size: revert; background-color: var(--wp--preset--color--black); color: var(--wp--preset--color--foreground); font-family: var(--wp--preset--font-family--inter);\">Copernicus Climate Change Service (C3S)<\/span>:<\/p>\n\n\n\n<p>C3S helps scientists understand how the Earth\u2019s climate is changing. By studying things like temperature, rainfall, and sea levels, C3S can help predict what the climate will be like in the future.<\/p>\n\n\n\n<p>In Iceland, <strong>climate change<\/strong> is causing <strong>glaciers to melt<\/strong>, making them smaller every year. This means less ice and more water in rivers and oceans. The weather is changing too, with warmer winters and more rain. Some animals, like fish and birds, are also affected by these changes.<\/p>\n\n\n\n<p>One of the best satellites to study climate change is <strong>Sentinel-3<\/strong>. It watches the oceans, measures how high the sea level is, and tracks how warm the water is. This helps scientists see how our planet is warming up and how it\u2019s affecting nature and people everywhere.<\/p>\n\n\n\n<figure class=\"wp-block-image size-large wp-duotone-unset-7\"><img loading=\"lazy\" decoding=\"async\" width=\"1024\" height=\"576\" src=\"https:\/\/copernicus.gis.is\/homepage\/wp-content\/uploads\/2024\/09\/Copernicus_Sentinel-3_pillars-1024x576.jpg\" alt=\"\" class=\"wp-image-406\" srcset=\"https:\/\/copernicus.gis.is\/homepage\/wp-content\/uploads\/2024\/09\/Copernicus_Sentinel-3_pillars-1024x576.jpg 1024w, https:\/\/copernicus.gis.is\/homepage\/wp-content\/uploads\/2024\/09\/Copernicus_Sentinel-3_pillars-300x169.jpg 300w, https:\/\/copernicus.gis.is\/homepage\/wp-content\/uploads\/2024\/09\/Copernicus_Sentinel-3_pillars-768x432.jpg 768w, https:\/\/copernicus.gis.is\/homepage\/wp-content\/uploads\/2024\/09\/Copernicus_Sentinel-3_pillars-1536x864.jpg 1536w, https:\/\/copernicus.gis.is\/homepage\/wp-content\/uploads\/2024\/09\/Copernicus_Sentinel-3_pillars.jpg 1920w\" sizes=\"auto, (max-width: 1024px) 100vw, 1024px\" \/><figcaption class=\"wp-element-caption\">Sentinel 3 &#8211; Credit: ESA\/ATG medialab \u00a9ESA<\/figcaption><\/figure>\n\n\n\n<p>C3S also provides cool tools, like maps that show how much the temperature has changed over time or how much rain falls each year. These tools help us learn about <strong>global warming<\/strong>\u2014when the Earth gets warmer because of too much pollution in the air. Scientists use this information to help protect the planet and make sure it\u2019s safe for everyone!<\/p>\n\n\n\n<p>With C3S, you can explore how climate change works and how we can all help make the Earth a better place to live. Keep learning and discover how Copernicus is working to fight climate change!<\/p>\n\n\n\n<p>Find out more here: <a href=\"https:\/\/climate.copernicus.eu\/\">https:\/\/climate.copernicus.eu\/<\/a><\/p>\n","protected":false},"excerpt":{"rendered":"<p>English below Til hamingju! ? \u00de\u00fa fannst loftslags\u00fej\u00f3nustu Copernicus (C3S)!&nbsp; Leynistafurinn sem \u00fe\u00fa leitar a\u00f0 er: N\u00a0 Safna\u00f0u \u00f6llum st\u00f6funum til a\u00f0 mynda or\u00f0 og nota\u00f0u or\u00f0i\u00f0 til a\u00f0 f\u00e1 ver\u00f0laun \u00e1 s\u00fdningarb\u00e1s N\u00e1tt\u00farufr\u00e6\u00f0istofnunar.&nbsp; H\u00e9r eru nokkrar skemmtilegar sta\u00f0reyndir um loftslags\u00fej\u00f3nustu Copernicus (C3S):&nbsp; C3S-\u00fej\u00f3nustan hj\u00e1lpar v\u00edsindam\u00f6nnum a\u00f0 skilja hvernig loftslag jar\u00f0ar er a\u00f0 breytast. Me\u00f0 [&hellip;]<\/p>\n","protected":false},"author":2,"featured_media":0,"parent":517,"menu_order":0,"comment_status":"closed","ping_status":"closed","template":"wp-custom-template-qr-code-page","meta":{"footnotes":""},"class_list":["post-540","page","type-page","status-publish","hentry"],"_links":{"self":[{"href":"https:\/\/copernicus.gis.is\/homepage\/index.php\/wp-json\/wp\/v2\/pages\/540","targetHints":{"allow":["GET"]}}],"collection":[{"href":"https:\/\/copernicus.gis.is\/homepage\/index.php\/wp-json\/wp\/v2\/pages"}],"about":[{"href":"https:\/\/copernicus.gis.is\/homepage\/index.php\/wp-json\/wp\/v2\/types\/page"}],"author":[{"embeddable":true,"href":"https:\/\/copernicus.gis.is\/homepage\/index.php\/wp-json\/wp\/v2\/users\/2"}],"replies":[{"embeddable":true,"href":"https:\/\/copernicus.gis.is\/homepage\/index.php\/wp-json\/wp\/v2\/comments?post=540"}],"version-history":[{"count":8,"href":"https:\/\/copernicus.gis.is\/homepage\/index.php\/wp-json\/wp\/v2\/pages\/540\/revisions"}],"predecessor-version":[{"id":741,"href":"https:\/\/copernicus.gis.is\/homepage\/index.php\/wp-json\/wp\/v2\/pages\/540\/revisions\/741"}],"up":[{"embeddable":true,"href":"https:\/\/copernicus.gis.is\/homepage\/index.php\/wp-json\/wp\/v2\/pages\/517"}],"wp:attachment":[{"href":"https:\/\/copernicus.gis.is\/homepage\/index.php\/wp-json\/wp\/v2\/media?parent=540"}],"curies":[{"name":"wp","href":"https:\/\/api.w.org\/{rel}","templated":true}]}}