{"id":544,"date":"2024-09-13T11:05:14","date_gmt":"2024-09-13T11:05:14","guid":{"rendered":"https:\/\/copernicus.gis.is\/homepage\/?page_id=544"},"modified":"2025-08-07T12:31:40","modified_gmt":"2025-08-07T12:31:40","slug":"f3rgf4g","status":"publish","type":"page","link":"https:\/\/copernicus.gis.is\/homepage\/index.php\/qr0\/f3rgf4g\/","title":{"rendered":"QR6 &#8211; CSS"},"content":{"rendered":"\n<figure class=\"wp-block-image size-full wp-duotone-unset-1\"><img loading=\"lazy\" decoding=\"async\" width=\"768\" height=\"432\" src=\"https:\/\/copernicus.gis.is\/homepage\/wp-content\/uploads\/2024\/09\/CSS-logo-text.png\" alt=\"\" class=\"wp-image-631\" srcset=\"https:\/\/copernicus.gis.is\/homepage\/wp-content\/uploads\/2024\/09\/CSS-logo-text.png 768w, https:\/\/copernicus.gis.is\/homepage\/wp-content\/uploads\/2024\/09\/CSS-logo-text-300x169.png 300w\" sizes=\"auto, (max-width: 768px) 100vw, 768px\" \/><\/figure>\n\n\n\n<p><img loading=\"lazy\" decoding=\"async\" width=\"46\" height=\"33\" class=\"wp-image-378\" style=\"width: 46px;\" src=\"https:\/\/copernicus.gis.is\/homepage\/wp-content\/uploads\/2024\/08\/EN.png\" alt=\"\"> English below<\/p>\n\n\n\n<figure class=\"wp-block-image size-full wp-duotone-unset-2\"><img loading=\"lazy\" decoding=\"async\" width=\"46\" height=\"33\" src=\"https:\/\/copernicus.gis.is\/homepage\/wp-content\/uploads\/2024\/08\/ISL.png\" alt=\"\" class=\"wp-image-377\"\/><\/figure>\n\n\n\n<p>Til hamingju! ? \u00de\u00fa fannst \u00f6ryggis\u00fej\u00f3nustu Copernicus (CSS)!<\/p>\n\n\n\n<p>Leynistafirnir sem \u00fe\u00fa eitar a\u00f0 eru: <strong>I\u00d0<\/strong><\/p>\n\n\n\n<figure class=\"wp-block-image size-full wp-duotone-unset-3\"><img loading=\"lazy\" decoding=\"async\" width=\"1024\" height=\"1024\" src=\"https:\/\/copernicus.gis.is\/homepage\/wp-content\/uploads\/2024\/09\/ID.png\" alt=\"\" class=\"wp-image-699\" srcset=\"https:\/\/copernicus.gis.is\/homepage\/wp-content\/uploads\/2024\/09\/ID.png 1024w, https:\/\/copernicus.gis.is\/homepage\/wp-content\/uploads\/2024\/09\/ID-300x300.png 300w, https:\/\/copernicus.gis.is\/homepage\/wp-content\/uploads\/2024\/09\/ID-150x150.png 150w, https:\/\/copernicus.gis.is\/homepage\/wp-content\/uploads\/2024\/09\/ID-768x768.png 768w\" sizes=\"auto, (max-width: 1024px) 100vw, 1024px\" \/><figcaption class=\"wp-element-caption\">Credit: Dall-E ChatGPT<\/figcaption><\/figure>\n\n\n\n<p>Safna\u00f0u \u00f6llum st\u00f6funum til a\u00f0 mynda or\u00f0 og nota\u00f0u or\u00f0i\u00f0 til a\u00f0 f\u00e1 ver\u00f0laun \u00e1 s\u00fdningarb\u00e1s N\u00e1tt\u00farufr\u00e6\u00f0istofnunar.<\/p>\n\n\n\n<p>H\u00e9r eru nokkrar \u00e1hugaver\u00f0ar sta\u00f0reyndir um \u00f6ryggis\u00fej\u00f3nustu Copernicus (CSS):<\/p>\n\n\n\n<p>\u00d6ryggis\u00fej\u00f3nusta Copernicus hj\u00e1lpar til vi\u00f0 a\u00f0 halda Evr\u00f3pu \u00f6ruggri me\u00f0 \u00fev\u00ed a\u00f0 nota gervitungl til a\u00f0 vakta mikilv\u00e6ga sta\u00f0i og vi\u00f0bur\u00f0i. H\u00fan kemur a\u00f0allega a\u00f0 gagni \u00e1 \u00feremur svi\u00f0um: vi\u00f0 landam\u00e6raeftirlit, eftirlit \u00e1 hafi og sem stu\u00f0ningur vi\u00f0 \u00f6ryggis- og varnara\u00f0ger\u00f0ir ESB (SESA).<\/p>\n\n\n\n<p>\u00cd landam\u00e6raeftirliti a\u00f0sto\u00f0ar Copernicus vi\u00f0 a\u00f0 vernda f\u00f3lk me\u00f0 \u00fev\u00ed a\u00f0 fylgjast me\u00f0 landam\u00e6rum \u00e1 landi og hafi. \u00dej\u00f3nustan dregur \u00far h\u00e6ttunni \u00e1 a\u00f0 f\u00f3lk mei\u00f0ist e\u00f0a villist \u00feegar \u00fea\u00f0 reynir a\u00f0 komast yfir landam\u00e6ri og heldur uppi eftirliti me\u00f0 gl\u00e6pum sem eiga s\u00e9r sta\u00f0 yfir landam\u00e6ri.<\/p>\n\n\n\n<p>\u00cd eftirliti \u00e1 hafi fylgjast gervitungl me\u00f0 skipum og b\u00e1tum \u00e1 hafi. \u00deetta hj\u00e1lpar til vi\u00f0 a\u00f0 halda sj\u00f3m\u00f6nnum \u00f6ruggum, verndar l\u00edfr\u00edki, kemur \u00ed veg fyrir mengun og tryggir a\u00f0 l\u00f6gum s\u00e9 fylgt \u00e1 hafi.<\/p>\n\n\n\n<figure class=\"wp-block-image size-large is-style-default wp-duotone-unset-4\"><img decoding=\"async\" src=\"https:\/\/emsa.europa.eu\/images\/infographics\/CMS-Service-Maritime-Safety-and-Security.jpg\" alt=\"\"\/><\/figure>\n\n\n\n<p>Auk \u00feess koma \u00f6ryggis- og varnara\u00f0ger\u00f0ir SESA &nbsp;a\u00f0 gagni vi\u00f0 verndun menningarminja, umhverfisreglur, loftslags\u00f6ryggi og al\u00fej\u00f3\u00f0avi\u00f0skipti. Til d\u00e6mis getur SESA s\u00e9\u00f0 hvort gamlar byggingar s\u00e9u \u00ed h\u00e6ttu, gengi\u00f0 \u00far skugga um a\u00f0 sk\u00f3gar s\u00e9u ekki ey\u00f0ilag\u00f0ir og fylgst me\u00f0 breytingum \u00e1 loftslagi til a\u00f0 vernda j\u00f6r\u00f0ina.<\/p>\n\n\n\n<p>Copernicus notar n\u00fdja t\u00e6kni til a\u00f0 b\u00e6ta v\u00f6ktunara\u00f0fer\u00f0ir og \u00fej\u00f3nustu. Samvinna gervitungla og s\u00e9rfr\u00e6\u00f0inga hj\u00e1lpar til vi\u00f0 a\u00f0 halda Evr\u00f3pu, f\u00f3lkinu sem \u00fear b\u00fdr og n\u00e1tt\u00farunni \u00f6ruggum gegn \u00f3gnum og yfirvofandi h\u00e6ttu, b\u00e6\u00f0i \u00e1 landi og hafi!<\/p>\n\n\n\n<p>Rannsaka\u00f0u meira og l\u00e6r\u00f0u hvernig Copernicus hj\u00e1lpar til vi\u00f0 a\u00f0 halda heiminum \u00f6ruggum!<\/p>\n\n\n\n<p>N\u00e1nari uppl\u00fdsingar: <a href=\"https:\/\/www.emsa.europa.eu\/copernicus.html\">https:\/\/www.emsa.europa.eu\/copernicus.html<\/a> og <a href=\"https:\/\/sesa.security.copernicus.eu\/\">https:\/\/sesa.security.copernicus.eu\/<\/a><\/p>\n\n\n\n<div style=\"height:55px\" aria-hidden=\"true\" class=\"wp-block-spacer\"><\/div>\n\n\n\n<figure class=\"wp-block-image size-full wp-duotone-unset-5\"><img loading=\"lazy\" decoding=\"async\" width=\"46\" height=\"33\" src=\"https:\/\/copernicus.gis.is\/homepage\/wp-content\/uploads\/2024\/08\/EN.png\" alt=\"\" class=\"wp-image-378\"\/><\/figure>\n\n\n\n<hr class=\"wp-block-separator has-alpha-channel-opacity is-style-wide\"\/>\n\n\n\n<figure class=\"wp-block-image size-full is-resized wp-duotone-unset-6\"><img loading=\"lazy\" decoding=\"async\" width=\"768\" height=\"432\" src=\"https:\/\/copernicus.gis.is\/homepage\/wp-content\/uploads\/2024\/09\/CSS-logo-text.png\" alt=\"\" class=\"wp-image-631\" style=\"width:650px;height:auto\" srcset=\"https:\/\/copernicus.gis.is\/homepage\/wp-content\/uploads\/2024\/09\/CSS-logo-text.png 768w, https:\/\/copernicus.gis.is\/homepage\/wp-content\/uploads\/2024\/09\/CSS-logo-text-300x169.png 300w\" sizes=\"auto, (max-width: 768px) 100vw, 768px\" \/><\/figure>\n\n\n\n<p><strong style=\"font-size: revert; background-color: var(--wp--preset--color--black); color: var(--wp--preset--color--foreground); font-family: var(--wp--preset--font-family--inter);\">Congratulations!<\/strong><span style=\"font-size: revert; background-color: var(--wp--preset--color--black); color: var(--wp--preset--color--foreground); font-family: var(--wp--preset--font-family--inter);\"> ? You\u2019ve found the Copernicus Security Service (CSS)!<\/span><\/p>\n\n\n\n<p>The secret letters you are looking for is: <strong>I\u00d0<\/strong><\/p>\n\n\n\n<figure class=\"wp-block-image size-full wp-duotone-unset-7\"><img loading=\"lazy\" decoding=\"async\" width=\"1024\" height=\"1024\" src=\"https:\/\/copernicus.gis.is\/homepage\/wp-content\/uploads\/2024\/09\/ID.png\" alt=\"\" class=\"wp-image-699\" srcset=\"https:\/\/copernicus.gis.is\/homepage\/wp-content\/uploads\/2024\/09\/ID.png 1024w, https:\/\/copernicus.gis.is\/homepage\/wp-content\/uploads\/2024\/09\/ID-300x300.png 300w, https:\/\/copernicus.gis.is\/homepage\/wp-content\/uploads\/2024\/09\/ID-150x150.png 150w, https:\/\/copernicus.gis.is\/homepage\/wp-content\/uploads\/2024\/09\/ID-768x768.png 768w\" sizes=\"auto, (max-width: 1024px) 100vw, 1024px\" \/><figcaption class=\"wp-element-caption\">Credit: Dall-E ChatGPT<\/figcaption><\/figure>\n\n\n\n<p>Collect all the letters to form a word and use the word to get your reward at the booth from N\u00e1tt\u00farufr\u00e6\u00f0istofnun.<\/p>\n\n\n\n<hr class=\"wp-block-separator has-alpha-channel-opacity is-style-wide\"\/>\n\n\n\n<p>Here some cool things about the <span style=\"font-size: revert; background-color: var(--wp--preset--color--black); color: var(--wp--preset--color--foreground); font-family: var(--wp--preset--font-family--inter);\">Copernicus Security Service (CSS)<\/span>:<\/p>\n\n\n\n<p>The Copernicus Security Service helps keep Europe safe by using satellites to watch over important places and events. It helps in three main areas: <strong>border surveillance<\/strong>, <strong>maritime surveillance<\/strong>, and <strong>support to EU External and Security Actions (SESA)<\/strong>.<\/p>\n\n\n\n<p>In <strong>border surveillance<\/strong>, Copernicus helps protect people by watching land and sea borders. It helps reduce the number of people getting hurt or lost when trying to cross borders, and it keeps an eye on cross-border crime.<\/p>\n\n\n\n<p>In <strong>maritime surveillance<\/strong>, satellites check ships and boats on the ocean. This helps keep sailors safe, protects fish, stops pollution, and makes sure laws are followed at sea.<\/p>\n\n\n\n<figure class=\"wp-block-image size-large is-style-default wp-duotone-unset-8\"><img decoding=\"async\" src=\"https:\/\/emsa.europa.eu\/images\/infographics\/CMS-Service-Maritime-Safety-and-Security.jpg\" alt=\"\"\/><\/figure>\n\n\n\n<p>Also, <strong>SESA<\/strong> helps the EU manage problems like <strong>Cultural Heritage<\/strong> protection, <strong>Environmental Compliance<\/strong>, <strong>Climate Security<\/strong>, and also <strong>International Trade<\/strong>. For example, SESA can see if ancient buildings are safe, check that forests are not being harmed, and track changes in climate to protect the planet.<\/p>\n\n\n\n<p>Copernicus also uses new technology to improve how it watches and helps. By working together, satellites and experts help keep Europe, its people, and even nature safe and secure from threats and dangers, both on land and at sea!<\/p>\n\n\n\n<p>Explore more to learn how Copernicus is helping the world stay secure!<\/p>\n\n\n\n<p>Find out more: <a href=\"https:\/\/www.emsa.europa.eu\/copernicus.html\">https:\/\/www.emsa.europa.eu\/copernicus.html<\/a> and <a href=\"https:\/\/sesa.security.copernicus.eu\/\">https:\/\/sesa.security.copernicus.eu\/<\/a><\/p>\n","protected":false},"excerpt":{"rendered":"<p>English below Til hamingju! ? \u00de\u00fa fannst \u00f6ryggis\u00fej\u00f3nustu Copernicus (CSS)! Leynistafirnir sem \u00fe\u00fa eitar a\u00f0 eru: I\u00d0 Safna\u00f0u \u00f6llum st\u00f6funum til a\u00f0 mynda or\u00f0 og nota\u00f0u or\u00f0i\u00f0 til a\u00f0 f\u00e1 ver\u00f0laun \u00e1 s\u00fdningarb\u00e1s N\u00e1tt\u00farufr\u00e6\u00f0istofnunar. H\u00e9r eru nokkrar \u00e1hugaver\u00f0ar sta\u00f0reyndir um \u00f6ryggis\u00fej\u00f3nustu Copernicus (CSS): \u00d6ryggis\u00fej\u00f3nusta Copernicus hj\u00e1lpar til vi\u00f0 a\u00f0 halda Evr\u00f3pu \u00f6ruggri me\u00f0 \u00fev\u00ed a\u00f0 [&hellip;]<\/p>\n","protected":false},"author":2,"featured_media":0,"parent":517,"menu_order":0,"comment_status":"closed","ping_status":"closed","template":"wp-custom-template-qr-code-page","meta":{"footnotes":""},"class_list":["post-544","page","type-page","status-publish","hentry"],"_links":{"self":[{"href":"https:\/\/copernicus.gis.is\/homepage\/index.php\/wp-json\/wp\/v2\/pages\/544","targetHints":{"allow":["GET"]}}],"collection":[{"href":"https:\/\/copernicus.gis.is\/homepage\/index.php\/wp-json\/wp\/v2\/pages"}],"about":[{"href":"https:\/\/copernicus.gis.is\/homepage\/index.php\/wp-json\/wp\/v2\/types\/page"}],"author":[{"embeddable":true,"href":"https:\/\/copernicus.gis.is\/homepage\/index.php\/wp-json\/wp\/v2\/users\/2"}],"replies":[{"embeddable":true,"href":"https:\/\/copernicus.gis.is\/homepage\/index.php\/wp-json\/wp\/v2\/comments?post=544"}],"version-history":[{"count":8,"href":"https:\/\/copernicus.gis.is\/homepage\/index.php\/wp-json\/wp\/v2\/pages\/544\/revisions"}],"predecessor-version":[{"id":746,"href":"https:\/\/copernicus.gis.is\/homepage\/index.php\/wp-json\/wp\/v2\/pages\/544\/revisions\/746"}],"up":[{"embeddable":true,"href":"https:\/\/copernicus.gis.is\/homepage\/index.php\/wp-json\/wp\/v2\/pages\/517"}],"wp:attachment":[{"href":"https:\/\/copernicus.gis.is\/homepage\/index.php\/wp-json\/wp\/v2\/media?parent=544"}],"curies":[{"name":"wp","href":"https:\/\/api.w.org\/{rel}","templated":true}]}}